{"id":16569,"date":"2026-02-27T00:31:08","date_gmt":"2026-02-27T00:31:08","guid":{"rendered":"https:\/\/nordicmart.andreevmaster.com\/product\/vasagle-skrivbord-i-l-form-med-2-hyllor-svart-med-tramonster\/"},"modified":"2026-02-27T08:21:32","modified_gmt":"2026-02-27T08:21:32","slug":"vasagle-skrivbord-i-l-form-med-2-hyllor-svart-med-tramonster","status":"publish","type":"product","link":"https:\/\/nordicmart.andreevmaster.com\/sv\/produkt\/vasagle-skrivbord-i-l-form-med-2-hyllor-svart-med-tramonster\/","title":{"rendered":"VASAGLE skrivbord i L-form med 2 hyllor, svart med tr\u00e4m\u00f6nster"},"content":{"rendered":"<p>VASAGLE skrivbord, L-format datorskrivbord, h\u00f6rnskrivbord med 2 hyllor, platsbesparande kontorsbord i industriell design, gaming, enkel montering, vintagebrunt-svart LWD72X<br \/>\nF\u00e4rg: Svart med tr\u00e4m\u00f6nster<br \/>\nMaterial: sp\u00e5nskiva, st\u00e5l<br \/>\nStorlek: 138 x 138 x 76 cm (D x B x H)<br \/>\nVikt: 23,8 kg<br \/>\nMax. statisk belastningskapacitet f\u00f6r bordsskivan: 50 kg<br \/>\nMax. statisk belastningskapacitet per hylla under bordsskivan: 10 kg<\/p>\n","protected":false},"excerpt":{"rendered":"<p>VASAGLE skrivbord, L-format datorskrivbord, h\u00f6rnskrivbord med 2 hyllor, platsbesparande kontorsbord i industriell design, gaming, enkel montering, vintagebrunt-svart LWD72X<\/p>\n","protected":false},"featured_media":44250,"comment_status":"open","ping_status":"closed","template":"","meta":[],"product_brand":[],"product_cat":[33],"product_tag":[],"class_list":{"0":"post-16569","1":"product","2":"type-product","3":"status-publish","4":"has-post-thumbnail","6":"product_cat-okategoriserad","8":"first","9":"instock","10":"shipping-taxable","11":"purchasable","12":"product-type-simple"},"_links":{"self":[{"href":"https:\/\/nordicmart.andreevmaster.com\/sv\/wp-json\/wp\/v2\/product\/16569","targetHints":{"allow":["GET"]}}],"collection":[{"href":"https:\/\/nordicmart.andreevmaster.com\/sv\/wp-json\/wp\/v2\/product"}],"about":[{"href":"https:\/\/nordicmart.andreevmaster.com\/sv\/wp-json\/wp\/v2\/types\/product"}],"replies":[{"embeddable":true,"href":"https:\/\/nordicmart.andreevmaster.com\/sv\/wp-json\/wp\/v2\/comments?post=16569"}],"wp:featuredmedia":[{"embeddable":true,"href":"https:\/\/nordicmart.andreevmaster.com\/sv\/wp-json\/wp\/v2\/media\/44250"}],"wp:attachment":[{"href":"https:\/\/nordicmart.andreevmaster.com\/sv\/wp-json\/wp\/v2\/media?parent=16569"}],"wp:term":[{"taxonomy":"product_brand","embeddable":true,"href":"https:\/\/nordicmart.andreevmaster.com\/sv\/wp-json\/wp\/v2\/product_brand?post=16569"},{"taxonomy":"product_cat","embeddable":true,"href":"https:\/\/nordicmart.andreevmaster.com\/sv\/wp-json\/wp\/v2\/product_cat?post=16569"},{"taxonomy":"product_tag","embeddable":true,"href":"https:\/\/nordicmart.andreevmaster.com\/sv\/wp-json\/wp\/v2\/product_tag?post=16569"}],"curies":[{"name":"wp","href":"https:\/\/api.w.org\/{rel}","templated":true}]}}