{"id":16567,"date":"2026-02-27T00:31:08","date_gmt":"2026-02-27T00:31:08","guid":{"rendered":"https:\/\/nordicmart.andreevmaster.com\/product\/vasagle-skrivbord-118-x-60-cm-med-galler\/"},"modified":"2026-02-27T08:21:31","modified_gmt":"2026-02-27T08:21:31","slug":"vasagle-skrivbord-118-x-60-cm-med-galler","status":"publish","type":"product","link":"https:\/\/nordicmart.andreevmaster.com\/sv\/produkt\/vasagle-skrivbord-118-x-60-cm-med-galler\/","title":{"rendered":"VASAGLE skrivbord 118 x 60 cm med galler"},"content":{"rendered":"<p>Produktdetaljer: &#8211; F\u00e4rg: Vintagebrun-svart &#8211; Material: Sp\u00e5nskiva, st\u00e5l, Oxford-tyg &#8211; Storlek: 118 x 60 x 75\/120 cm (L x B x H) &#8211; Vikt: 18,4 kg &#8211; Max. statisk belastningskapacitet: 50 kg Leveransomfattning:- 1 x datorbord &#8211; 1 x tillbeh\u00f6rspaket &#8211; 6 x kl\u00e4mma &#8211; 1 x bruksanvisning (DE, EN, FR, ES, IT) VASAGLE Anm\u00e4rkningar: &#8211; Av s\u00e4kerhetssk\u00e4l \u00e4r det f\u00f6rbjudet f\u00f6r barn att kl\u00e4ttra p\u00e5 eller leka med produkten.<\/p>\n","protected":false},"excerpt":{"rendered":"<p>VASAGLE datorbord, skrivbord, med galler och f\u00f6rvaringsfack i tyg, st\u00e5lram, 118 cm l\u00e5ngt, industriell design, vintagebrun-svart LWD068B01<\/p>\n","protected":false},"featured_media":44248,"comment_status":"open","ping_status":"closed","template":"","meta":[],"product_brand":[],"product_cat":[33],"product_tag":[],"class_list":{"0":"post-16567","1":"product","2":"type-product","3":"status-publish","4":"has-post-thumbnail","6":"product_cat-okategoriserad","8":"first","9":"instock","10":"shipping-taxable","11":"purchasable","12":"product-type-simple"},"_links":{"self":[{"href":"https:\/\/nordicmart.andreevmaster.com\/sv\/wp-json\/wp\/v2\/product\/16567","targetHints":{"allow":["GET"]}}],"collection":[{"href":"https:\/\/nordicmart.andreevmaster.com\/sv\/wp-json\/wp\/v2\/product"}],"about":[{"href":"https:\/\/nordicmart.andreevmaster.com\/sv\/wp-json\/wp\/v2\/types\/product"}],"replies":[{"embeddable":true,"href":"https:\/\/nordicmart.andreevmaster.com\/sv\/wp-json\/wp\/v2\/comments?post=16567"}],"wp:featuredmedia":[{"embeddable":true,"href":"https:\/\/nordicmart.andreevmaster.com\/sv\/wp-json\/wp\/v2\/media\/44248"}],"wp:attachment":[{"href":"https:\/\/nordicmart.andreevmaster.com\/sv\/wp-json\/wp\/v2\/media?parent=16567"}],"wp:term":[{"taxonomy":"product_brand","embeddable":true,"href":"https:\/\/nordicmart.andreevmaster.com\/sv\/wp-json\/wp\/v2\/product_brand?post=16567"},{"taxonomy":"product_cat","embeddable":true,"href":"https:\/\/nordicmart.andreevmaster.com\/sv\/wp-json\/wp\/v2\/product_cat?post=16567"},{"taxonomy":"product_tag","embeddable":true,"href":"https:\/\/nordicmart.andreevmaster.com\/sv\/wp-json\/wp\/v2\/product_tag?post=16567"}],"curies":[{"name":"wp","href":"https:\/\/api.w.org\/{rel}","templated":true}]}}