{"id":16561,"date":"2026-02-27T00:31:06","date_gmt":"2026-02-27T00:31:06","guid":{"rendered":"https:\/\/nordicmart.andreevmaster.com\/product\/vasagle-datorbord-med-arkivskap\/"},"modified":"2026-02-27T08:21:30","modified_gmt":"2026-02-27T08:21:30","slug":"vasagle-datorbord-med-arkivskap","status":"publish","type":"product","link":"https:\/\/nordicmart.andreevmaster.com\/sv\/produkt\/vasagle-datorbord-med-arkivskap\/","title":{"rendered":"VASAGLE datorbord med arkivsk\u00e5p"},"content":{"rendered":"<p>Produktdetaljer: &#8211; F\u00e4rg: Vintagebrun-svart &#8211; Material: Sp\u00e5nskiva, st\u00e5l &#8211; Storlek: 130 x 55 x 75 cm (L x B x H) &#8211; Vikt: 32,7 kg &#8211; Max. statisk belastningskapacitet: 50 kg Leveransomfattning:- 1 x datorbord &#8211; 1 x tillbeh\u00f6rspaket &#8211; 1 x bruksanvisning (DE, EN, FR, ES, IT) VASAGLE Anm\u00e4rkningar: &#8211; Av s\u00e4kerhetssk\u00e4l \u00e4r det f\u00f6rbjudet f\u00f6r barn att kl\u00e4ttra p\u00e5 eller leka med produkten. &#8211; Denna produkt levereras i 2 paket. Om du f\u00f6rst endast f\u00e5r 1 paket, v\u00e4nta med monteringen tills du f\u00e5tt det andra paketet. Montera produkten s\u00e5 snart b\u00e5da paketen har anl\u00e4nt.<\/p>\n","protected":false},"excerpt":{"rendered":"<p>VASAGLE datorbord med arkivsk\u00e5p, skrivbord med l\u00e5dor, f\u00f6r kontor, hemmakontor, industriell stil, vintagebrun-svart LWD052B01YC<\/p>\n","protected":false},"featured_media":44242,"comment_status":"open","ping_status":"closed","template":"","meta":[],"product_brand":[],"product_cat":[33],"product_tag":[],"class_list":{"0":"post-16561","1":"product","2":"type-product","3":"status-publish","4":"has-post-thumbnail","6":"product_cat-okategoriserad","8":"first","9":"instock","10":"shipping-taxable","11":"purchasable","12":"product-type-simple"},"_links":{"self":[{"href":"https:\/\/nordicmart.andreevmaster.com\/sv\/wp-json\/wp\/v2\/product\/16561","targetHints":{"allow":["GET"]}}],"collection":[{"href":"https:\/\/nordicmart.andreevmaster.com\/sv\/wp-json\/wp\/v2\/product"}],"about":[{"href":"https:\/\/nordicmart.andreevmaster.com\/sv\/wp-json\/wp\/v2\/types\/product"}],"replies":[{"embeddable":true,"href":"https:\/\/nordicmart.andreevmaster.com\/sv\/wp-json\/wp\/v2\/comments?post=16561"}],"wp:featuredmedia":[{"embeddable":true,"href":"https:\/\/nordicmart.andreevmaster.com\/sv\/wp-json\/wp\/v2\/media\/44242"}],"wp:attachment":[{"href":"https:\/\/nordicmart.andreevmaster.com\/sv\/wp-json\/wp\/v2\/media?parent=16561"}],"wp:term":[{"taxonomy":"product_brand","embeddable":true,"href":"https:\/\/nordicmart.andreevmaster.com\/sv\/wp-json\/wp\/v2\/product_brand?post=16561"},{"taxonomy":"product_cat","embeddable":true,"href":"https:\/\/nordicmart.andreevmaster.com\/sv\/wp-json\/wp\/v2\/product_cat?post=16561"},{"taxonomy":"product_tag","embeddable":true,"href":"https:\/\/nordicmart.andreevmaster.com\/sv\/wp-json\/wp\/v2\/product_tag?post=16561"}],"curies":[{"name":"wp","href":"https:\/\/api.w.org\/{rel}","templated":true}]}}