{"id":16557,"date":"2026-02-27T00:31:05","date_gmt":"2026-02-27T00:31:05","guid":{"rendered":"https:\/\/nordicmart.andreevmaster.com\/product\/vasagle-datorbord-med-hyllplan-enkel-montering-ebenholts-svart\/"},"modified":"2026-02-27T08:21:29","modified_gmt":"2026-02-27T08:21:29","slug":"vasagle-datorbord-med-hyllplan-enkel-montering-ebenholts-svart","status":"publish","type":"product","link":"https:\/\/nordicmart.andreevmaster.com\/sv\/produkt\/vasagle-datorbord-med-hyllplan-enkel-montering-ebenholts-svart\/","title":{"rendered":"VASAGLE datorbord med hyllplan, enkel montering, ebenholts svart"},"content":{"rendered":"<p>VASAGLE skrivbord, datorbord med hyllplan till h\u00f6ger eller v\u00e4nster, 120 cm brett kontorsbord, f\u00f6r arbetsrum, hemmakontor, enkel montering<br \/>\nF\u00e4rg: ebenholts<br \/>\nMaterial: sp\u00e5nskiva, st\u00e5l<br \/>\nStorlek: 56 x 120 x 120 cm (D x B x H)<br \/>\nVikt: 20 kg<br \/>\nMax. statisk belastningskapacitet f\u00f6r bordsskivan: 100 kg<\/p>\n","protected":false},"excerpt":{"rendered":"<p>VASAGLE skrivbord, datorbord med hyllplan till h\u00f6ger eller v\u00e4nster, 120 cm brett kontorsbord, f\u00f6r arbetsrum, hemmakontor, enkel montering<\/p>\n","protected":false},"featured_media":44238,"comment_status":"open","ping_status":"closed","template":"","meta":[],"product_brand":[],"product_cat":[33],"product_tag":[],"class_list":{"0":"post-16557","1":"product","2":"type-product","3":"status-publish","4":"has-post-thumbnail","6":"product_cat-okategoriserad","8":"first","9":"instock","10":"shipping-taxable","11":"purchasable","12":"product-type-simple"},"_links":{"self":[{"href":"https:\/\/nordicmart.andreevmaster.com\/sv\/wp-json\/wp\/v2\/product\/16557","targetHints":{"allow":["GET"]}}],"collection":[{"href":"https:\/\/nordicmart.andreevmaster.com\/sv\/wp-json\/wp\/v2\/product"}],"about":[{"href":"https:\/\/nordicmart.andreevmaster.com\/sv\/wp-json\/wp\/v2\/types\/product"}],"replies":[{"embeddable":true,"href":"https:\/\/nordicmart.andreevmaster.com\/sv\/wp-json\/wp\/v2\/comments?post=16557"}],"wp:featuredmedia":[{"embeddable":true,"href":"https:\/\/nordicmart.andreevmaster.com\/sv\/wp-json\/wp\/v2\/media\/44238"}],"wp:attachment":[{"href":"https:\/\/nordicmart.andreevmaster.com\/sv\/wp-json\/wp\/v2\/media?parent=16557"}],"wp:term":[{"taxonomy":"product_brand","embeddable":true,"href":"https:\/\/nordicmart.andreevmaster.com\/sv\/wp-json\/wp\/v2\/product_brand?post=16557"},{"taxonomy":"product_cat","embeddable":true,"href":"https:\/\/nordicmart.andreevmaster.com\/sv\/wp-json\/wp\/v2\/product_cat?post=16557"},{"taxonomy":"product_tag","embeddable":true,"href":"https:\/\/nordicmart.andreevmaster.com\/sv\/wp-json\/wp\/v2\/product_tag?post=16557"}],"curies":[{"name":"wp","href":"https:\/\/api.w.org\/{rel}","templated":true}]}}