{"id":16556,"date":"2026-02-27T00:31:05","date_gmt":"2026-02-27T00:31:05","guid":{"rendered":"https:\/\/nordicmart.andreevmaster.com\/product\/vasagle-skrivbord-med-2-hyllor-modernt-lonnvit\/"},"modified":"2026-02-27T08:21:28","modified_gmt":"2026-02-27T08:21:28","slug":"vasagle-skrivbord-med-2-hyllor-modernt-lonnvit","status":"publish","type":"product","link":"https:\/\/nordicmart.andreevmaster.com\/sv\/produkt\/vasagle-skrivbord-med-2-hyllor-modernt-lonnvit\/","title":{"rendered":"VASAGLE skrivbord med 2 hyllor, modernt l\u00f6nnvit"},"content":{"rendered":"<p>VASAGLE skrivbord, datorbord, PC-bord, kontorsbord, med 2 hyllor p\u00e5 h\u00f6ger eller v\u00e4nster sida, f\u00f6r kontoret, vardagsrummet, st\u00e5lstativ, industriell design, svart LWD047B16<br \/>\nF\u00e4rg: l\u00f6nnvit<br \/>\nMaterial: sp\u00e5nskiva, st\u00e5l<br \/>\nStorlek: 60 x 120 x 76 cm (D x B x H)<br \/>\nVikt: 17,7 kg<\/p>\n","protected":false},"excerpt":{"rendered":"<p>VASAGLE skrivbord, datorbord, PC-bord, kontorsbord, med 2 hyllor p\u00e5 h\u00f6ger eller v\u00e4nster sida, f\u00f6r kontoret, vardagsrummet, st\u00e5lstativ, industriell design, svart LWD047B16<\/p>\n","protected":false},"featured_media":44237,"comment_status":"open","ping_status":"closed","template":"","meta":[],"product_brand":[],"product_cat":[33],"product_tag":[],"class_list":{"0":"post-16556","1":"product","2":"type-product","3":"status-publish","4":"has-post-thumbnail","6":"product_cat-okategoriserad","8":"first","9":"instock","10":"shipping-taxable","11":"purchasable","12":"product-type-simple"},"_links":{"self":[{"href":"https:\/\/nordicmart.andreevmaster.com\/sv\/wp-json\/wp\/v2\/product\/16556","targetHints":{"allow":["GET"]}}],"collection":[{"href":"https:\/\/nordicmart.andreevmaster.com\/sv\/wp-json\/wp\/v2\/product"}],"about":[{"href":"https:\/\/nordicmart.andreevmaster.com\/sv\/wp-json\/wp\/v2\/types\/product"}],"replies":[{"embeddable":true,"href":"https:\/\/nordicmart.andreevmaster.com\/sv\/wp-json\/wp\/v2\/comments?post=16556"}],"wp:featuredmedia":[{"embeddable":true,"href":"https:\/\/nordicmart.andreevmaster.com\/sv\/wp-json\/wp\/v2\/media\/44237"}],"wp:attachment":[{"href":"https:\/\/nordicmart.andreevmaster.com\/sv\/wp-json\/wp\/v2\/media?parent=16556"}],"wp:term":[{"taxonomy":"product_brand","embeddable":true,"href":"https:\/\/nordicmart.andreevmaster.com\/sv\/wp-json\/wp\/v2\/product_brand?post=16556"},{"taxonomy":"product_cat","embeddable":true,"href":"https:\/\/nordicmart.andreevmaster.com\/sv\/wp-json\/wp\/v2\/product_cat?post=16556"},{"taxonomy":"product_tag","embeddable":true,"href":"https:\/\/nordicmart.andreevmaster.com\/sv\/wp-json\/wp\/v2\/product_tag?post=16556"}],"curies":[{"name":"wp","href":"https:\/\/api.w.org\/{rel}","templated":true}]}}