{"id":16553,"date":"2026-02-27T00:31:04","date_gmt":"2026-02-27T00:31:04","guid":{"rendered":"https:\/\/nordicmart.andreevmaster.com\/product\/vasagle-skrivbord-med-2-hyllor-och-stalstativ-i-lonnvit\/"},"modified":"2026-02-27T08:21:28","modified_gmt":"2026-02-27T08:21:28","slug":"vasagle-skrivbord-med-2-hyllor-och-stalstativ-i-lonnvit","status":"publish","type":"product","link":"https:\/\/nordicmart.andreevmaster.com\/sv\/produkt\/vasagle-skrivbord-med-2-hyllor-och-stalstativ-i-lonnvit\/","title":{"rendered":"VASAGLE skrivbord med 2 hyllor och st\u00e5lstativ i l\u00f6nnvit"},"content":{"rendered":"<p>VASAGLE skrivbord, datorbord, PC-bord, kontorsbord med 2 hyllplan till h\u00f6ger eller v\u00e4nster, arbetsbord f\u00f6r kontoret, vardagsrummet, enkel montering, industriell design, vintagebrun-svart LWD47X<br \/>\nF\u00e4rg: L\u00f6nnvit<br \/>\nMaterial: sp\u00e5nskiva, st\u00e5l<br \/>\nStorlek: 50 x 100 x 76 cm (D x B x H)<br \/>\nVikt: 14,3 kg<\/p>\n","protected":false},"excerpt":{"rendered":"<p>VASAGLE skrivbord, datorbord, PC-bord, kontorsbord med 2 hyllplan till h\u00f6ger eller v\u00e4nster, arbetsbord f\u00f6r kontoret, vardagsrummet, enkel montering, industriell design, vintagebrun-svart LWD47X<\/p>\n","protected":false},"featured_media":44234,"comment_status":"open","ping_status":"closed","template":"","meta":[],"product_brand":[],"product_cat":[33],"product_tag":[],"class_list":{"0":"post-16553","1":"product","2":"type-product","3":"status-publish","4":"has-post-thumbnail","6":"product_cat-okategoriserad","8":"first","9":"instock","10":"shipping-taxable","11":"purchasable","12":"product-type-simple"},"_links":{"self":[{"href":"https:\/\/nordicmart.andreevmaster.com\/sv\/wp-json\/wp\/v2\/product\/16553","targetHints":{"allow":["GET"]}}],"collection":[{"href":"https:\/\/nordicmart.andreevmaster.com\/sv\/wp-json\/wp\/v2\/product"}],"about":[{"href":"https:\/\/nordicmart.andreevmaster.com\/sv\/wp-json\/wp\/v2\/types\/product"}],"replies":[{"embeddable":true,"href":"https:\/\/nordicmart.andreevmaster.com\/sv\/wp-json\/wp\/v2\/comments?post=16553"}],"wp:featuredmedia":[{"embeddable":true,"href":"https:\/\/nordicmart.andreevmaster.com\/sv\/wp-json\/wp\/v2\/media\/44234"}],"wp:attachment":[{"href":"https:\/\/nordicmart.andreevmaster.com\/sv\/wp-json\/wp\/v2\/media?parent=16553"}],"wp:term":[{"taxonomy":"product_brand","embeddable":true,"href":"https:\/\/nordicmart.andreevmaster.com\/sv\/wp-json\/wp\/v2\/product_brand?post=16553"},{"taxonomy":"product_cat","embeddable":true,"href":"https:\/\/nordicmart.andreevmaster.com\/sv\/wp-json\/wp\/v2\/product_cat?post=16553"},{"taxonomy":"product_tag","embeddable":true,"href":"https:\/\/nordicmart.andreevmaster.com\/sv\/wp-json\/wp\/v2\/product_tag?post=16553"}],"curies":[{"name":"wp","href":"https:\/\/api.w.org\/{rel}","templated":true}]}}