{"id":16552,"date":"2026-02-27T00:31:03","date_gmt":"2026-02-27T00:31:03","guid":{"rendered":"https:\/\/nordicmart.andreevmaster.com\/product\/vasagle-kontorsbord-100-x-50-x-76-cm-naturbeige-parlvit\/"},"modified":"2026-02-27T08:21:28","modified_gmt":"2026-02-27T08:21:28","slug":"vasagle-kontorsbord-100-x-50-x-76-cm-naturbeige-parlvit","status":"publish","type":"product","link":"https:\/\/nordicmart.andreevmaster.com\/sv\/produkt\/vasagle-kontorsbord-100-x-50-x-76-cm-naturbeige-parlvit\/","title":{"rendered":"VASAGLE kontorsbord 100 x 50 x 76 cm naturbeige-p\u00e4rlvit"},"content":{"rendered":"<p>VASAGLE skrivbord, datorbord, PC-bord, kontorsbord med 2 hyllplan till h\u00f6ger eller v\u00e4nster, arbetsbord f\u00f6r kontoret, vardagsrummet, enkel montering, industriell design, vintagebrun-svart LWD47X<br \/>\nF\u00e4rg: Naturbeige-p\u00e4rlvit<br \/>\nMaterial: Sp\u00e5nskiva, st\u00e5l<br \/>\nStorlek: 50 x 100 x 76 cm (D x B x H)<br \/>\nVikt: 14,3 kg<\/p>\n","protected":false},"excerpt":{"rendered":"<p>VASAGLE skrivbord, datorbord, PC-bord, kontorsbord med 2 hyllplan till h\u00f6ger eller v\u00e4nster, arbetsbord f\u00f6r kontoret, vardagsrummet, enkel montering, industriell design, vintagebrun-svart LWD47X<\/p>\n","protected":false},"featured_media":44233,"comment_status":"open","ping_status":"closed","template":"","meta":[],"product_brand":[],"product_cat":[33],"product_tag":[],"class_list":{"0":"post-16552","1":"product","2":"type-product","3":"status-publish","4":"has-post-thumbnail","6":"product_cat-okategoriserad","8":"first","9":"instock","10":"shipping-taxable","11":"purchasable","12":"product-type-simple"},"_links":{"self":[{"href":"https:\/\/nordicmart.andreevmaster.com\/sv\/wp-json\/wp\/v2\/product\/16552","targetHints":{"allow":["GET"]}}],"collection":[{"href":"https:\/\/nordicmart.andreevmaster.com\/sv\/wp-json\/wp\/v2\/product"}],"about":[{"href":"https:\/\/nordicmart.andreevmaster.com\/sv\/wp-json\/wp\/v2\/types\/product"}],"replies":[{"embeddable":true,"href":"https:\/\/nordicmart.andreevmaster.com\/sv\/wp-json\/wp\/v2\/comments?post=16552"}],"wp:featuredmedia":[{"embeddable":true,"href":"https:\/\/nordicmart.andreevmaster.com\/sv\/wp-json\/wp\/v2\/media\/44233"}],"wp:attachment":[{"href":"https:\/\/nordicmart.andreevmaster.com\/sv\/wp-json\/wp\/v2\/media?parent=16552"}],"wp:term":[{"taxonomy":"product_brand","embeddable":true,"href":"https:\/\/nordicmart.andreevmaster.com\/sv\/wp-json\/wp\/v2\/product_brand?post=16552"},{"taxonomy":"product_cat","embeddable":true,"href":"https:\/\/nordicmart.andreevmaster.com\/sv\/wp-json\/wp\/v2\/product_cat?post=16552"},{"taxonomy":"product_tag","embeddable":true,"href":"https:\/\/nordicmart.andreevmaster.com\/sv\/wp-json\/wp\/v2\/product_tag?post=16552"}],"curies":[{"name":"wp","href":"https:\/\/api.w.org\/{rel}","templated":true}]}}