{"id":16544,"date":"2026-02-27T00:31:01","date_gmt":"2026-02-27T00:31:01","guid":{"rendered":"https:\/\/nordicmart.andreevmaster.com\/product\/vasagle-fallbart-datorskrivbord-med-krokar\/"},"modified":"2026-02-27T08:21:26","modified_gmt":"2026-02-27T08:21:26","slug":"vasagle-fallbart-datorskrivbord-med-krokar","status":"publish","type":"product","link":"https:\/\/nordicmart.andreevmaster.com\/sv\/produkt\/vasagle-fallbart-datorskrivbord-med-krokar\/","title":{"rendered":"VASAGLE F\u00e4llbart datorskrivbord med krokar"},"content":{"rendered":"<p>Produktdetaljer: &#8211; F\u00e4rg: Hasseln\u00f6tsbrun-svart &#8211; Material: Sp\u00e5nskiva, st\u00e5l &#8211; Storlek: 100 x 50 x 76,5 cm (L x B x H) &#8211; Vikt: 10,8 kg &#8211; Max. statisk belastningskapacitet: 50 kg Leveransomfattning: &#8211; 1 x datorbord &#8211; 8 x krokar &#8211; 1 x bruksanvisning (DE, EN, FR, ES, IT) VASAGLE Anm\u00e4rkningar: &#8211; Av s\u00e4kerhetssk\u00e4l \u00e4r det f\u00f6rbjudet f\u00f6r barn att kl\u00e4ttra p\u00e5 eller leka med produkten.<\/p>\n","protected":false},"excerpt":{"rendered":"<p>VASAGLE datorbord, hopf\u00e4llbart skrivbord med 8 krokar, arbetsstation, inga verktyg kr\u00e4vs, industriell design, f\u00f6r hemmakontor, b\u00e4rbar dator och PC, honungsbrun-svart LWD042B05<\/p>\n","protected":false},"featured_media":44225,"comment_status":"open","ping_status":"closed","template":"","meta":[],"product_brand":[],"product_cat":[33],"product_tag":[],"class_list":{"0":"post-16544","1":"product","2":"type-product","3":"status-publish","4":"has-post-thumbnail","6":"product_cat-okategoriserad","8":"first","9":"instock","10":"shipping-taxable","11":"purchasable","12":"product-type-simple"},"_links":{"self":[{"href":"https:\/\/nordicmart.andreevmaster.com\/sv\/wp-json\/wp\/v2\/product\/16544","targetHints":{"allow":["GET"]}}],"collection":[{"href":"https:\/\/nordicmart.andreevmaster.com\/sv\/wp-json\/wp\/v2\/product"}],"about":[{"href":"https:\/\/nordicmart.andreevmaster.com\/sv\/wp-json\/wp\/v2\/types\/product"}],"replies":[{"embeddable":true,"href":"https:\/\/nordicmart.andreevmaster.com\/sv\/wp-json\/wp\/v2\/comments?post=16544"}],"wp:featuredmedia":[{"embeddable":true,"href":"https:\/\/nordicmart.andreevmaster.com\/sv\/wp-json\/wp\/v2\/media\/44225"}],"wp:attachment":[{"href":"https:\/\/nordicmart.andreevmaster.com\/sv\/wp-json\/wp\/v2\/media?parent=16544"}],"wp:term":[{"taxonomy":"product_brand","embeddable":true,"href":"https:\/\/nordicmart.andreevmaster.com\/sv\/wp-json\/wp\/v2\/product_brand?post=16544"},{"taxonomy":"product_cat","embeddable":true,"href":"https:\/\/nordicmart.andreevmaster.com\/sv\/wp-json\/wp\/v2\/product_cat?post=16544"},{"taxonomy":"product_tag","embeddable":true,"href":"https:\/\/nordicmart.andreevmaster.com\/sv\/wp-json\/wp\/v2\/product_tag?post=16544"}],"curies":[{"name":"wp","href":"https:\/\/api.w.org\/{rel}","templated":true}]}}