{"id":16542,"date":"2026-02-27T00:31:01","date_gmt":"2026-02-27T00:31:01","guid":{"rendered":"https:\/\/nordicmart.andreevmaster.com\/product\/vasagle-skrivbord-med-metallstativ-i-modern-stil\/"},"modified":"2026-02-27T08:21:25","modified_gmt":"2026-02-27T08:21:25","slug":"vasagle-skrivbord-med-metallstativ-i-modern-stil","status":"publish","type":"product","link":"https:\/\/nordicmart.andreevmaster.com\/sv\/produkt\/vasagle-skrivbord-med-metallstativ-i-modern-stil\/","title":{"rendered":"VASAGLE skrivbord med metallstativ i modern stil"},"content":{"rendered":"<p>VASAGLE skrivbord, datorbord, smalt kontorsbord, 100 x 50 x 75 cm, arbetsrum, hemmakontor, kontor, enkel montering, metall, industridesign, greige-svart LWD041B02<br \/>\nF\u00e4rg: Naturlig ekf\u00e4rg-bl\u00e4ck svart<br \/>\nMaterial: sp\u00e5nskiva, st\u00e5l<br \/>\nStorlek: 50 x 100 x 76 cm (D x B x H)<br \/>\nVikt: 10,4 kg<br \/>\nMax. statisk belastningskapacitet: 50 kg<\/p>\n","protected":false},"excerpt":{"rendered":"<p>VASAGLE skrivbord, datorbord, smalt kontorsbord, 100 x 50 x 75 cm, arbetsrum, hemmakontor, kontor, enkel montering, metall, industridesign, greige-svart LWD041B02<\/p>\n","protected":false},"featured_media":44223,"comment_status":"open","ping_status":"closed","template":"","meta":[],"product_brand":[],"product_cat":[33],"product_tag":[],"class_list":{"0":"post-16542","1":"product","2":"type-product","3":"status-publish","4":"has-post-thumbnail","6":"product_cat-okategoriserad","8":"first","9":"instock","10":"shipping-taxable","11":"purchasable","12":"product-type-simple"},"_links":{"self":[{"href":"https:\/\/nordicmart.andreevmaster.com\/sv\/wp-json\/wp\/v2\/product\/16542","targetHints":{"allow":["GET"]}}],"collection":[{"href":"https:\/\/nordicmart.andreevmaster.com\/sv\/wp-json\/wp\/v2\/product"}],"about":[{"href":"https:\/\/nordicmart.andreevmaster.com\/sv\/wp-json\/wp\/v2\/types\/product"}],"replies":[{"embeddable":true,"href":"https:\/\/nordicmart.andreevmaster.com\/sv\/wp-json\/wp\/v2\/comments?post=16542"}],"wp:featuredmedia":[{"embeddable":true,"href":"https:\/\/nordicmart.andreevmaster.com\/sv\/wp-json\/wp\/v2\/media\/44223"}],"wp:attachment":[{"href":"https:\/\/nordicmart.andreevmaster.com\/sv\/wp-json\/wp\/v2\/media?parent=16542"}],"wp:term":[{"taxonomy":"product_brand","embeddable":true,"href":"https:\/\/nordicmart.andreevmaster.com\/sv\/wp-json\/wp\/v2\/product_brand?post=16542"},{"taxonomy":"product_cat","embeddable":true,"href":"https:\/\/nordicmart.andreevmaster.com\/sv\/wp-json\/wp\/v2\/product_cat?post=16542"},{"taxonomy":"product_tag","embeddable":true,"href":"https:\/\/nordicmart.andreevmaster.com\/sv\/wp-json\/wp\/v2\/product_tag?post=16542"}],"curies":[{"name":"wp","href":"https:\/\/api.w.org\/{rel}","templated":true}]}}