{"id":16530,"date":"2026-02-27T00:30:58","date_gmt":"2026-02-27T00:30:58","guid":{"rendered":"https:\/\/nordicmart.andreevmaster.com\/product\/vasagle-skrivbord-med-metallstativ-50-x-80-x-76-cm\/"},"modified":"2026-02-27T08:21:23","modified_gmt":"2026-02-27T08:21:23","slug":"vasagle-skrivbord-med-metallstativ-50-x-80-x-76-cm","status":"publish","type":"product","link":"https:\/\/nordicmart.andreevmaster.com\/sv\/produkt\/vasagle-skrivbord-med-metallstativ-50-x-80-x-76-cm\/","title":{"rendered":"VASAGLE skrivbord med metallstativ 50 x 80 x 76 cm"},"content":{"rendered":"<p>VASAGLE skrivbord, datorbord, smalt kontorsbord, 80 x 50 x 75 cm, arbetsrum, hemmakontor, kontor, enkel montering, st\u00e5l, industriell design, vintagebrun-svart LWD038B01<br \/>\nF\u00e4rg: Naturlig ekf\u00e4rg-p\u00e4rlvit<br \/>\nMaterial: sp\u00e5nskiva, st\u00e5l<br \/>\nStorlek: 50 x 80 x 76 cm (D x B x H)<br \/>\nVikt: 8,5 kg<br \/>\nMax. statisk belastningskapacitet: 50 kg<\/p>\n","protected":false},"excerpt":{"rendered":"<p>VASAGLE skrivbord, datorbord, smalt kontorsbord, 80 x 50 x 75 cm, arbetsrum, hemmakontor, kontor, enkel montering, st\u00e5l, industriell design, vintagebrun-svart LWD038B01<\/p>\n","protected":false},"featured_media":44211,"comment_status":"open","ping_status":"closed","template":"","meta":[],"product_brand":[],"product_cat":[33],"product_tag":[],"class_list":{"0":"post-16530","1":"product","2":"type-product","3":"status-publish","4":"has-post-thumbnail","6":"product_cat-okategoriserad","8":"first","9":"instock","10":"shipping-taxable","11":"purchasable","12":"product-type-simple"},"_links":{"self":[{"href":"https:\/\/nordicmart.andreevmaster.com\/sv\/wp-json\/wp\/v2\/product\/16530","targetHints":{"allow":["GET"]}}],"collection":[{"href":"https:\/\/nordicmart.andreevmaster.com\/sv\/wp-json\/wp\/v2\/product"}],"about":[{"href":"https:\/\/nordicmart.andreevmaster.com\/sv\/wp-json\/wp\/v2\/types\/product"}],"replies":[{"embeddable":true,"href":"https:\/\/nordicmart.andreevmaster.com\/sv\/wp-json\/wp\/v2\/comments?post=16530"}],"wp:featuredmedia":[{"embeddable":true,"href":"https:\/\/nordicmart.andreevmaster.com\/sv\/wp-json\/wp\/v2\/media\/44211"}],"wp:attachment":[{"href":"https:\/\/nordicmart.andreevmaster.com\/sv\/wp-json\/wp\/v2\/media?parent=16530"}],"wp:term":[{"taxonomy":"product_brand","embeddable":true,"href":"https:\/\/nordicmart.andreevmaster.com\/sv\/wp-json\/wp\/v2\/product_brand?post=16530"},{"taxonomy":"product_cat","embeddable":true,"href":"https:\/\/nordicmart.andreevmaster.com\/sv\/wp-json\/wp\/v2\/product_cat?post=16530"},{"taxonomy":"product_tag","embeddable":true,"href":"https:\/\/nordicmart.andreevmaster.com\/sv\/wp-json\/wp\/v2\/product_tag?post=16530"}],"curies":[{"name":"wp","href":"https:\/\/api.w.org\/{rel}","templated":true}]}}