{"id":16522,"date":"2026-02-27T00:30:55","date_gmt":"2026-02-27T00:30:55","guid":{"rendered":"https:\/\/nordicmart.andreevmaster.com\/product\/songmics-byra-med-5-tyglador\/"},"modified":"2026-02-27T08:21:21","modified_gmt":"2026-02-27T08:21:21","slug":"songmics-byra-med-5-tyglador","status":"publish","type":"product","link":"https:\/\/nordicmart.andreevmaster.com\/sv\/produkt\/songmics-byra-med-5-tyglador\/","title":{"rendered":"SONGMICS byr\u00e5 med 5 tygl\u00e5dor"},"content":{"rendered":"<p>Med stor omsorg om detaljerna: Oroa dig inte om du har barn, f\u00f6r designen p\u00e5 denna byr\u00e5 \u00e4r barnv\u00e4nlig. Det medf\u00f6ljande tippskyddet s\u00e4kerst\u00e4ller en s\u00e4ker milj\u00f6 f\u00f6r din familj och tack vare tygl\u00e5dorna kan sm\u00e5 h\u00e4nder inte fastna n\u00e4r dina \u00e4lsklingar vill l\u00e4gga undan sina kl\u00e4der i l\u00e5dorna sj\u00e4lva. Problemfri montering: Tack vare den enkla designen och de medf\u00f6ljande monteringsdetaljerna beh\u00f6ver du inte spendera hela s\u00f6ndagseftermiddagen p\u00e5 att montera. F\u00f6lj bara de l\u00e4ttf\u00f6rst\u00e5eliga instruktionerna s\u00e5 har du monterat sk\u00e5pet p\u00e5 nolltid. Produktdetaljer: F\u00e4rg: Vintagebrun-svart Material: MDF (medeldensitetsfiberplatta), st\u00e5l, l\u00e5dfronter i imiterat mocka, undersida i oxfordtyg, non-woven tyg Storlek: 85 x 30 x 70 cm (L x B x H) Vikt: 8,5 kg Max. statisk belastningskapacitet f\u00f6r den \u00f6vre plattan: 15 kg Max. statisk belastningskapacitet per l\u00e5da: 3 kg Leveransomfattning: 1 x byr\u00e5 10 x etikett 1 x tippskydd 1 x tillbeh\u00f6rspaket 1 x instruktioner SONGMICS Anm\u00e4rkningar:Fyll inte l\u00e5dorna med f\u00f6r tunga f\u00f6rem\u00e5l. Torka av produkten med en fuktig trasa f\u00f6r daglig reng\u00f6ring. Om produkten har en &#8221;ny&#8221; lukt efter uppackningen, placera den p\u00e5 en v\u00e4l ventilerad plats under en kort tid. F\u00e4st produkten p\u00e5 v\u00e4ggen med det medf\u00f6ljande tippskyddet f\u00f6r att garantera s\u00e4kerheten under anv\u00e4ndning.<\/p>\n","protected":false},"excerpt":{"rendered":"<p>SONGMICS byr\u00e5, sk\u00e5p med 5 tygl\u00e5dor, st\u00e5lstativ, f\u00f6r vardagsrum, sovrum, hall, vintagebrun-svart LVT05H<\/p>\n","protected":false},"featured_media":0,"comment_status":"open","ping_status":"closed","template":"","meta":[],"product_brand":[],"product_cat":[33],"product_tag":[],"class_list":{"0":"post-16522","1":"product","2":"type-product","3":"status-publish","5":"product_cat-okategoriserad","7":"first","8":"instock","9":"shipping-taxable","10":"purchasable","11":"product-type-simple"},"_links":{"self":[{"href":"https:\/\/nordicmart.andreevmaster.com\/sv\/wp-json\/wp\/v2\/product\/16522","targetHints":{"allow":["GET"]}}],"collection":[{"href":"https:\/\/nordicmart.andreevmaster.com\/sv\/wp-json\/wp\/v2\/product"}],"about":[{"href":"https:\/\/nordicmart.andreevmaster.com\/sv\/wp-json\/wp\/v2\/types\/product"}],"replies":[{"embeddable":true,"href":"https:\/\/nordicmart.andreevmaster.com\/sv\/wp-json\/wp\/v2\/comments?post=16522"}],"wp:attachment":[{"href":"https:\/\/nordicmart.andreevmaster.com\/sv\/wp-json\/wp\/v2\/media?parent=16522"}],"wp:term":[{"taxonomy":"product_brand","embeddable":true,"href":"https:\/\/nordicmart.andreevmaster.com\/sv\/wp-json\/wp\/v2\/product_brand?post=16522"},{"taxonomy":"product_cat","embeddable":true,"href":"https:\/\/nordicmart.andreevmaster.com\/sv\/wp-json\/wp\/v2\/product_cat?post=16522"},{"taxonomy":"product_tag","embeddable":true,"href":"https:\/\/nordicmart.andreevmaster.com\/sv\/wp-json\/wp\/v2\/product_tag?post=16522"}],"curies":[{"name":"wp","href":"https:\/\/api.w.org\/{rel}","templated":true}]}}