{"id":16521,"date":"2026-02-27T00:30:55","date_gmt":"2026-02-27T00:30:55","guid":{"rendered":"https:\/\/nordicmart.andreevmaster.com\/product\/songmics-sidobord-med-lada\/"},"modified":"2026-02-27T08:21:21","modified_gmt":"2026-02-27T08:21:21","slug":"songmics-sidobord-med-lada","status":"publish","type":"product","link":"https:\/\/nordicmart.andreevmaster.com\/sv\/produkt\/songmics-sidobord-med-lada\/","title":{"rendered":"SONGMICS sidobord med l\u00e5da"},"content":{"rendered":"<p>Alltid vid din sida: Anv\u00e4nd detta bord bredvid soffan f\u00f6r att st\u00e4lla \u00f6l och snacks p\u00e5 under filmkv\u00e4llen. Brygg en kopp kaffe och tillbringa en trevlig eftermiddag med en bok, eller placera bordet bredvid s\u00e4ngen f\u00f6r att f\u00f6rvara pyjamas och ansiktsmasker \u2013 detta m\u00e5ngsidiga bord finns alltid till hands! Enkel montering: Tack vare den enkla designen och de medf\u00f6ljande monteringsdetaljerna beh\u00f6ver du inte spendera hela s\u00f6ndagseftermiddagen p\u00e5 att montera bordet. F\u00f6lj bara de l\u00e4ttf\u00f6rst\u00e5eliga instruktionerna s\u00e5 har du monterat detta sidobord p\u00e5 nolltid. Produktdetaljer: F\u00e4rg: Vintagebrun-svart Material: MDF (medeldensitetsfiberplatta), metall, l\u00e5dframsida i imiterat mocka, undersida i oxfordtyg, non-woven tyg Storlek: 41 x 41 x 47 cm (L x B x H) Vikt: 4,3 kg Max. statisk belastningskapacitet p\u00e5 ytan: 15 kg Max. statisk belastningskapacitet p\u00e5 l\u00e5dan: 3 kg Leveransomfattning: 1 x nattduksbord 2 x etikett 1 x insexnyckel 1 x tillbeh\u00f6rspaket 1 x instruktioner SONGMICS Anm\u00e4rkningar:Fyll inte l\u00e5dan med f\u00f6r tunga f\u00f6rem\u00e5l. Torka av produkten med en fuktig trasa f\u00f6r daglig reng\u00f6ring. Om produkten har en &#8221;ny&#8221; lukt efter uppackningen, placera den p\u00e5 en v\u00e4l ventilerad plats under en kort tid.<\/p>\n","protected":false},"excerpt":{"rendered":"<p>SONGMICS nattduksbord, nattkommod, sidobord, f\u00f6r f\u00f6rvaring, med l\u00e5da, 2 hyllor, industriell stil, f\u00f6r vardagsrum, sovrum, vintagebrun-svart LVT02H<\/p>\n","protected":false},"featured_media":44204,"comment_status":"open","ping_status":"closed","template":"","meta":[],"product_brand":[],"product_cat":[33],"product_tag":[],"class_list":{"0":"post-16521","1":"product","2":"type-product","3":"status-publish","4":"has-post-thumbnail","6":"product_cat-okategoriserad","8":"first","9":"instock","10":"shipping-taxable","11":"purchasable","12":"product-type-simple"},"_links":{"self":[{"href":"https:\/\/nordicmart.andreevmaster.com\/sv\/wp-json\/wp\/v2\/product\/16521","targetHints":{"allow":["GET"]}}],"collection":[{"href":"https:\/\/nordicmart.andreevmaster.com\/sv\/wp-json\/wp\/v2\/product"}],"about":[{"href":"https:\/\/nordicmart.andreevmaster.com\/sv\/wp-json\/wp\/v2\/types\/product"}],"replies":[{"embeddable":true,"href":"https:\/\/nordicmart.andreevmaster.com\/sv\/wp-json\/wp\/v2\/comments?post=16521"}],"wp:featuredmedia":[{"embeddable":true,"href":"https:\/\/nordicmart.andreevmaster.com\/sv\/wp-json\/wp\/v2\/media\/44204"}],"wp:attachment":[{"href":"https:\/\/nordicmart.andreevmaster.com\/sv\/wp-json\/wp\/v2\/media?parent=16521"}],"wp:term":[{"taxonomy":"product_brand","embeddable":true,"href":"https:\/\/nordicmart.andreevmaster.com\/sv\/wp-json\/wp\/v2\/product_brand?post=16521"},{"taxonomy":"product_cat","embeddable":true,"href":"https:\/\/nordicmart.andreevmaster.com\/sv\/wp-json\/wp\/v2\/product_cat?post=16521"},{"taxonomy":"product_tag","embeddable":true,"href":"https:\/\/nordicmart.andreevmaster.com\/sv\/wp-json\/wp\/v2\/product_tag?post=16521"}],"curies":[{"name":"wp","href":"https:\/\/api.w.org\/{rel}","templated":true}]}}