{"id":16520,"date":"2026-02-27T00:30:55","date_gmt":"2026-02-27T00:30:55","guid":{"rendered":"https:\/\/nordicmart.andreevmaster.com\/product\/songmics-nattduksbord-med-lada-och-2-hyllor\/"},"modified":"2026-02-27T08:21:20","modified_gmt":"2026-02-27T08:21:20","slug":"songmics-nattduksbord-med-lada-och-2-hyllor","status":"publish","type":"product","link":"https:\/\/nordicmart.andreevmaster.com\/sv\/produkt\/songmics-nattduksbord-med-lada-och-2-hyllor\/","title":{"rendered":"SONGMICS nattduksbord med l\u00e5da och 2 hyllor"},"content":{"rendered":"<p>SONGMICS nattduksbord, nattkommod, sidobord, f\u00f6r f\u00f6rvaring, med l\u00e5da, 2 hyllor, modernt, f\u00f6r vardagsrum, sovrum<br \/>\nF\u00e4rg: Eikbeige-molnvit<br \/>\nMaterial: MDF (medeldensitetsfiberplatta), metall, l\u00e5dan framtill i imiterat mocka, undersidan i oxfordtyg, non-woven-tyg<br \/>\nStorlek: 41 x 41 x 47 cm (L x B x H)<br \/>\nVikt: 4,3 kg<br \/>\nMax. statisk belastningskapacitet f\u00f6r ytan: 15 kg<br \/>\nMax. statisk belastningskapacitet f\u00f6r mittfacket: 9 kg<br \/>\nMax. statisk belastningskapacitet f\u00f6r l\u00e5dan: 4,5 kg<br \/>\nMax. statisk totalbelastningskapacitet: 59 kg<\/p>\n","protected":false},"excerpt":{"rendered":"<p>SONGMICS nattduksbord, nattkommod, sidobord, f\u00f6r f\u00f6rvaring, med l\u00e5da, 2 hyllor, modernt, f\u00f6r vardagsrum, sovrum<\/p>\n","protected":false},"featured_media":44203,"comment_status":"open","ping_status":"closed","template":"","meta":[],"product_brand":[],"product_cat":[33],"product_tag":[],"class_list":{"0":"post-16520","1":"product","2":"type-product","3":"status-publish","4":"has-post-thumbnail","6":"product_cat-okategoriserad","8":"first","9":"instock","10":"shipping-taxable","11":"purchasable","12":"product-type-simple"},"_links":{"self":[{"href":"https:\/\/nordicmart.andreevmaster.com\/sv\/wp-json\/wp\/v2\/product\/16520","targetHints":{"allow":["GET"]}}],"collection":[{"href":"https:\/\/nordicmart.andreevmaster.com\/sv\/wp-json\/wp\/v2\/product"}],"about":[{"href":"https:\/\/nordicmart.andreevmaster.com\/sv\/wp-json\/wp\/v2\/types\/product"}],"replies":[{"embeddable":true,"href":"https:\/\/nordicmart.andreevmaster.com\/sv\/wp-json\/wp\/v2\/comments?post=16520"}],"wp:featuredmedia":[{"embeddable":true,"href":"https:\/\/nordicmart.andreevmaster.com\/sv\/wp-json\/wp\/v2\/media\/44203"}],"wp:attachment":[{"href":"https:\/\/nordicmart.andreevmaster.com\/sv\/wp-json\/wp\/v2\/media?parent=16520"}],"wp:term":[{"taxonomy":"product_brand","embeddable":true,"href":"https:\/\/nordicmart.andreevmaster.com\/sv\/wp-json\/wp\/v2\/product_brand?post=16520"},{"taxonomy":"product_cat","embeddable":true,"href":"https:\/\/nordicmart.andreevmaster.com\/sv\/wp-json\/wp\/v2\/product_cat?post=16520"},{"taxonomy":"product_tag","embeddable":true,"href":"https:\/\/nordicmart.andreevmaster.com\/sv\/wp-json\/wp\/v2\/product_tag?post=16520"}],"curies":[{"name":"wp","href":"https:\/\/api.w.org\/{rel}","templated":true}]}}