{"id":16515,"date":"2026-02-27T00:30:54","date_gmt":"2026-02-27T00:30:54","guid":{"rendered":"https:\/\/nordicmart.andreevmaster.com\/product\/songmics-paraplystall-paraplystall-i-metall-fyrkantigt\/"},"modified":"2026-02-27T08:21:19","modified_gmt":"2026-02-27T08:21:19","slug":"songmics-paraplystall-paraplystall-i-metall-fyrkantigt","status":"publish","type":"product","link":"https:\/\/nordicmart.andreevmaster.com\/sv\/produkt\/songmics-paraplystall-paraplystall-i-metall-fyrkantigt\/","title":{"rendered":"SONGMICS paraplyst\u00e4ll, paraplyst\u00e4ll i metall, fyrkantigt"},"content":{"rendered":"<p>SONGMICS paraplyst\u00e4ll i metall, paraplyst\u00e4ll, fyrkantigt, med vattenuppsamlingssk\u00e5l och 4 krokar, 15,5 x 15,5 x 49 cm, antracit LUC049G01<br \/>\nSpecifikationer:<br \/>\n&#8211; Storlek: 15,5 x 15,5 x 49 cm (L x B x H)<br \/>\n&#8211; Vikt: 1,8 kg<br \/>\n&#8211; F\u00e4rg: antracit<br \/>\n&#8211; Material: metall, plast<\/p>\n","protected":false},"excerpt":{"rendered":"<p>SONGMICS paraplyst\u00e4ll i metall, paraplyst\u00e4ll, fyrkantigt, med vattenuppsamlingssk\u00e5l och 4 krokar, 15,5 x 15,5 x 49 cm, antracit LUC049G01<\/p>\n","protected":false},"featured_media":44198,"comment_status":"open","ping_status":"closed","template":"","meta":[],"product_brand":[],"product_cat":[33],"product_tag":[],"class_list":{"0":"post-16515","1":"product","2":"type-product","3":"status-publish","4":"has-post-thumbnail","6":"product_cat-okategoriserad","8":"first","9":"instock","10":"shipping-taxable","11":"purchasable","12":"product-type-simple"},"_links":{"self":[{"href":"https:\/\/nordicmart.andreevmaster.com\/sv\/wp-json\/wp\/v2\/product\/16515","targetHints":{"allow":["GET"]}}],"collection":[{"href":"https:\/\/nordicmart.andreevmaster.com\/sv\/wp-json\/wp\/v2\/product"}],"about":[{"href":"https:\/\/nordicmart.andreevmaster.com\/sv\/wp-json\/wp\/v2\/types\/product"}],"replies":[{"embeddable":true,"href":"https:\/\/nordicmart.andreevmaster.com\/sv\/wp-json\/wp\/v2\/comments?post=16515"}],"wp:featuredmedia":[{"embeddable":true,"href":"https:\/\/nordicmart.andreevmaster.com\/sv\/wp-json\/wp\/v2\/media\/44198"}],"wp:attachment":[{"href":"https:\/\/nordicmart.andreevmaster.com\/sv\/wp-json\/wp\/v2\/media?parent=16515"}],"wp:term":[{"taxonomy":"product_brand","embeddable":true,"href":"https:\/\/nordicmart.andreevmaster.com\/sv\/wp-json\/wp\/v2\/product_brand?post=16515"},{"taxonomy":"product_cat","embeddable":true,"href":"https:\/\/nordicmart.andreevmaster.com\/sv\/wp-json\/wp\/v2\/product_cat?post=16515"},{"taxonomy":"product_tag","embeddable":true,"href":"https:\/\/nordicmart.andreevmaster.com\/sv\/wp-json\/wp\/v2\/product_tag?post=16515"}],"curies":[{"name":"wp","href":"https:\/\/api.w.org\/{rel}","templated":true}]}}