{"id":16514,"date":"2026-02-27T00:30:53","date_gmt":"2026-02-27T00:30:53","guid":{"rendered":"https:\/\/nordicmart.andreevmaster.com\/product\/songmics-paraplystall-paraplystall-runt\/"},"modified":"2026-02-27T08:21:19","modified_gmt":"2026-02-27T08:21:19","slug":"songmics-paraplystall-paraplystall-runt","status":"publish","type":"product","link":"https:\/\/nordicmart.andreevmaster.com\/sv\/produkt\/songmics-paraplystall-paraplystall-runt\/","title":{"rendered":"SONGMICS paraplyst\u00e4ll, paraplyst\u00e4ll, runt"},"content":{"rendered":"<p>Specifikationer:<br \/>\n&#8211; M\u00e5tt: 17 x 41 cm (\u00d8 x H)<br \/>\n&#8211; Vikt: 1,8 kg<br \/>\n&#8211; Material: st\u00e5l<br \/>\n&#8211; F\u00e4rg: Svart<\/p>\n","protected":false},"excerpt":{"rendered":"<p>Specifikationer: &#8211; M\u00e5tt: 17 x 41 cm (\u00d8 x H) &#8211; Vikt: 1,8 kg &#8211; Material: st\u00e5l &#8211; F\u00e4rg: Svart<\/p>\n","protected":false},"featured_media":44197,"comment_status":"open","ping_status":"closed","template":"","meta":[],"product_brand":[],"product_cat":[33],"product_tag":[],"class_list":{"0":"post-16514","1":"product","2":"type-product","3":"status-publish","4":"has-post-thumbnail","6":"product_cat-okategoriserad","8":"first","9":"instock","10":"shipping-taxable","11":"purchasable","12":"product-type-simple"},"_links":{"self":[{"href":"https:\/\/nordicmart.andreevmaster.com\/sv\/wp-json\/wp\/v2\/product\/16514","targetHints":{"allow":["GET"]}}],"collection":[{"href":"https:\/\/nordicmart.andreevmaster.com\/sv\/wp-json\/wp\/v2\/product"}],"about":[{"href":"https:\/\/nordicmart.andreevmaster.com\/sv\/wp-json\/wp\/v2\/types\/product"}],"replies":[{"embeddable":true,"href":"https:\/\/nordicmart.andreevmaster.com\/sv\/wp-json\/wp\/v2\/comments?post=16514"}],"wp:featuredmedia":[{"embeddable":true,"href":"https:\/\/nordicmart.andreevmaster.com\/sv\/wp-json\/wp\/v2\/media\/44197"}],"wp:attachment":[{"href":"https:\/\/nordicmart.andreevmaster.com\/sv\/wp-json\/wp\/v2\/media?parent=16514"}],"wp:term":[{"taxonomy":"product_brand","embeddable":true,"href":"https:\/\/nordicmart.andreevmaster.com\/sv\/wp-json\/wp\/v2\/product_brand?post=16514"},{"taxonomy":"product_cat","embeddable":true,"href":"https:\/\/nordicmart.andreevmaster.com\/sv\/wp-json\/wp\/v2\/product_cat?post=16514"},{"taxonomy":"product_tag","embeddable":true,"href":"https:\/\/nordicmart.andreevmaster.com\/sv\/wp-json\/wp\/v2\/product_tag?post=16514"}],"curies":[{"name":"wp","href":"https:\/\/api.w.org\/{rel}","templated":true}]}}