{"id":16508,"date":"2026-02-27T00:30:52","date_gmt":"2026-02-27T00:30:52","guid":{"rendered":"https:\/\/nordicmart.andreevmaster.com\/product\/songmics-snygg-paraplystallning-vit\/"},"modified":"2026-02-27T08:21:18","modified_gmt":"2026-02-27T08:21:18","slug":"songmics-snygg-paraplystallning-vit","status":"publish","type":"product","link":"https:\/\/nordicmart.andreevmaster.com\/sv\/produkt\/songmics-snygg-paraplystallning-vit\/","title":{"rendered":"SONGMICS Snygg paraplyst\u00e4llning Vit"},"content":{"rendered":"<p>Denna paraplyst\u00e4llning i j\u00e4rn \u00e4r b\u00e5de funktionell och stilren.St\u00e4llningen erbjuder inte bara f\u00f6rvaringsm\u00f6jligheter, utan dekorerar ocks\u00e5 ditt rum och blir garanterat ett blickf\u00e5ng i din hall\/entr\u00e9. Produktdetaljer: Material: j\u00e4rnpl\u00e5t M\u00e5tt: 15,5 x 15,5 x 49 cm F\u00e4rg: vit Vikt: 2 kg Leveransomfattning: 1 x paraplystativ 1 x vattenuppsamlingssk\u00e5l 4 x krokar<\/p>\n","protected":false},"excerpt":{"rendered":"<p>SONGMICS paraplyst\u00e4ll i metall, fyrkantigt paraplyst\u00e4ll, avtagbar vattenuppsamlingssk\u00e5l, med krokar, 15,5 x 15,5 x 49 cm, vit LUC26W<\/p>\n","protected":false},"featured_media":44193,"comment_status":"open","ping_status":"closed","template":"","meta":[],"product_brand":[],"product_cat":[33],"product_tag":[],"class_list":{"0":"post-16508","1":"product","2":"type-product","3":"status-publish","4":"has-post-thumbnail","6":"product_cat-okategoriserad","8":"first","9":"instock","10":"shipping-taxable","11":"purchasable","12":"product-type-simple"},"_links":{"self":[{"href":"https:\/\/nordicmart.andreevmaster.com\/sv\/wp-json\/wp\/v2\/product\/16508","targetHints":{"allow":["GET"]}}],"collection":[{"href":"https:\/\/nordicmart.andreevmaster.com\/sv\/wp-json\/wp\/v2\/product"}],"about":[{"href":"https:\/\/nordicmart.andreevmaster.com\/sv\/wp-json\/wp\/v2\/types\/product"}],"replies":[{"embeddable":true,"href":"https:\/\/nordicmart.andreevmaster.com\/sv\/wp-json\/wp\/v2\/comments?post=16508"}],"wp:featuredmedia":[{"embeddable":true,"href":"https:\/\/nordicmart.andreevmaster.com\/sv\/wp-json\/wp\/v2\/media\/44193"}],"wp:attachment":[{"href":"https:\/\/nordicmart.andreevmaster.com\/sv\/wp-json\/wp\/v2\/media?parent=16508"}],"wp:term":[{"taxonomy":"product_brand","embeddable":true,"href":"https:\/\/nordicmart.andreevmaster.com\/sv\/wp-json\/wp\/v2\/product_brand?post=16508"},{"taxonomy":"product_cat","embeddable":true,"href":"https:\/\/nordicmart.andreevmaster.com\/sv\/wp-json\/wp\/v2\/product_cat?post=16508"},{"taxonomy":"product_tag","embeddable":true,"href":"https:\/\/nordicmart.andreevmaster.com\/sv\/wp-json\/wp\/v2\/product_tag?post=16508"}],"curies":[{"name":"wp","href":"https:\/\/api.w.org\/{rel}","templated":true}]}}