{"id":16506,"date":"2026-02-27T00:30:51","date_gmt":"2026-02-27T00:30:51","guid":{"rendered":"https:\/\/nordicmart.andreevmaster.com\/product\/songmics-charmig-paraplystall-svart\/"},"modified":"2026-02-27T08:21:17","modified_gmt":"2026-02-27T08:21:17","slug":"songmics-charmig-paraplystall-svart","status":"publish","type":"product","link":"https:\/\/nordicmart.andreevmaster.com\/sv\/produkt\/songmics-charmig-paraplystall-svart\/","title":{"rendered":"SONGMICS Charmig paraplyst\u00e4ll svart"},"content":{"rendered":"<p>Denna paraplyst\u00e4llning i j\u00e4rn \u00e4r b\u00e5de funktionell och stilren. Det h\u00e5lm\u00f6nstrade motivet med regndroppar och uppsp\u00e4nda paraplyer passar mycket bra f\u00f6r en paraplyst\u00e4llning. St\u00e4llningen erbjuder inte bara f\u00f6rvaringsm\u00f6jligheter, utan dekorerar ocks\u00e5 ditt rum och blir garanterat ett blickf\u00e5ng i din hall\/entr\u00e9. Varf\u00f6r ska du v\u00e4lja Songmics paraplyst\u00e4ll? Songmics \u00e4r alltid kundorienterat och g\u00f6r sitt yttersta f\u00f6r att erbjuda produkter av h\u00f6g kvalitet till ett bra pris\/prestandaf\u00f6rh\u00e5llande. Vi har en utm\u00e4rkt kundservice och g\u00f6r allt f\u00f6r att l\u00f6sa dina problem. Nyskapande h\u00e5lm\u00f6nster, originellt konstruerat av Songmics. Perfekt f\u00f6rpackning som minimerar transportskador. Vi erbjuder paraplyst\u00e4llet i olika utf\u00f6randen och arbetar kontinuerligt med att utveckla nya modeller. Vi hoppas att du vill hedra oss med din uppm\u00e4rksamhet. Produktdetaljer: &#8211; Material: j\u00e4rnpl\u00e5t &#8211; M\u00e5tt: 19,5 x 19,5 x 49 cm &#8211; F\u00e4rg: svart &#8211; Vikt: 2 kg Leveransomfattning: &#8211; 1 x paraplystativ &#8211; 1 x vattenuppsamlingssk\u00e5l &#8211; 2 x krokar<\/p>\n","protected":false},"excerpt":{"rendered":"<p>SONGMICS paraplyst\u00e4ll i metall, runt paraplyst\u00e4ll, avtagbar vattenuppsamlingssk\u00e5l, med krokar, 49 x \u00d8 19,5 cm, vit LUC23W<\/p>\n","protected":false},"featured_media":44191,"comment_status":"open","ping_status":"closed","template":"","meta":[],"product_brand":[],"product_cat":[33],"product_tag":[],"class_list":{"0":"post-16506","1":"product","2":"type-product","3":"status-publish","4":"has-post-thumbnail","6":"product_cat-okategoriserad","8":"first","9":"instock","10":"shipping-taxable","11":"purchasable","12":"product-type-simple"},"_links":{"self":[{"href":"https:\/\/nordicmart.andreevmaster.com\/sv\/wp-json\/wp\/v2\/product\/16506","targetHints":{"allow":["GET"]}}],"collection":[{"href":"https:\/\/nordicmart.andreevmaster.com\/sv\/wp-json\/wp\/v2\/product"}],"about":[{"href":"https:\/\/nordicmart.andreevmaster.com\/sv\/wp-json\/wp\/v2\/types\/product"}],"replies":[{"embeddable":true,"href":"https:\/\/nordicmart.andreevmaster.com\/sv\/wp-json\/wp\/v2\/comments?post=16506"}],"wp:featuredmedia":[{"embeddable":true,"href":"https:\/\/nordicmart.andreevmaster.com\/sv\/wp-json\/wp\/v2\/media\/44191"}],"wp:attachment":[{"href":"https:\/\/nordicmart.andreevmaster.com\/sv\/wp-json\/wp\/v2\/media?parent=16506"}],"wp:term":[{"taxonomy":"product_brand","embeddable":true,"href":"https:\/\/nordicmart.andreevmaster.com\/sv\/wp-json\/wp\/v2\/product_brand?post=16506"},{"taxonomy":"product_cat","embeddable":true,"href":"https:\/\/nordicmart.andreevmaster.com\/sv\/wp-json\/wp\/v2\/product_cat?post=16506"},{"taxonomy":"product_tag","embeddable":true,"href":"https:\/\/nordicmart.andreevmaster.com\/sv\/wp-json\/wp\/v2\/product_tag?post=16506"}],"curies":[{"name":"wp","href":"https:\/\/api.w.org\/{rel}","templated":true}]}}