{"id":16505,"date":"2026-02-27T00:30:51","date_gmt":"2026-02-27T00:30:51","guid":{"rendered":"https:\/\/nordicmart.andreevmaster.com\/product\/songmics-charmig-paraplystall-i-antracit\/"},"modified":"2026-02-27T08:21:17","modified_gmt":"2026-02-27T08:21:17","slug":"songmics-charmig-paraplystall-i-antracit","status":"publish","type":"product","link":"https:\/\/nordicmart.andreevmaster.com\/sv\/produkt\/songmics-charmig-paraplystall-i-antracit\/","title":{"rendered":"SONGMICS Charmig paraplyst\u00e4ll i antracit"},"content":{"rendered":"<p>F\u00f6rvara dina paraplyer med stil! L\u00e4gg inte l\u00e4ngre dina paraplyer p\u00e5 golvet! F\u00f6rvara dem i denna h\u00e5llare och st\u00e4ll den i ett h\u00f6rn av din hall \u2013 s\u00e5 f\u00f6rvandlas detta h\u00f6rn till en modern och elegant f\u00f6rvaringsplats. N\u00e4r dina g\u00e4ster kommer in i ditt hem kommer de att se att du har kontroll \u00f6ver ditt liv! Lev ekologiskt! Denna paraplyst\u00e4llning \u00e4r utrustad med en plastsk\u00e5l som f\u00e5ngar upp droppande vatten fr\u00e5n paraplyerna. P\u00e5 s\u00e5 s\u00e4tt undviker du vattenp\u00f6lar p\u00e5 golvet! Dessutom \u00e4r sk\u00e5len l\u00e4tt att ta ut och t\u00f6mma. Anv\u00e4nd det uppsamlade regnvattnet f\u00f6r att vattna dina krukv\u00e4xter och dela naturens g\u00e5va med dem. Produktdetaljer: F\u00e4rg: Antracit, matt yta Material: Metall, plast Storlek: 49 x 19,5 cm (H x \u00d8) Vikt: 2 kg Leveransomfattning: 1 x paraplyst\u00e4ll 1 x vattenuppsamlingssk\u00e5l 4 x krokar<\/p>\n","protected":false},"excerpt":{"rendered":"<p>SONGMICS paraplyst\u00e4ll i metall, runt paraplyst\u00e4ll, avtagbar vattenuppsamlingssk\u00e5l, med krokar, 49 x \u00d8 19,5 cm, vit LUC23W<\/p>\n","protected":false},"featured_media":44190,"comment_status":"open","ping_status":"closed","template":"","meta":[],"product_brand":[],"product_cat":[33],"product_tag":[],"class_list":{"0":"post-16505","1":"product","2":"type-product","3":"status-publish","4":"has-post-thumbnail","6":"product_cat-okategoriserad","8":"first","9":"instock","10":"shipping-taxable","11":"purchasable","12":"product-type-simple"},"_links":{"self":[{"href":"https:\/\/nordicmart.andreevmaster.com\/sv\/wp-json\/wp\/v2\/product\/16505","targetHints":{"allow":["GET"]}}],"collection":[{"href":"https:\/\/nordicmart.andreevmaster.com\/sv\/wp-json\/wp\/v2\/product"}],"about":[{"href":"https:\/\/nordicmart.andreevmaster.com\/sv\/wp-json\/wp\/v2\/types\/product"}],"replies":[{"embeddable":true,"href":"https:\/\/nordicmart.andreevmaster.com\/sv\/wp-json\/wp\/v2\/comments?post=16505"}],"wp:featuredmedia":[{"embeddable":true,"href":"https:\/\/nordicmart.andreevmaster.com\/sv\/wp-json\/wp\/v2\/media\/44190"}],"wp:attachment":[{"href":"https:\/\/nordicmart.andreevmaster.com\/sv\/wp-json\/wp\/v2\/media?parent=16505"}],"wp:term":[{"taxonomy":"product_brand","embeddable":true,"href":"https:\/\/nordicmart.andreevmaster.com\/sv\/wp-json\/wp\/v2\/product_brand?post=16505"},{"taxonomy":"product_cat","embeddable":true,"href":"https:\/\/nordicmart.andreevmaster.com\/sv\/wp-json\/wp\/v2\/product_cat?post=16505"},{"taxonomy":"product_tag","embeddable":true,"href":"https:\/\/nordicmart.andreevmaster.com\/sv\/wp-json\/wp\/v2\/product_tag?post=16505"}],"curies":[{"name":"wp","href":"https:\/\/api.w.org\/{rel}","templated":true}]}}