{"id":16502,"date":"2026-02-27T00:30:50","date_gmt":"2026-02-27T00:30:50","guid":{"rendered":"https:\/\/nordicmart.andreevmaster.com\/product\/songmics-paraplystall-fyrkantigt-vitt\/"},"modified":"2026-02-27T08:21:16","modified_gmt":"2026-02-27T08:21:16","slug":"songmics-paraplystall-fyrkantigt-vitt","status":"publish","type":"product","link":"https:\/\/nordicmart.andreevmaster.com\/sv\/produkt\/songmics-paraplystall-fyrkantigt-vitt\/","title":{"rendered":"SONGMICS paraplyst\u00e4ll, fyrkantigt, vitt"},"content":{"rendered":"<p>Denna paraplyst\u00e4llning i j\u00e4rn \u00e4r b\u00e5de funktionell och stilren. St\u00e4llningen erbjuder inte bara f\u00f6rvaringsm\u00f6jligheter, utan dekorerar ocks\u00e5 ditt rum och blir garanterat ett blickf\u00e5ng i din hall\/entr\u00e9.Varf\u00f6r ska du v\u00e4lja Songmics paraplyst\u00e4ll? Songmics \u00e4r alltid kundorienterat och g\u00f6r sitt yttersta f\u00f6r att erbjuda produkter av h\u00f6g kvalitet till ett bra pris. Vi har en utm\u00e4rkt kundservice och g\u00f6r allt f\u00f6r att l\u00f6sa dina problem. Perfekt f\u00f6rpackning som minimerar transportskador. Vi erbjuder paraplyst\u00e4ll i olika utf\u00f6randen och arbetar kontinuerligt med att utveckla nya modeller. Vi hoppas att du vill hedra oss med din uppm\u00e4rksamhet. Produktdetaljer: Material: j\u00e4rnpl\u00e5t M\u00e5tt: 15,5 x 15,5 x 49 cm F\u00e4rg: vit Vikt: 2 kg Leveransomfattning: 1 x paraplyst\u00e4ll 1 x vattenuppsamlingssk\u00e5l 4 x krokar<\/p>\n","protected":false},"excerpt":{"rendered":"<p>SONGMICS paraplyst\u00e4ll i metall, fyrkantigt paraplyst\u00e4ll, avtagbar vattenuppsamlingssk\u00e5l, med krokar, 15,5 x 15,5 x 49 cm, vit LUC16W<\/p>\n","protected":false},"featured_media":0,"comment_status":"open","ping_status":"closed","template":"","meta":[],"product_brand":[],"product_cat":[33],"product_tag":[],"class_list":{"0":"post-16502","1":"product","2":"type-product","3":"status-publish","5":"product_cat-okategoriserad","7":"first","8":"instock","9":"shipping-taxable","10":"purchasable","11":"product-type-simple"},"_links":{"self":[{"href":"https:\/\/nordicmart.andreevmaster.com\/sv\/wp-json\/wp\/v2\/product\/16502","targetHints":{"allow":["GET"]}}],"collection":[{"href":"https:\/\/nordicmart.andreevmaster.com\/sv\/wp-json\/wp\/v2\/product"}],"about":[{"href":"https:\/\/nordicmart.andreevmaster.com\/sv\/wp-json\/wp\/v2\/types\/product"}],"replies":[{"embeddable":true,"href":"https:\/\/nordicmart.andreevmaster.com\/sv\/wp-json\/wp\/v2\/comments?post=16502"}],"wp:attachment":[{"href":"https:\/\/nordicmart.andreevmaster.com\/sv\/wp-json\/wp\/v2\/media?parent=16502"}],"wp:term":[{"taxonomy":"product_brand","embeddable":true,"href":"https:\/\/nordicmart.andreevmaster.com\/sv\/wp-json\/wp\/v2\/product_brand?post=16502"},{"taxonomy":"product_cat","embeddable":true,"href":"https:\/\/nordicmart.andreevmaster.com\/sv\/wp-json\/wp\/v2\/product_cat?post=16502"},{"taxonomy":"product_tag","embeddable":true,"href":"https:\/\/nordicmart.andreevmaster.com\/sv\/wp-json\/wp\/v2\/product_tag?post=16502"}],"curies":[{"name":"wp","href":"https:\/\/api.w.org\/{rel}","templated":true}]}}