{"id":16500,"date":"2026-02-27T00:30:49","date_gmt":"2026-02-27T00:30:49","guid":{"rendered":"https:\/\/nordicmart.andreevmaster.com\/product\/songmics-charmig-paraplystallning-vit\/"},"modified":"2026-02-27T08:21:16","modified_gmt":"2026-02-27T08:21:16","slug":"songmics-charmig-paraplystallning-vit","status":"publish","type":"product","link":"https:\/\/nordicmart.andreevmaster.com\/sv\/produkt\/songmics-charmig-paraplystallning-vit\/","title":{"rendered":"SONGMICS Charmig paraplyst\u00e4llning Vit"},"content":{"rendered":"<p>H\u00e4r erbjuder Songmics ett stilfullt hallm\u00f6bel som \u00e4r ett tilltalande komplement till garderobsinredningen. Den metalltillverkade paraplyst\u00e4llningen blir ett blickf\u00e5ng i din hall\/entr\u00e9 tack vare sina fj\u00e4rilsmotiv. Den har en perfekt h\u00f6jd p\u00e5 49 cm och \u00e4r stabil \u00e4ven med stora paraplyer. Paraplyerna torkar bra i den. Den tar inte mycket plats och passar \u00e4ven i mindre h\u00f6rn. Songmics paraplyst\u00e4ll levereras i en skyddad f\u00f6rpackning, vilket f\u00f6rhindrar transportskador. Obs! &#8211; Ingen leksak, f\u00f6rvara produkten utom r\u00e4ckh\u00e5ll f\u00f6r barn. Produktdetaljer: &#8211; Material: metall &#8211; M\u00e5tt: 19,5 x 49 cm (\u00f8 x H) &#8211; F\u00e4rg: vit  &#8211; Nettovikt: 2 kg &#8211; Bruttovikt: 2,8 kg Leveransomfattning: &#8211; 1 x paraplyst\u00e4ll &#8211; 1 x vattenuppsamlingssk\u00e5l &#8211; 2 x krokar<\/p>\n","protected":false},"excerpt":{"rendered":"<p>SONGMICS paraplyst\u00e4ll i metall, runt paraplyst\u00e4ll, avtagbar vattenuppsamlingssk\u00e5l, med krokar, 49 x \u00d8 19,5 cm, vit LUC10W<\/p>\n","protected":false},"featured_media":44187,"comment_status":"open","ping_status":"closed","template":"","meta":[],"product_brand":[],"product_cat":[33],"product_tag":[],"class_list":{"0":"post-16500","1":"product","2":"type-product","3":"status-publish","4":"has-post-thumbnail","6":"product_cat-okategoriserad","8":"first","9":"instock","10":"shipping-taxable","11":"purchasable","12":"product-type-simple"},"_links":{"self":[{"href":"https:\/\/nordicmart.andreevmaster.com\/sv\/wp-json\/wp\/v2\/product\/16500","targetHints":{"allow":["GET"]}}],"collection":[{"href":"https:\/\/nordicmart.andreevmaster.com\/sv\/wp-json\/wp\/v2\/product"}],"about":[{"href":"https:\/\/nordicmart.andreevmaster.com\/sv\/wp-json\/wp\/v2\/types\/product"}],"replies":[{"embeddable":true,"href":"https:\/\/nordicmart.andreevmaster.com\/sv\/wp-json\/wp\/v2\/comments?post=16500"}],"wp:featuredmedia":[{"embeddable":true,"href":"https:\/\/nordicmart.andreevmaster.com\/sv\/wp-json\/wp\/v2\/media\/44187"}],"wp:attachment":[{"href":"https:\/\/nordicmart.andreevmaster.com\/sv\/wp-json\/wp\/v2\/media?parent=16500"}],"wp:term":[{"taxonomy":"product_brand","embeddable":true,"href":"https:\/\/nordicmart.andreevmaster.com\/sv\/wp-json\/wp\/v2\/product_brand?post=16500"},{"taxonomy":"product_cat","embeddable":true,"href":"https:\/\/nordicmart.andreevmaster.com\/sv\/wp-json\/wp\/v2\/product_cat?post=16500"},{"taxonomy":"product_tag","embeddable":true,"href":"https:\/\/nordicmart.andreevmaster.com\/sv\/wp-json\/wp\/v2\/product_tag?post=16500"}],"curies":[{"name":"wp","href":"https:\/\/api.w.org\/{rel}","templated":true}]}}