{"id":16499,"date":"2026-02-27T00:30:49","date_gmt":"2026-02-27T00:30:49","guid":{"rendered":"https:\/\/nordicmart.andreevmaster.com\/product\/songmics-paraplystall-i-metall-med-vattenuppsamlingsskal\/"},"modified":"2026-02-27T08:21:15","modified_gmt":"2026-02-27T08:21:15","slug":"songmics-paraplystall-i-metall-med-vattenuppsamlingsskal","status":"publish","type":"product","link":"https:\/\/nordicmart.andreevmaster.com\/sv\/produkt\/songmics-paraplystall-i-metall-med-vattenuppsamlingsskal\/","title":{"rendered":"SONGMICS paraplyst\u00e4ll i metall  med vattenuppsamlingssk\u00e5l"},"content":{"rendered":"<p>SONGMICS paraplyst\u00e4ll i metall, paraplyst\u00e4ll, fyrkantigt, med vattenuppsamlingssk\u00e5l och 4 krokar, 15,5 x 15,5 x 49 cm, antracit LUC049G01<br \/>\nF\u00e4rg: antracit<br \/>\nMaterial: metall, plast<br \/>\nStorlek: 15,5 x 15,5 x 49 cm (L x B x H)<br \/>\nVikt: 1,8 kg<\/p>\n","protected":false},"excerpt":{"rendered":"<p>SONGMICS paraplyst\u00e4ll i metall, paraplyst\u00e4ll, fyrkantigt, med vattenuppsamlingssk\u00e5l och 4 krokar, 15,5 x 15,5 x 49 cm, antracit LUC049G01<\/p>\n","protected":false},"featured_media":44186,"comment_status":"open","ping_status":"closed","template":"","meta":[],"product_brand":[],"product_cat":[33],"product_tag":[],"class_list":{"0":"post-16499","1":"product","2":"type-product","3":"status-publish","4":"has-post-thumbnail","6":"product_cat-okategoriserad","8":"first","9":"instock","10":"shipping-taxable","11":"purchasable","12":"product-type-simple"},"_links":{"self":[{"href":"https:\/\/nordicmart.andreevmaster.com\/sv\/wp-json\/wp\/v2\/product\/16499","targetHints":{"allow":["GET"]}}],"collection":[{"href":"https:\/\/nordicmart.andreevmaster.com\/sv\/wp-json\/wp\/v2\/product"}],"about":[{"href":"https:\/\/nordicmart.andreevmaster.com\/sv\/wp-json\/wp\/v2\/types\/product"}],"replies":[{"embeddable":true,"href":"https:\/\/nordicmart.andreevmaster.com\/sv\/wp-json\/wp\/v2\/comments?post=16499"}],"wp:featuredmedia":[{"embeddable":true,"href":"https:\/\/nordicmart.andreevmaster.com\/sv\/wp-json\/wp\/v2\/media\/44186"}],"wp:attachment":[{"href":"https:\/\/nordicmart.andreevmaster.com\/sv\/wp-json\/wp\/v2\/media?parent=16499"}],"wp:term":[{"taxonomy":"product_brand","embeddable":true,"href":"https:\/\/nordicmart.andreevmaster.com\/sv\/wp-json\/wp\/v2\/product_brand?post=16499"},{"taxonomy":"product_cat","embeddable":true,"href":"https:\/\/nordicmart.andreevmaster.com\/sv\/wp-json\/wp\/v2\/product_cat?post=16499"},{"taxonomy":"product_tag","embeddable":true,"href":"https:\/\/nordicmart.andreevmaster.com\/sv\/wp-json\/wp\/v2\/product_tag?post=16499"}],"curies":[{"name":"wp","href":"https:\/\/api.w.org\/{rel}","templated":true}]}}