{"id":16496,"date":"2026-02-27T00:30:48","date_gmt":"2026-02-27T00:30:48","guid":{"rendered":"https:\/\/nordicmart.andreevmaster.com\/product\/songmics-designad-paraplystallning-svart\/"},"modified":"2026-02-27T08:21:15","modified_gmt":"2026-02-27T08:21:15","slug":"songmics-designad-paraplystallning-svart","status":"publish","type":"product","link":"https:\/\/nordicmart.andreevmaster.com\/sv\/produkt\/songmics-designad-paraplystallning-svart\/","title":{"rendered":"SONGMICS designad paraplyst\u00e4llning, svart"},"content":{"rendered":"<p>Inget kaos, ingen stress: St\u00e4ll din paraply i denna eleganta paraplyst\u00e4llning fr\u00e5n SONGMICS n\u00e4r du har blivit genombl\u00f6t av regnet och kommit hem dr\u00e4nkt \u2013 s\u00e5 h\u00e5ller du golvet torrt och undviker v\u00e5ta fl\u00e4ckar. F\u00e5ngar upp droppande vatten: Denna paraplyst\u00e4ll levereras med en avtagbar uppsamlingssk\u00e5l i plast f\u00f6r att undvika vattenp\u00f6lar p\u00e5 golvet. Dessutom \u00e4r sk\u00e5len l\u00e4tt att t\u00f6mma. \u00c4ntligen beh\u00f6ver dina paraplyer inte l\u00e4ngre ligga utspridda \u00f6ver hela huset! St\u00e4ll dem i denna paraplyst\u00e4llning s\u00e5 att du \u00e4r perfekt f\u00f6rberedd f\u00f6r n\u00e4sta regniga dag. Produktdetaljer: F\u00e4rg: Svart Material: St\u00e5lram med bel\u00e4ggning Storlek: 28 x 12 x 41 cm (L x B x H) Vikt: 2 kg Leveransomfattning: 1 x paraplyst\u00e4llning 1 x vattenuppsamlingssk\u00e5l<\/p>\n","protected":false},"excerpt":{"rendered":"<p>SONGMICS paraplyst\u00e4ll i metall, rektangul\u00e4rt paraplyst\u00e4ll, 28 x 12 x 41 cm, med vattenuppsamlingssk\u00e5l och 4 krokar, gallerkonstruktion, antracit LUC02AG<\/p>\n","protected":false},"featured_media":44183,"comment_status":"open","ping_status":"closed","template":"","meta":[],"product_brand":[],"product_cat":[33],"product_tag":[],"class_list":{"0":"post-16496","1":"product","2":"type-product","3":"status-publish","4":"has-post-thumbnail","6":"product_cat-okategoriserad","8":"first","9":"instock","10":"shipping-taxable","11":"purchasable","12":"product-type-simple"},"_links":{"self":[{"href":"https:\/\/nordicmart.andreevmaster.com\/sv\/wp-json\/wp\/v2\/product\/16496","targetHints":{"allow":["GET"]}}],"collection":[{"href":"https:\/\/nordicmart.andreevmaster.com\/sv\/wp-json\/wp\/v2\/product"}],"about":[{"href":"https:\/\/nordicmart.andreevmaster.com\/sv\/wp-json\/wp\/v2\/types\/product"}],"replies":[{"embeddable":true,"href":"https:\/\/nordicmart.andreevmaster.com\/sv\/wp-json\/wp\/v2\/comments?post=16496"}],"wp:featuredmedia":[{"embeddable":true,"href":"https:\/\/nordicmart.andreevmaster.com\/sv\/wp-json\/wp\/v2\/media\/44183"}],"wp:attachment":[{"href":"https:\/\/nordicmart.andreevmaster.com\/sv\/wp-json\/wp\/v2\/media?parent=16496"}],"wp:term":[{"taxonomy":"product_brand","embeddable":true,"href":"https:\/\/nordicmart.andreevmaster.com\/sv\/wp-json\/wp\/v2\/product_brand?post=16496"},{"taxonomy":"product_cat","embeddable":true,"href":"https:\/\/nordicmart.andreevmaster.com\/sv\/wp-json\/wp\/v2\/product_cat?post=16496"},{"taxonomy":"product_tag","embeddable":true,"href":"https:\/\/nordicmart.andreevmaster.com\/sv\/wp-json\/wp\/v2\/product_tag?post=16496"}],"curies":[{"name":"wp","href":"https:\/\/api.w.org\/{rel}","templated":true}]}}