{"id":16495,"date":"2026-02-27T00:30:48","date_gmt":"2026-02-27T00:30:48","guid":{"rendered":"https:\/\/nordicmart.andreevmaster.com\/product\/songmics-paraplystall-med-4-krokar-antracit\/"},"modified":"2026-02-27T08:21:15","modified_gmt":"2026-02-27T08:21:15","slug":"songmics-paraplystall-med-4-krokar-antracit","status":"publish","type":"product","link":"https:\/\/nordicmart.andreevmaster.com\/sv\/produkt\/songmics-paraplystall-med-4-krokar-antracit\/","title":{"rendered":"SONGMICS paraplyst\u00e4ll med 4 krokar, antracit"},"content":{"rendered":"<p>Inget kaos, ingen stress: St\u00e4ll din paraply i denna eleganta paraplyh\u00e5llare fr\u00e5n SONGMICS n\u00e4r du kommer hem genombl\u00f6t och dr\u00e4nkt av regn \u2013 s\u00e5 h\u00e5ller du golvet torrt och undviker v\u00e5ta fl\u00e4ckar. Lev ekologiskt! Denna paraplyh\u00e5llare \u00e4r utrustad med en plastsk\u00e5l som f\u00e5ngar upp droppande vatten fr\u00e5n paraplyer. P\u00e5 s\u00e5 s\u00e4tt undviker du vattenp\u00f6lar p\u00e5 golvet! Dessutom \u00e4r sk\u00e5len l\u00e4tt att ta ut och t\u00f6mma. Anv\u00e4nd det uppsamlade regnvattnet f\u00f6r att vattna dina krukv\u00e4xter och dela naturens g\u00e5va med dem. Produktdetaljer: F\u00e4rg: Antracit Material: St\u00e5l med lackering Storlek: 28 x 12 x 41 cm (L x B x H) Vikt: 2 kg Leveransomfattning: 1 x paraplyst\u00e4ll 4 x krokar 1 x vattenuppsamlingssk\u00e5l<\/p>\n","protected":false},"excerpt":{"rendered":"<p>SONGMICS paraplyst\u00e4ll i metall, rektangul\u00e4rt paraplyst\u00e4ll, 28 x 12 x 41 cm, med vattenuppsamlingssk\u00e5l och 4 krokar, gallerkonstruktion, antracit LUC02AG<\/p>\n","protected":false},"featured_media":46678,"comment_status":"open","ping_status":"closed","template":"","meta":[],"product_brand":[],"product_cat":[33],"product_tag":[],"class_list":{"0":"post-16495","1":"product","2":"type-product","3":"status-publish","4":"has-post-thumbnail","6":"product_cat-okategoriserad","8":"first","9":"instock","10":"shipping-taxable","11":"purchasable","12":"product-type-simple"},"_links":{"self":[{"href":"https:\/\/nordicmart.andreevmaster.com\/sv\/wp-json\/wp\/v2\/product\/16495","targetHints":{"allow":["GET"]}}],"collection":[{"href":"https:\/\/nordicmart.andreevmaster.com\/sv\/wp-json\/wp\/v2\/product"}],"about":[{"href":"https:\/\/nordicmart.andreevmaster.com\/sv\/wp-json\/wp\/v2\/types\/product"}],"replies":[{"embeddable":true,"href":"https:\/\/nordicmart.andreevmaster.com\/sv\/wp-json\/wp\/v2\/comments?post=16495"}],"wp:featuredmedia":[{"embeddable":true,"href":"https:\/\/nordicmart.andreevmaster.com\/sv\/wp-json\/wp\/v2\/media\/46678"}],"wp:attachment":[{"href":"https:\/\/nordicmart.andreevmaster.com\/sv\/wp-json\/wp\/v2\/media?parent=16495"}],"wp:term":[{"taxonomy":"product_brand","embeddable":true,"href":"https:\/\/nordicmart.andreevmaster.com\/sv\/wp-json\/wp\/v2\/product_brand?post=16495"},{"taxonomy":"product_cat","embeddable":true,"href":"https:\/\/nordicmart.andreevmaster.com\/sv\/wp-json\/wp\/v2\/product_cat?post=16495"},{"taxonomy":"product_tag","embeddable":true,"href":"https:\/\/nordicmart.andreevmaster.com\/sv\/wp-json\/wp\/v2\/product_tag?post=16495"}],"curies":[{"name":"wp","href":"https:\/\/api.w.org\/{rel}","templated":true}]}}