{"id":16494,"date":"2026-02-27T00:30:48","date_gmt":"2026-02-27T00:30:48","guid":{"rendered":"https:\/\/nordicmart.andreevmaster.com\/product\/songmics-paraplystall-i-metall-4-krokar-svart\/"},"modified":"2026-02-27T08:21:14","modified_gmt":"2026-02-27T08:21:14","slug":"songmics-paraplystall-i-metall-4-krokar-svart","status":"publish","type":"product","link":"https:\/\/nordicmart.andreevmaster.com\/sv\/produkt\/songmics-paraplystall-i-metall-4-krokar-svart\/","title":{"rendered":"SONGMICS paraplyst\u00e4ll i metall 4 krokar svart"},"content":{"rendered":"<p>SONGMICS paraplyst\u00e4ll, paraplyst\u00e4ll, fyrkantigt, f\u00f6r entr\u00e9, av metall, f\u00f6r vandringsstavar, avtagbar vattenuppsamlingssk\u00e5l Paraplyst\u00e4ll<br \/>\nF\u00e4rg: Svart<br \/>\nMaterial: st\u00e5l, plast<br \/>\nStorlek: 15,5 x 15,5 x 41 cm (D x B x H)<br \/>\nVikt: 1,2 kg<\/p>\n","protected":false},"excerpt":{"rendered":"<p>SONGMICS paraplyst\u00e4ll, paraplyst\u00e4ll, fyrkantigt, f\u00f6r entr\u00e9, av metall, f\u00f6r vandringsstavar, avtagbar vattenuppsamlingssk\u00e5l Paraplyst\u00e4ll<\/p>\n","protected":false},"featured_media":46677,"comment_status":"open","ping_status":"closed","template":"","meta":[],"product_brand":[],"product_cat":[33],"product_tag":[],"class_list":{"0":"post-16494","1":"product","2":"type-product","3":"status-publish","4":"has-post-thumbnail","6":"product_cat-okategoriserad","8":"first","9":"instock","10":"shipping-taxable","11":"purchasable","12":"product-type-simple"},"_links":{"self":[{"href":"https:\/\/nordicmart.andreevmaster.com\/sv\/wp-json\/wp\/v2\/product\/16494","targetHints":{"allow":["GET"]}}],"collection":[{"href":"https:\/\/nordicmart.andreevmaster.com\/sv\/wp-json\/wp\/v2\/product"}],"about":[{"href":"https:\/\/nordicmart.andreevmaster.com\/sv\/wp-json\/wp\/v2\/types\/product"}],"replies":[{"embeddable":true,"href":"https:\/\/nordicmart.andreevmaster.com\/sv\/wp-json\/wp\/v2\/comments?post=16494"}],"wp:featuredmedia":[{"embeddable":true,"href":"https:\/\/nordicmart.andreevmaster.com\/sv\/wp-json\/wp\/v2\/media\/46677"}],"wp:attachment":[{"href":"https:\/\/nordicmart.andreevmaster.com\/sv\/wp-json\/wp\/v2\/media?parent=16494"}],"wp:term":[{"taxonomy":"product_brand","embeddable":true,"href":"https:\/\/nordicmart.andreevmaster.com\/sv\/wp-json\/wp\/v2\/product_brand?post=16494"},{"taxonomy":"product_cat","embeddable":true,"href":"https:\/\/nordicmart.andreevmaster.com\/sv\/wp-json\/wp\/v2\/product_cat?post=16494"},{"taxonomy":"product_tag","embeddable":true,"href":"https:\/\/nordicmart.andreevmaster.com\/sv\/wp-json\/wp\/v2\/product_tag?post=16494"}],"curies":[{"name":"wp","href":"https:\/\/api.w.org\/{rel}","templated":true}]}}