{"id":16493,"date":"2026-02-27T00:30:48","date_gmt":"2026-02-27T00:30:48","guid":{"rendered":"https:\/\/nordicmart.andreevmaster.com\/product\/songmics-paraplystall-i-metall\/"},"modified":"2026-02-27T08:21:14","modified_gmt":"2026-02-27T08:21:14","slug":"songmics-paraplystall-i-metall","status":"publish","type":"product","link":"https:\/\/nordicmart.andreevmaster.com\/sv\/produkt\/songmics-paraplystall-i-metall\/","title":{"rendered":"SONGMICS paraplyst\u00e4ll i metall"},"content":{"rendered":"<p>F\u00e4rg: Svart<br \/>\nMaterial: st\u00e5l<br \/>\nStorlek: 17 x 41 cm (\u00d8 x H)<br \/>\nVikt: 1,8 kg<\/p>\n","protected":false},"excerpt":{"rendered":"<p>F\u00e4rg: Svart Material: st\u00e5l Storlek: 17 x 41 cm (\u00d8 x H) Vikt: 1,8 kg<\/p>\n","protected":false},"featured_media":44182,"comment_status":"open","ping_status":"closed","template":"","meta":[],"product_brand":[],"product_cat":[33],"product_tag":[],"class_list":{"0":"post-16493","1":"product","2":"type-product","3":"status-publish","4":"has-post-thumbnail","6":"product_cat-okategoriserad","8":"first","9":"instock","10":"shipping-taxable","11":"purchasable","12":"product-type-simple"},"_links":{"self":[{"href":"https:\/\/nordicmart.andreevmaster.com\/sv\/wp-json\/wp\/v2\/product\/16493","targetHints":{"allow":["GET"]}}],"collection":[{"href":"https:\/\/nordicmart.andreevmaster.com\/sv\/wp-json\/wp\/v2\/product"}],"about":[{"href":"https:\/\/nordicmart.andreevmaster.com\/sv\/wp-json\/wp\/v2\/types\/product"}],"replies":[{"embeddable":true,"href":"https:\/\/nordicmart.andreevmaster.com\/sv\/wp-json\/wp\/v2\/comments?post=16493"}],"wp:featuredmedia":[{"embeddable":true,"href":"https:\/\/nordicmart.andreevmaster.com\/sv\/wp-json\/wp\/v2\/media\/44182"}],"wp:attachment":[{"href":"https:\/\/nordicmart.andreevmaster.com\/sv\/wp-json\/wp\/v2\/media?parent=16493"}],"wp:term":[{"taxonomy":"product_brand","embeddable":true,"href":"https:\/\/nordicmart.andreevmaster.com\/sv\/wp-json\/wp\/v2\/product_brand?post=16493"},{"taxonomy":"product_cat","embeddable":true,"href":"https:\/\/nordicmart.andreevmaster.com\/sv\/wp-json\/wp\/v2\/product_cat?post=16493"},{"taxonomy":"product_tag","embeddable":true,"href":"https:\/\/nordicmart.andreevmaster.com\/sv\/wp-json\/wp\/v2\/product_tag?post=16493"}],"curies":[{"name":"wp","href":"https:\/\/api.w.org\/{rel}","templated":true}]}}