{"id":16489,"date":"2026-02-27T00:30:47","date_gmt":"2026-02-27T00:30:47","guid":{"rendered":"https:\/\/nordicmart.andreevmaster.com\/product\/songmics-paraplystall-rektangulart\/"},"modified":"2026-02-27T08:21:13","modified_gmt":"2026-02-27T08:21:13","slug":"songmics-paraplystall-rektangulart","status":"publish","type":"product","link":"https:\/\/nordicmart.andreevmaster.com\/sv\/produkt\/songmics-paraplystall-rektangulart\/","title":{"rendered":"SONGMICS paraplyst\u00e4ll, rektangul\u00e4rt"},"content":{"rendered":"<p>Inget kaos, ingen stress: St\u00e4ll din paraply i denna eleganta paraplyh\u00e5llare fr\u00e5n SONGMICS n\u00e4r du kommer hem genombl\u00f6t och dr\u00e4nkt av regn \u2013 s\u00e5 h\u00e5ller du golvet torrt och undviker v\u00e5ta fl\u00e4ckar. F\u00e5ngar upp droppande vatten: Denna paraplyst\u00e4ll levereras med en avtagbar uppsamlingssk\u00e5l i plast f\u00f6r att undvika vattenp\u00f6lar p\u00e5 golvet. Dessutom \u00e4r sk\u00e5len l\u00e4tt att t\u00f6mma. \u00c4ntligen beh\u00f6ver dina paraplyer inte l\u00e4ngre ligga utspridda \u00f6ver hela huset! St\u00e4ll dem i denna paraplyst\u00e4llning s\u00e5 att du \u00e4r perfekt f\u00f6rberedd f\u00f6r n\u00e4sta regniga dag. Produktdetaljer: &#8211; F\u00e4rg: Svart &#8211; Material: St\u00e5l &#8211; Storlek: 28 x 12 x 41 cm (L x B x H) &#8211; Vikt: 1,9 kg Leveransomfattning: &#8211; 1 x paraplyst\u00e4llning &#8211; 1 x vattenuppsamlingssk\u00e5l &#8211; 4 x krokar<\/p>\n","protected":false},"excerpt":{"rendered":"<p>SONGMICS paraplyst\u00e4ll i metall, paraplyst\u00e4ll, rektangul\u00e4rt, med en uttagbar vattenuppsamlingssk\u00e5l, 4 krokar, utskuren design, f\u00f6r hallen och kontoret, svart LUC004B01<\/p>\n","protected":false},"featured_media":0,"comment_status":"open","ping_status":"closed","template":"","meta":[],"product_brand":[],"product_cat":[33],"product_tag":[],"class_list":{"0":"post-16489","1":"product","2":"type-product","3":"status-publish","5":"product_cat-okategoriserad","7":"first","8":"instock","9":"shipping-taxable","10":"purchasable","11":"product-type-simple"},"_links":{"self":[{"href":"https:\/\/nordicmart.andreevmaster.com\/sv\/wp-json\/wp\/v2\/product\/16489","targetHints":{"allow":["GET"]}}],"collection":[{"href":"https:\/\/nordicmart.andreevmaster.com\/sv\/wp-json\/wp\/v2\/product"}],"about":[{"href":"https:\/\/nordicmart.andreevmaster.com\/sv\/wp-json\/wp\/v2\/types\/product"}],"replies":[{"embeddable":true,"href":"https:\/\/nordicmart.andreevmaster.com\/sv\/wp-json\/wp\/v2\/comments?post=16489"}],"wp:attachment":[{"href":"https:\/\/nordicmart.andreevmaster.com\/sv\/wp-json\/wp\/v2\/media?parent=16489"}],"wp:term":[{"taxonomy":"product_brand","embeddable":true,"href":"https:\/\/nordicmart.andreevmaster.com\/sv\/wp-json\/wp\/v2\/product_brand?post=16489"},{"taxonomy":"product_cat","embeddable":true,"href":"https:\/\/nordicmart.andreevmaster.com\/sv\/wp-json\/wp\/v2\/product_cat?post=16489"},{"taxonomy":"product_tag","embeddable":true,"href":"https:\/\/nordicmart.andreevmaster.com\/sv\/wp-json\/wp\/v2\/product_tag?post=16489"}],"curies":[{"name":"wp","href":"https:\/\/api.w.org\/{rel}","templated":true}]}}