{"id":16488,"date":"2026-02-27T00:30:46","date_gmt":"2026-02-27T00:30:46","guid":{"rendered":"https:\/\/nordicmart.andreevmaster.com\/product\/songmics-paraplystall-i-metall-svart\/"},"modified":"2026-02-27T08:21:13","modified_gmt":"2026-02-27T08:21:13","slug":"songmics-paraplystall-i-metall-svart","status":"publish","type":"product","link":"https:\/\/nordicmart.andreevmaster.com\/sv\/produkt\/songmics-paraplystall-i-metall-svart\/","title":{"rendered":"SONGMICS paraplyst\u00e4ll i metall, svart"},"content":{"rendered":"<p>Inget kaos, ingen stress:&nbsp;St\u00e4ll din paraply i denna eleganta paraplyst\u00e4llning fr\u00e5n SONGMICS n\u00e4r du kommer hem genombl\u00f6t och dr\u00e4nkt av regn \u2013 s\u00e5 h\u00e5ller du golvet torrt och undviker v\u00e5ta fl\u00e4ckar.Lev ekologiskt! Denna paraplyst\u00e4llning \u00e4r utrustad med en plastsk\u00e5l som f\u00e5ngar upp droppande vatten fr\u00e5n paraplyer. P\u00e5 s\u00e5 s\u00e4tt undviker du vattenp\u00f6lar p\u00e5 golvet! Dessutom \u00e4r sk\u00e5len l\u00e4tt att ta ut och t\u00f6mma. Anv\u00e4nd det uppsamlade regnvattnet f\u00f6r att vattna dina krukv\u00e4xter och dela naturens g\u00e5va med dem. Produktdetaljer: F\u00e4rg: Svart Material: Metall Storlek: 15,5 x 15,5 x 49 cm (L x B x H) Vikt: 2 kg Leveransomfattning: 1 x paraplyst\u00e4ll 1 x vattenuppsamlingssk\u00e5l 4 x krokar<\/p>\n","protected":false},"excerpt":{"rendered":"<p>SONGMICS paraplyst\u00e4ll i metall, paraplyst\u00e4ll, fyrkantigt, 4 krokar och en avtagbar vattenuppsamlingssk\u00e5l, 15,5 x 15,5 x 49 cm, svart LUC001B01<\/p>\n","protected":false},"featured_media":44179,"comment_status":"open","ping_status":"closed","template":"","meta":[],"product_brand":[],"product_cat":[33],"product_tag":[],"class_list":{"0":"post-16488","1":"product","2":"type-product","3":"status-publish","4":"has-post-thumbnail","6":"product_cat-okategoriserad","8":"first","9":"instock","10":"shipping-taxable","11":"purchasable","12":"product-type-simple"},"_links":{"self":[{"href":"https:\/\/nordicmart.andreevmaster.com\/sv\/wp-json\/wp\/v2\/product\/16488","targetHints":{"allow":["GET"]}}],"collection":[{"href":"https:\/\/nordicmart.andreevmaster.com\/sv\/wp-json\/wp\/v2\/product"}],"about":[{"href":"https:\/\/nordicmart.andreevmaster.com\/sv\/wp-json\/wp\/v2\/types\/product"}],"replies":[{"embeddable":true,"href":"https:\/\/nordicmart.andreevmaster.com\/sv\/wp-json\/wp\/v2\/comments?post=16488"}],"wp:featuredmedia":[{"embeddable":true,"href":"https:\/\/nordicmart.andreevmaster.com\/sv\/wp-json\/wp\/v2\/media\/44179"}],"wp:attachment":[{"href":"https:\/\/nordicmart.andreevmaster.com\/sv\/wp-json\/wp\/v2\/media?parent=16488"}],"wp:term":[{"taxonomy":"product_brand","embeddable":true,"href":"https:\/\/nordicmart.andreevmaster.com\/sv\/wp-json\/wp\/v2\/product_brand?post=16488"},{"taxonomy":"product_cat","embeddable":true,"href":"https:\/\/nordicmart.andreevmaster.com\/sv\/wp-json\/wp\/v2\/product_cat?post=16488"},{"taxonomy":"product_tag","embeddable":true,"href":"https:\/\/nordicmart.andreevmaster.com\/sv\/wp-json\/wp\/v2\/product_tag?post=16488"}],"curies":[{"name":"wp","href":"https:\/\/api.w.org\/{rel}","templated":true}]}}