{"id":16487,"date":"2026-02-27T00:30:46","date_gmt":"2026-02-27T00:30:46","guid":{"rendered":"https:\/\/nordicmart.andreevmaster.com\/product\/lumi-2-dorrars-skap\/"},"modified":"2026-02-27T08:21:13","modified_gmt":"2026-02-27T08:21:13","slug":"lumi-2-dorrars-skap","status":"publish","type":"product","link":"https:\/\/nordicmart.andreevmaster.com\/sv\/produkt\/lumi-2-dorrars-skap\/","title":{"rendered":"Lumi 2-d\u00f6rrars sk\u00e5p"},"content":{"rendered":"<p>Huvudsakliga f\u00f6rdelar: <\/p>\n<p>&#8211; 2 rymliga l\u00e5dor,<br \/>\n &#8211; 4 hyllor, varav 3 med justerbar position<br \/>\n &#8211; m\u00f6jlighet att montera p\u00e5 v\u00e4ggen &#8211; rekommenderas,<br \/>\n &#8211; uppfyller europeiska s\u00e4kerhetsstandarder och normer. <\/p>\n<p>M\u00e5tt (cm):<br \/>\n h\u00f6jd: 170<br \/>\n djup: 40<br \/>\n bredd: 80 <\/p>\n<p> Ytterligare information:<br \/>\n &#8211; h\u00f6gkvalitativ laminerad skiva som \u00e4r motst\u00e5ndskraftig mot skador och fukt, l\u00e4tt att h\u00e5lla ren<br \/>\n &#8211; cellul\u00e4rt polykarbonat,<br \/>\n &#8211; metallben och handtag<br \/>\n &#8211; Hafele-skenor utrustade med ett system som bromsar st\u00e4ngningen av l\u00e5dorna <\/p>\n<p> F\u00e4rger:<br \/>\n &#8211; Vit\/svart <\/p>\n<p>Anv\u00e4ndningsanvisning: <\/p>\n<p>M\u00f6blerna ska torkas av med en mjuk bomullsduk fuktad med vatten eller ett m\u00f6belv\u00e5rdsmedel. <\/p>\n<p>Montering: <\/p>\n<p>M\u00f6blerna levereras i paket f\u00f6r sj\u00e4lvmontering. Detaljerade monteringsanvisningar medf\u00f6ljer i paketen tillsammans med utrustningen.<\/p>\n","protected":false},"excerpt":{"rendered":"<p>Huvudsakliga f\u00f6rdelar: &#8211; 2 rymliga l\u00e5dor, &#8211; 4 hyllor, varav 3 med justerbar position &#8211; m\u00f6jlighet att montera p\u00e5 v\u00e4ggen &#8211; rekommenderas, &#8211; uppfyller europeiska s\u00e4kerhetsstandarder och normer. M\u00e5tt (cm): h\u00f6jd: 170 djup: 40 bredd: 80 Ytterligare information: &#8211; h\u00f6gkvalitativ laminerad skiva som \u00e4r motst\u00e5ndskraftig mot skador och fukt, l\u00e4tt att h\u00e5lla ren &#8211; cellul\u00e4rt [&hellip;]<\/p>\n","protected":false},"featured_media":0,"comment_status":"open","ping_status":"closed","template":"","meta":[],"product_brand":[],"product_cat":[33],"product_tag":[],"class_list":{"0":"post-16487","1":"product","2":"type-product","3":"status-publish","5":"product_cat-okategoriserad","7":"first","8":"instock","9":"shipping-taxable","10":"purchasable","11":"product-type-simple"},"_links":{"self":[{"href":"https:\/\/nordicmart.andreevmaster.com\/sv\/wp-json\/wp\/v2\/product\/16487","targetHints":{"allow":["GET"]}}],"collection":[{"href":"https:\/\/nordicmart.andreevmaster.com\/sv\/wp-json\/wp\/v2\/product"}],"about":[{"href":"https:\/\/nordicmart.andreevmaster.com\/sv\/wp-json\/wp\/v2\/types\/product"}],"replies":[{"embeddable":true,"href":"https:\/\/nordicmart.andreevmaster.com\/sv\/wp-json\/wp\/v2\/comments?post=16487"}],"wp:attachment":[{"href":"https:\/\/nordicmart.andreevmaster.com\/sv\/wp-json\/wp\/v2\/media?parent=16487"}],"wp:term":[{"taxonomy":"product_brand","embeddable":true,"href":"https:\/\/nordicmart.andreevmaster.com\/sv\/wp-json\/wp\/v2\/product_brand?post=16487"},{"taxonomy":"product_cat","embeddable":true,"href":"https:\/\/nordicmart.andreevmaster.com\/sv\/wp-json\/wp\/v2\/product_cat?post=16487"},{"taxonomy":"product_tag","embeddable":true,"href":"https:\/\/nordicmart.andreevmaster.com\/sv\/wp-json\/wp\/v2\/product_tag?post=16487"}],"curies":[{"name":"wp","href":"https:\/\/api.w.org\/{rel}","templated":true}]}}