{"id":16486,"date":"2026-02-27T00:30:46","date_gmt":"2026-02-27T00:30:46","guid":{"rendered":"https:\/\/nordicmart.andreevmaster.com\/product\/lumi-lada-for-spjalsang-70x140\/"},"modified":"2026-02-27T08:21:13","modified_gmt":"2026-02-27T08:21:13","slug":"lumi-lada-for-spjalsang-70x140","status":"publish","type":"product","link":"https:\/\/nordicmart.andreevmaster.com\/sv\/produkt\/lumi-lada-for-spjalsang-70x140\/","title":{"rendered":"Lumi-l\u00e5da f\u00f6r spj\u00e4ls\u00e4ng 70&#215;140"},"content":{"rendered":"<p>Huvudsakliga f\u00f6rdelar: <\/p>\n<p>&#8211; en l\u00e5da p\u00e5 hjul, utrustad med praktiska gummiband f\u00f6r att f\u00f6rhindra repor p\u00e5 ytan, <\/p>\n<p>&#8211; tillverkad enligt europeiska standarder och s\u00e4kerhetsnormer <\/p>\n<p>M\u00e5tt (cm): <\/p>\n<p>l\u00e4ngd: 139,3 <\/p>\n<p>bredd: 73,4 <\/p>\n<p>h\u00f6jd: 13 <\/p>\n<p>Ytterligare information: <\/p>\n<p>&#8211; l\u00e5dan passar en madrass med m\u00e5tten: 70 cm x 140 <\/p>\n<p>Design och finish: <\/p>\n<p>&#8211; h\u00f6gkvalitativ laminerad skiva som \u00e4r motst\u00e5ndskraftig mot skador och fukt, l\u00e4tt att h\u00e5lla ren <\/p>\n<p>F\u00e4rg: <\/p>\n<p>&#8211; vit <\/p>\n<p>Anv\u00e4ndningsanvisning: <\/p>\n<p>M\u00f6blerna ska torkas av med en mjuk bomullsduk fuktad med vatten eller ett m\u00f6belv\u00e5rdsmedel. <\/p>\n<p>Montering: <\/p>\n<p>M\u00f6blerna levereras i paket f\u00f6r sj\u00e4lvmontering. Paketen inneh\u00e5ller detaljerade monteringsanvisningar samt tillbeh\u00f6r (skruvar etc.).<\/p>\n","protected":false},"excerpt":{"rendered":"<p>Huvudsakliga f\u00f6rdelar: &#8211; en l\u00e5da p\u00e5 hjul, utrustad med praktiska gummiband f\u00f6r att f\u00f6rhindra repor p\u00e5 ytan, &#8211; tillverkad enligt europeiska standarder och s\u00e4kerhetsnormer M\u00e5tt (cm): l\u00e4ngd: 139,3 bredd: 73,4 h\u00f6jd: 13 Ytterligare information: &#8211; l\u00e5dan passar en madrass med m\u00e5tten: 70 cm x 140 Design och finish: &#8211; h\u00f6gkvalitativ laminerad skiva som \u00e4r motst\u00e5ndskraftig [&hellip;]<\/p>\n","protected":false},"featured_media":0,"comment_status":"open","ping_status":"closed","template":"","meta":[],"product_brand":[],"product_cat":[33],"product_tag":[],"class_list":{"0":"post-16486","1":"product","2":"type-product","3":"status-publish","5":"product_cat-okategoriserad","7":"first","8":"instock","9":"shipping-taxable","10":"purchasable","11":"product-type-simple"},"_links":{"self":[{"href":"https:\/\/nordicmart.andreevmaster.com\/sv\/wp-json\/wp\/v2\/product\/16486","targetHints":{"allow":["GET"]}}],"collection":[{"href":"https:\/\/nordicmart.andreevmaster.com\/sv\/wp-json\/wp\/v2\/product"}],"about":[{"href":"https:\/\/nordicmart.andreevmaster.com\/sv\/wp-json\/wp\/v2\/types\/product"}],"replies":[{"embeddable":true,"href":"https:\/\/nordicmart.andreevmaster.com\/sv\/wp-json\/wp\/v2\/comments?post=16486"}],"wp:attachment":[{"href":"https:\/\/nordicmart.andreevmaster.com\/sv\/wp-json\/wp\/v2\/media?parent=16486"}],"wp:term":[{"taxonomy":"product_brand","embeddable":true,"href":"https:\/\/nordicmart.andreevmaster.com\/sv\/wp-json\/wp\/v2\/product_brand?post=16486"},{"taxonomy":"product_cat","embeddable":true,"href":"https:\/\/nordicmart.andreevmaster.com\/sv\/wp-json\/wp\/v2\/product_cat?post=16486"},{"taxonomy":"product_tag","embeddable":true,"href":"https:\/\/nordicmart.andreevmaster.com\/sv\/wp-json\/wp\/v2\/product_tag?post=16486"}],"curies":[{"name":"wp","href":"https:\/\/api.w.org\/{rel}","templated":true}]}}