{"id":16485,"date":"2026-02-27T00:30:46","date_gmt":"2026-02-27T00:30:46","guid":{"rendered":"https:\/\/nordicmart.andreevmaster.com\/product\/lumi-ratata-skotbord\/"},"modified":"2026-02-27T08:21:12","modified_gmt":"2026-02-27T08:21:12","slug":"lumi-ratata-skotbord","status":"publish","type":"product","link":"https:\/\/nordicmart.andreevmaster.com\/sv\/produkt\/lumi-ratata-skotbord\/","title":{"rendered":"Lumi \/  Ratata sk\u00f6tbord"},"content":{"rendered":"<p>Huvudsakliga f\u00f6rdelar: <\/p>\n<p>&#8211; s\u00e4ker, bekv\u00e4m och praktisk plats som underl\u00e4ttar byte av bl\u00f6jor, <\/p>\n<p>&#8211; ut\u00f6kar byr\u00e5ns yta s\u00e5 att barnet \u00e4r s\u00e4kert och alla v\u00e5rdprodukter finns inom r\u00e4ckh\u00e5ll, <\/p>\n<p>&#8211; passar perfekt till LUMI-byr\u00e5n, <\/p>\n<p>&#8211; kan monteras p\u00e5 v\u00e4nster och h\u00f6ger sida samt i mitten av byr\u00e5n, <\/p>\n<p>&#8211; kan monteras p\u00e5 en spj\u00e4ls\u00e4ng fr\u00e5n LUMI-kollektionen <\/p>\n<p>&#8211; b\u00e5de montering och demontering g\u00e5r mycket snabbt och enkelt; efter demontering finns inga m\u00e4rken kvar p\u00e5 byr\u00e5n, <\/p>\n<p>&#8211; uppfyller europeiska s\u00e4kerhetsstandarder och normer. <\/p>\n<p>M\u00e5tt (cm): <\/p>\n<p>h\u00f6jd: 8 <\/p>\n<p>bredd: 59 <\/p>\n<p>djup: 85 <\/p>\n<p> Ytterligare information : <\/p>\n<p>-textilinsatser\/sk\u00f6tunderl\u00e4gg med maximala m\u00e5tt p\u00e5 56 cm x 75 cm kan f\u00e4stas p\u00e5 sk\u00f6tbordet <\/p>\n<p>-maximal vikt f\u00f6r ett barn p\u00e5 sk\u00f6tbordet: 15 kg <\/p>\n<p> Design och finish: <\/p>\n<p>&#8211; h\u00f6gkvalitativ laminerad skiva som \u00e4r motst\u00e5ndskraftig mot skador och fukt, l\u00e4tt att h\u00e5lla ren, <\/p>\n<p> F\u00e4rger:<br \/>\n &#8211; vit <\/p>\n<p>Anv\u00e4ndningsanvisning: <\/p>\n<p>M\u00f6blerna ska torkas av med en mjuk bomullsduk fuktad med vatten eller ett m\u00f6belv\u00e5rdsmedel. <\/p>\n<p>Montering: <\/p>\n<p>M\u00f6blerna levereras i paket f\u00f6r sj\u00e4lvmontering. Detaljerade monteringsanvisningar medf\u00f6ljer i paketen tillsammans med utrustningen.<\/p>\n","protected":false},"excerpt":{"rendered":"<p>Huvudsakliga f\u00f6rdelar: &#8211; s\u00e4ker, bekv\u00e4m och praktisk plats som underl\u00e4ttar byte av bl\u00f6jor, &#8211; ut\u00f6kar byr\u00e5ns yta s\u00e5 att barnet \u00e4r s\u00e4kert och alla v\u00e5rdprodukter finns inom r\u00e4ckh\u00e5ll, &#8211; passar perfekt till LUMI-byr\u00e5n, &#8211; kan monteras p\u00e5 v\u00e4nster och h\u00f6ger sida samt i mitten av byr\u00e5n, &#8211; kan monteras p\u00e5 en spj\u00e4ls\u00e4ng fr\u00e5n LUMI-kollektionen &#8211; [&hellip;]<\/p>\n","protected":false},"featured_media":0,"comment_status":"open","ping_status":"closed","template":"","meta":[],"product_brand":[],"product_cat":[33],"product_tag":[],"class_list":{"0":"post-16485","1":"product","2":"type-product","3":"status-publish","5":"product_cat-okategoriserad","7":"first","8":"instock","9":"shipping-taxable","10":"purchasable","11":"product-type-simple"},"_links":{"self":[{"href":"https:\/\/nordicmart.andreevmaster.com\/sv\/wp-json\/wp\/v2\/product\/16485","targetHints":{"allow":["GET"]}}],"collection":[{"href":"https:\/\/nordicmart.andreevmaster.com\/sv\/wp-json\/wp\/v2\/product"}],"about":[{"href":"https:\/\/nordicmart.andreevmaster.com\/sv\/wp-json\/wp\/v2\/types\/product"}],"replies":[{"embeddable":true,"href":"https:\/\/nordicmart.andreevmaster.com\/sv\/wp-json\/wp\/v2\/comments?post=16485"}],"wp:attachment":[{"href":"https:\/\/nordicmart.andreevmaster.com\/sv\/wp-json\/wp\/v2\/media?parent=16485"}],"wp:term":[{"taxonomy":"product_brand","embeddable":true,"href":"https:\/\/nordicmart.andreevmaster.com\/sv\/wp-json\/wp\/v2\/product_brand?post=16485"},{"taxonomy":"product_cat","embeddable":true,"href":"https:\/\/nordicmart.andreevmaster.com\/sv\/wp-json\/wp\/v2\/product_cat?post=16485"},{"taxonomy":"product_tag","embeddable":true,"href":"https:\/\/nordicmart.andreevmaster.com\/sv\/wp-json\/wp\/v2\/product_tag?post=16485"}],"curies":[{"name":"wp","href":"https:\/\/api.w.org\/{rel}","templated":true}]}}