{"id":16484,"date":"2026-02-27T00:30:45","date_gmt":"2026-02-27T00:30:45","guid":{"rendered":"https:\/\/nordicmart.andreevmaster.com\/product\/lumi-skrivbord-ljudabsorberande-panel-for-skrivbord\/"},"modified":"2026-02-27T08:21:12","modified_gmt":"2026-02-27T08:21:12","slug":"lumi-skrivbord-ljudabsorberande-panel-for-skrivbord","status":"publish","type":"product","link":"https:\/\/nordicmart.andreevmaster.com\/sv\/produkt\/lumi-skrivbord-ljudabsorberande-panel-for-skrivbord\/","title":{"rendered":"Lumi skrivbord ljudabsorberande panel f\u00f6r skrivbord"},"content":{"rendered":"<p>Elegans, enkelhet,  detaljer Kollektion av minimalistiska, balanserade och enkla barnm\u00f6bler. Dj\u00e4rva, geometriska former, berikade med eleganta metalldetaljer. Dolda r\u00f6rliga delar och ljudabsorberande skrivbordspaneler ger r\u00e4tt komfort och s\u00e4kerhet. En serie designad enligt principerna i Montessoris holistiska utvecklingsfilosofi.<br \/>\nProduktens egenskaper:<br \/>\n&#8211; 2 rymliga l\u00e5dor p\u00e5 skenor, som ger enkel \u00e5tkomst till ditt barns favoritskolmaterial<br \/>\n&#8211; dekorativ ljudabsorberande panel som minskar buller och hj\u00e4lper till att \u00f6ka ditt barns koncentration, med m\u00f6jlighet att f\u00e4sta olika bilder eller foton och f\u00f6rhindra att f\u00f6rem\u00e5l faller av skrivbordet (panelen \u00e4r en valfri funktion som kan k\u00f6pas separat)<br \/>\n&#8211; Inbyggda tv\u00e5 l\u00e4ttillg\u00e4ngliga f\u00f6rvaringsfack med tr\u00e4lock p\u00e5 baksidan av skrivbordet \u2013 perfekta f\u00f6r f\u00f6rvaring av sm\u00e5saker eller som kabel- och tr\u00e5dorganiserare f\u00f6r att h\u00e5lla ordning p\u00e5 skrivbordet och i rummet <\/p>\n<p>&#8211; Utrustat med ett kabelgenomf\u00f6ringsh\u00e5l f\u00f6r att undvika on\u00f6digt skr\u00e4p p\u00e5 skrivbordet <\/p>\n<p>&#8211; Den noggrant bearbetade baksidan av skrivbordet g\u00f6r att det kan placeras var som helst i rummet, s\u00e5 att du kan anpassa det efter dina individuella behov <\/p>\n<p>&#8211; tillverkat i enlighet med europeiska s\u00e4kerhetsstandarder och f\u00f6reskrifter, vilket garanterar kvalitet och h\u00e5llbarhet. <\/p>\n<p>M\u00e5tt (cm): <\/p>\n<p>h\u00f6jd: 75,2 <\/p>\n<p>djup: 64 <\/p>\n<p>bredd: 120 <\/p>\n<p>Design och ytbehandling: <\/p>\n<p>&#8211;  h\u00f6gkvalitativ laminerad skiva som \u00e4r motst\u00e5ndskraftig mot skador och fukt, l\u00e4tt att h\u00e5lla ren, <\/p>\n<p>&#8211; ekologisk, luktfri, giftfri EcoPET-panel <\/p>\n<p>&#8211; lackerad bok- och furu <\/p>\n<p>\u2013 metallben   <\/p>\n<p>De lacker som anv\u00e4nds i tillverkningsprocessen \u00e4r barns\u00e4kra och certifierade enligt EN71\/3   <\/p>\n<p>F\u00e4rg: <\/p>\n<p>-vit\/ svart\/ bok <\/p>\n<p>Anv\u00e4ndningsanvisning: <\/p>\n<p>M\u00f6blerna ska torkas av med en mjuk bomullsduk fuktad med vatten eller ett m\u00f6belv\u00e5rdsmedel. <\/p>\n<p>Montering: M\u00f6blerna levereras i paket f\u00f6r sj\u00e4lvmontering. Detaljerade monteringsanvisningar medf\u00f6ljer i paketen tillsammans med utrustningen.<\/p>\n","protected":false},"excerpt":{"rendered":"<p>Elegans, enkelhet, detaljer Kollektion av minimalistiska, balanserade och enkla barnm\u00f6bler. Dj\u00e4rva, geometriska former, berikade med eleganta metalldetaljer. Dolda r\u00f6rliga delar och ljudabsorberande skrivbordspaneler ger r\u00e4tt komfort och s\u00e4kerhet. En serie designad enligt principerna i Montessoris holistiska utvecklingsfilosofi. Produktens egenskaper: &#8211; 2 rymliga l\u00e5dor p\u00e5 skenor, som ger enkel \u00e5tkomst till ditt barns favoritskolmaterial &#8211; dekorativ [&hellip;]<\/p>\n","protected":false},"featured_media":0,"comment_status":"open","ping_status":"closed","template":"","meta":[],"product_brand":[],"product_cat":[33],"product_tag":[],"class_list":{"0":"post-16484","1":"product","2":"type-product","3":"status-publish","5":"product_cat-okategoriserad","7":"first","8":"instock","9":"shipping-taxable","10":"purchasable","11":"product-type-simple"},"_links":{"self":[{"href":"https:\/\/nordicmart.andreevmaster.com\/sv\/wp-json\/wp\/v2\/product\/16484","targetHints":{"allow":["GET"]}}],"collection":[{"href":"https:\/\/nordicmart.andreevmaster.com\/sv\/wp-json\/wp\/v2\/product"}],"about":[{"href":"https:\/\/nordicmart.andreevmaster.com\/sv\/wp-json\/wp\/v2\/types\/product"}],"replies":[{"embeddable":true,"href":"https:\/\/nordicmart.andreevmaster.com\/sv\/wp-json\/wp\/v2\/comments?post=16484"}],"wp:attachment":[{"href":"https:\/\/nordicmart.andreevmaster.com\/sv\/wp-json\/wp\/v2\/media?parent=16484"}],"wp:term":[{"taxonomy":"product_brand","embeddable":true,"href":"https:\/\/nordicmart.andreevmaster.com\/sv\/wp-json\/wp\/v2\/product_brand?post=16484"},{"taxonomy":"product_cat","embeddable":true,"href":"https:\/\/nordicmart.andreevmaster.com\/sv\/wp-json\/wp\/v2\/product_cat?post=16484"},{"taxonomy":"product_tag","embeddable":true,"href":"https:\/\/nordicmart.andreevmaster.com\/sv\/wp-json\/wp\/v2\/product_tag?post=16484"}],"curies":[{"name":"wp","href":"https:\/\/api.w.org\/{rel}","templated":true}]}}