{"id":16475,"date":"2026-02-27T00:30:43","date_gmt":"2026-02-27T00:30:43","guid":{"rendered":"https:\/\/nordicmart.andreevmaster.com\/product\/vasagle-tv-skap-tv-bord-med-2-dorrar-140-cm-langt\/"},"modified":"2026-02-27T08:21:10","modified_gmt":"2026-02-27T08:21:10","slug":"vasagle-tv-skap-tv-bord-med-2-dorrar-140-cm-langt","status":"publish","type":"product","link":"https:\/\/nordicmart.andreevmaster.com\/sv\/produkt\/vasagle-tv-skap-tv-bord-med-2-dorrar-140-cm-langt\/","title":{"rendered":"VASAGLE TV-sk\u00e5p, TV-bord med 2 d\u00f6rrar, 140 cm l\u00e5ngt"},"content":{"rendered":"<p>TV-sk\u00e5p, TV-bord med 2 d\u00f6rrar, 140 cm l\u00e5ngt, TV-hylla f\u00f6r TV-apparater upp till 60 tum, justerbara hyllor, naturf\u00e4rgad ek-kr\u00e4mvit<br \/>\nProduktdetaljer:<br \/>\n&#8211; F\u00e4rg: naturlig ekf\u00e4rg-kr\u00e4mvit<br \/>\n&#8211; Material: sp\u00e5nskiva<br \/>\n&#8211; Storlek: 140 x 40 x 50 cm (L x B x H)<br \/>\n&#8211; Vikt: 26,8 kg<br \/>\n&#8211; Max. statisk belastningskapacitet: 80 kg<\/p>\n<p>Leveransomfattning:<br \/>\n&#8211; 1 x TV-sk\u00e5p<br \/>\n&#8211; 1 x tillbeh\u00f6rspaket<br \/>\n&#8211; 1 x bruksanvisning<\/p>\n","protected":false},"excerpt":{"rendered":"<p>TV-sk\u00e5p, TV-bord med 2 d\u00f6rrar, 140 cm l\u00e5ngt, TV-hylla f\u00f6r TV-apparater upp till 60 tum, justerbara hyllor, naturf\u00e4rgad ek-kr\u00e4mvit<\/p>\n","protected":false},"featured_media":44171,"comment_status":"open","ping_status":"closed","template":"","meta":[],"product_brand":[],"product_cat":[33],"product_tag":[],"class_list":{"0":"post-16475","1":"product","2":"type-product","3":"status-publish","4":"has-post-thumbnail","6":"product_cat-okategoriserad","8":"first","9":"instock","10":"shipping-taxable","11":"purchasable","12":"product-type-simple"},"_links":{"self":[{"href":"https:\/\/nordicmart.andreevmaster.com\/sv\/wp-json\/wp\/v2\/product\/16475","targetHints":{"allow":["GET"]}}],"collection":[{"href":"https:\/\/nordicmart.andreevmaster.com\/sv\/wp-json\/wp\/v2\/product"}],"about":[{"href":"https:\/\/nordicmart.andreevmaster.com\/sv\/wp-json\/wp\/v2\/types\/product"}],"replies":[{"embeddable":true,"href":"https:\/\/nordicmart.andreevmaster.com\/sv\/wp-json\/wp\/v2\/comments?post=16475"}],"wp:featuredmedia":[{"embeddable":true,"href":"https:\/\/nordicmart.andreevmaster.com\/sv\/wp-json\/wp\/v2\/media\/44171"}],"wp:attachment":[{"href":"https:\/\/nordicmart.andreevmaster.com\/sv\/wp-json\/wp\/v2\/media?parent=16475"}],"wp:term":[{"taxonomy":"product_brand","embeddable":true,"href":"https:\/\/nordicmart.andreevmaster.com\/sv\/wp-json\/wp\/v2\/product_brand?post=16475"},{"taxonomy":"product_cat","embeddable":true,"href":"https:\/\/nordicmart.andreevmaster.com\/sv\/wp-json\/wp\/v2\/product_cat?post=16475"},{"taxonomy":"product_tag","embeddable":true,"href":"https:\/\/nordicmart.andreevmaster.com\/sv\/wp-json\/wp\/v2\/product_tag?post=16475"}],"curies":[{"name":"wp","href":"https:\/\/api.w.org\/{rel}","templated":true}]}}