{"id":16474,"date":"2026-02-27T00:30:43","date_gmt":"2026-02-27T00:30:43","guid":{"rendered":"https:\/\/nordicmart.andreevmaster.com\/product\/vasagle-tv-bord-i-industriell-design-med-2-fack\/"},"modified":"2026-02-27T08:21:10","modified_gmt":"2026-02-27T08:21:10","slug":"vasagle-tv-bord-i-industriell-design-med-2-fack","status":"publish","type":"product","link":"https:\/\/nordicmart.andreevmaster.com\/sv\/produkt\/vasagle-tv-bord-i-industriell-design-med-2-fack\/","title":{"rendered":"VASAGLE TV-bord i industriell design med 2 fack"},"content":{"rendered":"<p>Produktdetaljer: &#8211; F\u00e4rg: Vintagebrun-svart &#8211; Material: Sp\u00e5nskiva, st\u00e5l &#8211; M\u00e5tt: 100 x 50 x 40 cm (B x H x D)  &#8211; Vikt: 17,8 kg &#8211; Max. belastbarhet f\u00f6r bordsskivan: 30 kg &#8211; Max. belastningskapacitet f\u00f6r gallerhyllan: 10 kg Leveransomfattning: &#8211; 1 x TV-b\u00e4nk &#8211; 1 x tillbeh\u00f6rsp\u00e5se &#8211; 1 x bruksanvisning (DE, EN, FR, ES, IT) VASAGLE Anm\u00e4rkningar: &#8211; Produkten \u00e4r endast avsedd f\u00f6r inomhusbruk. St\u00e4ll den i en torr milj\u00f6. &#8211; Den maximala belastningen f\u00f6r bordsskivan \u00e4r 30 kg och f\u00f6r gallerhyllan 10 kg. Placera inte tyngre f\u00f6rem\u00e5l p\u00e5 dessa.<\/p>\n","protected":false},"excerpt":{"rendered":"<p>VASAGLE TV-bord, TV-b\u00e4nk, lowboard, konsol, vardagsrumsbord, stabilt, med metallstativ och gallerhylla, 2 \u00f6ppna fack, used look, tr\u00e4optik, industridesign, vintagebrun-svart LTV92X<\/p>\n","protected":false},"featured_media":44170,"comment_status":"open","ping_status":"closed","template":"","meta":[],"product_brand":[],"product_cat":[33],"product_tag":[],"class_list":{"0":"post-16474","1":"product","2":"type-product","3":"status-publish","4":"has-post-thumbnail","6":"product_cat-okategoriserad","8":"first","9":"instock","10":"shipping-taxable","11":"purchasable","12":"product-type-simple"},"_links":{"self":[{"href":"https:\/\/nordicmart.andreevmaster.com\/sv\/wp-json\/wp\/v2\/product\/16474","targetHints":{"allow":["GET"]}}],"collection":[{"href":"https:\/\/nordicmart.andreevmaster.com\/sv\/wp-json\/wp\/v2\/product"}],"about":[{"href":"https:\/\/nordicmart.andreevmaster.com\/sv\/wp-json\/wp\/v2\/types\/product"}],"replies":[{"embeddable":true,"href":"https:\/\/nordicmart.andreevmaster.com\/sv\/wp-json\/wp\/v2\/comments?post=16474"}],"wp:featuredmedia":[{"embeddable":true,"href":"https:\/\/nordicmart.andreevmaster.com\/sv\/wp-json\/wp\/v2\/media\/44170"}],"wp:attachment":[{"href":"https:\/\/nordicmart.andreevmaster.com\/sv\/wp-json\/wp\/v2\/media?parent=16474"}],"wp:term":[{"taxonomy":"product_brand","embeddable":true,"href":"https:\/\/nordicmart.andreevmaster.com\/sv\/wp-json\/wp\/v2\/product_brand?post=16474"},{"taxonomy":"product_cat","embeddable":true,"href":"https:\/\/nordicmart.andreevmaster.com\/sv\/wp-json\/wp\/v2\/product_cat?post=16474"},{"taxonomy":"product_tag","embeddable":true,"href":"https:\/\/nordicmart.andreevmaster.com\/sv\/wp-json\/wp\/v2\/product_tag?post=16474"}],"curies":[{"name":"wp","href":"https:\/\/api.w.org\/{rel}","templated":true}]}}