{"id":16471,"date":"2026-02-27T00:30:42","date_gmt":"2026-02-27T00:30:42","guid":{"rendered":"https:\/\/nordicmart.andreevmaster.com\/product\/vasagle-tv-bank-i-industriell-stil-med-3-hyllplan\/"},"modified":"2026-02-27T08:21:09","modified_gmt":"2026-02-27T08:21:09","slug":"vasagle-tv-bank-i-industriell-stil-med-3-hyllplan","status":"publish","type":"product","link":"https:\/\/nordicmart.andreevmaster.com\/sv\/produkt\/vasagle-tv-bank-i-industriell-stil-med-3-hyllplan\/","title":{"rendered":"VASAGLE TV-b\u00e4nk i industriell stil med 3 hyllplan"},"content":{"rendered":"<p>Med TV-sk\u00e5pet i trendig vintage-stil fr\u00e5n v\u00e5rt nya varum\u00e4rke &#8221;VASAGLE&#8221; kan du skapa precis det som designerna hade i \u00e5tanke: en medelhavsatmosf\u00e4r i ditt eget hem. Kolla \u00e4ven in andra m\u00f6bler i v\u00e5r trendiga vintage-serie och kombinera TV-bordet med till exempel v\u00e5rt stativ i samma stil. En favorit f\u00f6r seriejunkies Anv\u00e4nd denna funktionella TV-konsol f\u00f6r din plattsk\u00e4rm och titta p\u00e5 dina favoritserier i en \u00e4ndl\u00f6s loop. Vilken TV-serie kan du inte f\u00e5 nog av just nu? F\u00f6r din DVD-samling och spelkonsol I den nedre delen av TV-sk\u00e5pet finns tv\u00e5 stabila hyllor d\u00e4r du kan f\u00f6rvara DVD-skivor, en spelkonsol eller din fj\u00e4rrkontroll. Produktdetaljer: &#8211; F\u00e4rg: Vintage &#8211; Material: Sp\u00e5nskiva, j\u00e4rnstativ &#8211; Total storlek: 140 x 40 x 52 cm (L x B x H) &#8211; Vikt: 22,6 kg &#8211; Max. belastningskapacitet per hylla i tr\u00e4optik: 30 kg &#8211; Max. belastningskapacitet f\u00f6r j\u00e4rnhyllan: 10 kg Leveransomfattning: &#8211; 1 x TV-bord &#8211; 1 x tillbeh\u00f6rsp\u00e5se &#8211; 1 x bruksanvisning (DE, EN, FR, ES, IT) VASAGLE Anm\u00e4rkningar: &#8211; Placera produkten p\u00e5 en torr plats. &#8211; Placera inga tunga f\u00f6rem\u00e5l p\u00e5 m\u00f6beln.<\/p>\n","protected":false},"excerpt":{"rendered":"<p>VASAGLE TV-bord f\u00f6r TV-apparater upp till 60 tum, stort TV-sk\u00e5p, konsol, vardagsrumsbord, soffbord med metallstativ, sovrum, vardagsrum, vintage, m\u00f6rkbrunt LTV50BX<\/p>\n","protected":false},"featured_media":0,"comment_status":"open","ping_status":"closed","template":"","meta":[],"product_brand":[],"product_cat":[33],"product_tag":[],"class_list":{"0":"post-16471","1":"product","2":"type-product","3":"status-publish","5":"product_cat-okategoriserad","7":"first","8":"instock","9":"shipping-taxable","10":"purchasable","11":"product-type-simple"},"_links":{"self":[{"href":"https:\/\/nordicmart.andreevmaster.com\/sv\/wp-json\/wp\/v2\/product\/16471","targetHints":{"allow":["GET"]}}],"collection":[{"href":"https:\/\/nordicmart.andreevmaster.com\/sv\/wp-json\/wp\/v2\/product"}],"about":[{"href":"https:\/\/nordicmart.andreevmaster.com\/sv\/wp-json\/wp\/v2\/types\/product"}],"replies":[{"embeddable":true,"href":"https:\/\/nordicmart.andreevmaster.com\/sv\/wp-json\/wp\/v2\/comments?post=16471"}],"wp:attachment":[{"href":"https:\/\/nordicmart.andreevmaster.com\/sv\/wp-json\/wp\/v2\/media?parent=16471"}],"wp:term":[{"taxonomy":"product_brand","embeddable":true,"href":"https:\/\/nordicmart.andreevmaster.com\/sv\/wp-json\/wp\/v2\/product_brand?post=16471"},{"taxonomy":"product_cat","embeddable":true,"href":"https:\/\/nordicmart.andreevmaster.com\/sv\/wp-json\/wp\/v2\/product_cat?post=16471"},{"taxonomy":"product_tag","embeddable":true,"href":"https:\/\/nordicmart.andreevmaster.com\/sv\/wp-json\/wp\/v2\/product_tag?post=16471"}],"curies":[{"name":"wp","href":"https:\/\/api.w.org\/{rel}","templated":true}]}}