{"id":16470,"date":"2026-02-27T00:30:42","date_gmt":"2026-02-27T00:30:42","guid":{"rendered":"https:\/\/nordicmart.andreevmaster.com\/product\/songmics-home-tv-skap-for-tv-apparater-upp-till-50-tum-snovit-mattvit\/"},"modified":"2026-02-27T08:21:09","modified_gmt":"2026-02-27T08:21:09","slug":"songmics-home-tv-skap-for-tv-apparater-upp-till-50-tum-snovit-mattvit","status":"publish","type":"product","link":"https:\/\/nordicmart.andreevmaster.com\/sv\/produkt\/songmics-home-tv-skap-for-tv-apparater-upp-till-50-tum-snovit-mattvit\/","title":{"rendered":"SONGMICS HOME TV-sk\u00e5p f\u00f6r TV-apparater upp till 50 tum sn\u00f6vit-mattvit"},"content":{"rendered":"<p>SONGMICS HOME Supersnabb montering utan verktyg, TV-sk\u00e5p f\u00f6r TV-apparater upp till 50 tum, TV-bord, lowboard, vardagsrum, 110 x 35 x 46 cm, hylla, sn\u00f6vit-mattvit LTV500W01<br \/>\nF\u00e4rg: Sn\u00f6vit-mattvit<br \/>\nMaterial: sp\u00e5nskiva, st\u00e5l<br \/>\nStorlek: 110 x 35 x 46 cm (L x B x H)<br \/>\nVikt: 12,6 kg<br \/>\nMax. statisk belastningskapacitet f\u00f6r toppskivan: 38 kg<br \/>\nMax. statisk belastningskapacitet totalt: 98 kg<\/p>\n","protected":false},"excerpt":{"rendered":"<p>SONGMICS HOME Supersnabb montering utan verktyg, TV-sk\u00e5p f\u00f6r TV-apparater upp till 50 tum, TV-bord, lowboard, vardagsrum, 110 x 35 x 46 cm, hylla, sn\u00f6vit-mattvit LTV500W01<\/p>\n","protected":false},"featured_media":44167,"comment_status":"open","ping_status":"closed","template":"","meta":[],"product_brand":[],"product_cat":[33],"product_tag":[],"class_list":{"0":"post-16470","1":"product","2":"type-product","3":"status-publish","4":"has-post-thumbnail","6":"product_cat-okategoriserad","8":"first","9":"instock","10":"shipping-taxable","11":"purchasable","12":"product-type-simple"},"_links":{"self":[{"href":"https:\/\/nordicmart.andreevmaster.com\/sv\/wp-json\/wp\/v2\/product\/16470","targetHints":{"allow":["GET"]}}],"collection":[{"href":"https:\/\/nordicmart.andreevmaster.com\/sv\/wp-json\/wp\/v2\/product"}],"about":[{"href":"https:\/\/nordicmart.andreevmaster.com\/sv\/wp-json\/wp\/v2\/types\/product"}],"replies":[{"embeddable":true,"href":"https:\/\/nordicmart.andreevmaster.com\/sv\/wp-json\/wp\/v2\/comments?post=16470"}],"wp:featuredmedia":[{"embeddable":true,"href":"https:\/\/nordicmart.andreevmaster.com\/sv\/wp-json\/wp\/v2\/media\/44167"}],"wp:attachment":[{"href":"https:\/\/nordicmart.andreevmaster.com\/sv\/wp-json\/wp\/v2\/media?parent=16470"}],"wp:term":[{"taxonomy":"product_brand","embeddable":true,"href":"https:\/\/nordicmart.andreevmaster.com\/sv\/wp-json\/wp\/v2\/product_brand?post=16470"},{"taxonomy":"product_cat","embeddable":true,"href":"https:\/\/nordicmart.andreevmaster.com\/sv\/wp-json\/wp\/v2\/product_cat?post=16470"},{"taxonomy":"product_tag","embeddable":true,"href":"https:\/\/nordicmart.andreevmaster.com\/sv\/wp-json\/wp\/v2\/product_tag?post=16470"}],"curies":[{"name":"wp","href":"https:\/\/api.w.org\/{rel}","templated":true}]}}