{"id":16468,"date":"2026-02-27T00:30:41","date_gmt":"2026-02-27T00:30:41","guid":{"rendered":"https:\/\/nordicmart.andreevmaster.com\/product\/vasagle-tv-skap-med-justerbara-hyllor-och-metallstativ\/"},"modified":"2026-02-27T08:21:08","modified_gmt":"2026-02-27T08:21:08","slug":"vasagle-tv-skap-med-justerbara-hyllor-och-metallstativ","status":"publish","type":"product","link":"https:\/\/nordicmart.andreevmaster.com\/sv\/produkt\/vasagle-tv-skap-med-justerbara-hyllor-och-metallstativ\/","title":{"rendered":"VASAGLE TV-sk\u00e5p med justerbara hyllor och metallstativ"},"content":{"rendered":"<p>VASAGLE TV-sk\u00e5p, TV-bord med 2 skjutd\u00f6rrar, TV-hylla f\u00f6r TV-apparater upp till 60 tum, TV-sk\u00e5p med justerbara hyllor, industriell design, vintagebrun-svart LTV46BX<br \/>\nF\u00e4rg: ekbrun-svart<br \/>\nMaterial: sp\u00e5nskiva, st\u00e5l<br \/>\nStorlek: 40 x 135 x 76 cm (D x B x H)<br \/>\nVikt: 38,5 kg<br \/>\nMax. statisk belastningskapacitet f\u00f6r ytan: 30 kg<br \/>\nMax. statisk belastningskapacitet totalt: 80 kg<\/p>\n","protected":false},"excerpt":{"rendered":"<p>VASAGLE TV-sk\u00e5p, TV-bord med 2 skjutd\u00f6rrar, TV-hylla f\u00f6r TV-apparater upp till 60 tum, TV-sk\u00e5p med justerbara hyllor, industriell design, vintagebrun-svart LTV46BX<\/p>\n","protected":false},"featured_media":46676,"comment_status":"open","ping_status":"closed","template":"","meta":[],"product_brand":[],"product_cat":[33],"product_tag":[],"class_list":{"0":"post-16468","1":"product","2":"type-product","3":"status-publish","4":"has-post-thumbnail","6":"product_cat-okategoriserad","8":"first","9":"instock","10":"shipping-taxable","11":"purchasable","12":"product-type-simple"},"_links":{"self":[{"href":"https:\/\/nordicmart.andreevmaster.com\/sv\/wp-json\/wp\/v2\/product\/16468","targetHints":{"allow":["GET"]}}],"collection":[{"href":"https:\/\/nordicmart.andreevmaster.com\/sv\/wp-json\/wp\/v2\/product"}],"about":[{"href":"https:\/\/nordicmart.andreevmaster.com\/sv\/wp-json\/wp\/v2\/types\/product"}],"replies":[{"embeddable":true,"href":"https:\/\/nordicmart.andreevmaster.com\/sv\/wp-json\/wp\/v2\/comments?post=16468"}],"wp:featuredmedia":[{"embeddable":true,"href":"https:\/\/nordicmart.andreevmaster.com\/sv\/wp-json\/wp\/v2\/media\/46676"}],"wp:attachment":[{"href":"https:\/\/nordicmart.andreevmaster.com\/sv\/wp-json\/wp\/v2\/media?parent=16468"}],"wp:term":[{"taxonomy":"product_brand","embeddable":true,"href":"https:\/\/nordicmart.andreevmaster.com\/sv\/wp-json\/wp\/v2\/product_brand?post=16468"},{"taxonomy":"product_cat","embeddable":true,"href":"https:\/\/nordicmart.andreevmaster.com\/sv\/wp-json\/wp\/v2\/product_cat?post=16468"},{"taxonomy":"product_tag","embeddable":true,"href":"https:\/\/nordicmart.andreevmaster.com\/sv\/wp-json\/wp\/v2\/product_tag?post=16468"}],"curies":[{"name":"wp","href":"https:\/\/api.w.org\/{rel}","templated":true}]}}