{"id":16466,"date":"2026-02-27T00:30:41","date_gmt":"2026-02-27T00:30:41","guid":{"rendered":"https:\/\/nordicmart.andreevmaster.com\/product\/vasagle-tv-skap-supersnabb-montering-modern-askbrun-black-svart\/"},"modified":"2026-02-27T08:21:08","modified_gmt":"2026-02-27T08:21:08","slug":"vasagle-tv-skap-supersnabb-montering-modern-askbrun-black-svart","status":"publish","type":"product","link":"https:\/\/nordicmart.andreevmaster.com\/sv\/produkt\/vasagle-tv-skap-supersnabb-montering-modern-askbrun-black-svart\/","title":{"rendered":"VASAGLE TV-sk\u00e5p supersnabb montering modern askbrun-bl\u00e4ck svart"},"content":{"rendered":"<p>VASAGLE TV-sk\u00e5p f\u00f6r TV-apparater upp till 60 tum, supersnabb montering, verktygsfri teknik, TV-bord vardagsrum, r\u00e4fflat glas modernt, 140 x 39 x 45 cm, askbrunt-bl\u00e4cksvart LTV466K02<br \/>\nF\u00e4rg: askbrun-bl\u00e4ck svart<br \/>\nMaterial: sp\u00e5nskiva, glas, st\u00e5l<br \/>\nStorlek: 140 x 39 x 45 cm (L x B x H)<br \/>\nVikt: 21,7 kg<br \/>\nMax. statisk belastningskapacitet f\u00f6r skivan: 60 kg<br \/>\nMax. statisk belastningskapacitet totalt: 113 kg<\/p>\n","protected":false},"excerpt":{"rendered":"<p>VASAGLE TV-sk\u00e5p f\u00f6r TV-apparater upp till 60 tum, supersnabb montering, verktygsfri teknik, TV-bord vardagsrum, r\u00e4fflat glas modernt, 140 x 39 x 45 cm, askbrunt-bl\u00e4cksvart LTV466K02<\/p>\n","protected":false},"featured_media":44164,"comment_status":"open","ping_status":"closed","template":"","meta":[],"product_brand":[],"product_cat":[33],"product_tag":[],"class_list":{"0":"post-16466","1":"product","2":"type-product","3":"status-publish","4":"has-post-thumbnail","6":"product_cat-okategoriserad","8":"first","9":"instock","10":"shipping-taxable","11":"purchasable","12":"product-type-simple"},"_links":{"self":[{"href":"https:\/\/nordicmart.andreevmaster.com\/sv\/wp-json\/wp\/v2\/product\/16466","targetHints":{"allow":["GET"]}}],"collection":[{"href":"https:\/\/nordicmart.andreevmaster.com\/sv\/wp-json\/wp\/v2\/product"}],"about":[{"href":"https:\/\/nordicmart.andreevmaster.com\/sv\/wp-json\/wp\/v2\/types\/product"}],"replies":[{"embeddable":true,"href":"https:\/\/nordicmart.andreevmaster.com\/sv\/wp-json\/wp\/v2\/comments?post=16466"}],"wp:featuredmedia":[{"embeddable":true,"href":"https:\/\/nordicmart.andreevmaster.com\/sv\/wp-json\/wp\/v2\/media\/44164"}],"wp:attachment":[{"href":"https:\/\/nordicmart.andreevmaster.com\/sv\/wp-json\/wp\/v2\/media?parent=16466"}],"wp:term":[{"taxonomy":"product_brand","embeddable":true,"href":"https:\/\/nordicmart.andreevmaster.com\/sv\/wp-json\/wp\/v2\/product_brand?post=16466"},{"taxonomy":"product_cat","embeddable":true,"href":"https:\/\/nordicmart.andreevmaster.com\/sv\/wp-json\/wp\/v2\/product_cat?post=16466"},{"taxonomy":"product_tag","embeddable":true,"href":"https:\/\/nordicmart.andreevmaster.com\/sv\/wp-json\/wp\/v2\/product_tag?post=16466"}],"curies":[{"name":"wp","href":"https:\/\/api.w.org\/{rel}","templated":true}]}}