{"id":16464,"date":"2026-02-27T00:30:40","date_gmt":"2026-02-27T00:30:40","guid":{"rendered":"https:\/\/nordicmart.andreevmaster.com\/product\/vasagle-tv-bank-med-skap-i-industriell-stil\/"},"modified":"2026-02-27T08:21:07","modified_gmt":"2026-02-27T08:21:07","slug":"vasagle-tv-bank-med-skap-i-industriell-stil","status":"publish","type":"product","link":"https:\/\/nordicmart.andreevmaster.com\/sv\/produkt\/vasagle-tv-bank-med-skap-i-industriell-stil\/","title":{"rendered":"VASAGLE TV-b\u00e4nk med sk\u00e5p i industriell stil"},"content":{"rendered":"<p>Produktdetaljer: &#8211; F\u00e4rg: Vintage\/m\u00f6rkbrun &#8211; Material: Sp\u00e5nskiva, j\u00e4rn &#8211; Storlek: 110 x 40 x 45 cm (L x B x H) &#8211; Vikt: 21,3 kg &#8211; Max. statisk belastningskapacitet f\u00f6r ytan: 30 kg &#8211; Max. statisk belastningskapacitet per hyllplan: 10 kg &#8211; Max. statisk belastningskapacitet f\u00f6r hyllan inuti: 15 kg Leveransomfattning:- 1 x TV-sk\u00e5p &#8211; 1 x beh\u00e5llare med tillbeh\u00f6r &#8211; 1 x bruksanvisning (DE, EN, FR, ES, IT) VASAGLE Anvisningar: &#8211; Placera produkten s\u00e5 att den inte uts\u00e4tts f\u00f6r v\u00e4rmek\u00e4llor, direkt solljus eller fukt. &#8211; H\u00e5ll produkten borta fr\u00e5n vassa och spetsiga f\u00f6rem\u00e5l samt fr\u00e4tande \u00e4mnen.- Barn f\u00e5r inte kl\u00e4ttra p\u00e5 produkten.<\/p>\n","protected":false},"excerpt":{"rendered":"<p>VASAGLE TV-sk\u00e5p, TV-bord, f\u00f6r TV-apparater upp till 48 tum, lowboard med sk\u00e5p och 2 hyllplan, TV-b\u00e4nk, vardagsrum, hall, 110 x 40 x 45 cm, industriell design, vintage, m\u00f6rkbrun LTV42BX<\/p>\n","protected":false},"featured_media":44162,"comment_status":"open","ping_status":"closed","template":"","meta":[],"product_brand":[],"product_cat":[33],"product_tag":[],"class_list":{"0":"post-16464","1":"product","2":"type-product","3":"status-publish","4":"has-post-thumbnail","6":"product_cat-okategoriserad","8":"first","9":"instock","10":"shipping-taxable","11":"purchasable","12":"product-type-simple"},"_links":{"self":[{"href":"https:\/\/nordicmart.andreevmaster.com\/sv\/wp-json\/wp\/v2\/product\/16464","targetHints":{"allow":["GET"]}}],"collection":[{"href":"https:\/\/nordicmart.andreevmaster.com\/sv\/wp-json\/wp\/v2\/product"}],"about":[{"href":"https:\/\/nordicmart.andreevmaster.com\/sv\/wp-json\/wp\/v2\/types\/product"}],"replies":[{"embeddable":true,"href":"https:\/\/nordicmart.andreevmaster.com\/sv\/wp-json\/wp\/v2\/comments?post=16464"}],"wp:featuredmedia":[{"embeddable":true,"href":"https:\/\/nordicmart.andreevmaster.com\/sv\/wp-json\/wp\/v2\/media\/44162"}],"wp:attachment":[{"href":"https:\/\/nordicmart.andreevmaster.com\/sv\/wp-json\/wp\/v2\/media?parent=16464"}],"wp:term":[{"taxonomy":"product_brand","embeddable":true,"href":"https:\/\/nordicmart.andreevmaster.com\/sv\/wp-json\/wp\/v2\/product_brand?post=16464"},{"taxonomy":"product_cat","embeddable":true,"href":"https:\/\/nordicmart.andreevmaster.com\/sv\/wp-json\/wp\/v2\/product_cat?post=16464"},{"taxonomy":"product_tag","embeddable":true,"href":"https:\/\/nordicmart.andreevmaster.com\/sv\/wp-json\/wp\/v2\/product_tag?post=16464"}],"curies":[{"name":"wp","href":"https:\/\/api.w.org\/{rel}","templated":true}]}}