{"id":16463,"date":"2026-02-27T00:30:40","date_gmt":"2026-02-27T00:30:40","guid":{"rendered":"https:\/\/nordicmart.andreevmaster.com\/product\/vasagle-tv-skap-i-industriell-stil-med-lamelldorrar\/"},"modified":"2026-02-27T08:21:07","modified_gmt":"2026-02-27T08:21:07","slug":"vasagle-tv-skap-i-industriell-stil-med-lamelldorrar","status":"publish","type":"product","link":"https:\/\/nordicmart.andreevmaster.com\/sv\/produkt\/vasagle-tv-skap-i-industriell-stil-med-lamelldorrar\/","title":{"rendered":"VASAGLE TV-sk\u00e5p i industriell stil med lamelld\u00f6rrar"},"content":{"rendered":"<p>Lite vintage h\u00e4r, lite industriell design d\u00e4r Stilen p\u00e5 detta TV-sk\u00e5p kan beskrivas som en komposition av ett j\u00e4rnst\u00e4ll med den trendiga industriella looken och precisionsbearbetade vintageplattor av tr\u00e4material. De ovanliga lamelld\u00f6rrarna ger dessutom en helt speciell touch som v\u00e4cker nyfikenheten p\u00e5 vad som d\u00f6ljer sig bakom dem. Resultatet \u00e4r en enhetlig helhet och ett m\u00f6bel som \u00e4r robust, snyggt och funktionellt p\u00e5 samma g\u00e5ng. Redo f\u00f6r stora uppgifter M\u00f6beln, som m\u00e4ter 110 x 40 x 45 cm (L x B x H) och har en yta som t\u00e5l en belastning p\u00e5 40 kg, l\u00e4mpar sig f\u00f6r f\u00f6ljande anv\u00e4ndningsomr\u00e5den: &#8211; Vardagsrum: Lowboarden \u00e4r naturligtvis perfekt som en stilfull TV-b\u00e4nk. &#8211; Sovrum: Anv\u00e4nd m\u00f6beln \u00e4ven i sovrummet som TV-b\u00e4nk eller f\u00f6rvara s\u00e4ngkl\u00e4der och sommarkl\u00e4der som du inte beh\u00f6ver p\u00e5 vintern. &#8211; Hall: Den m\u00e5ngsidiga m\u00f6beln kan \u00e4ven anv\u00e4ndas som skosk\u00e5p i entr\u00e9n. St\u00e4ll dessutom en bukett med rosor och fotoramar p\u00e5 den sl\u00e4ta vintageytan. Produktdetaljer: &#8211; F\u00e4rg: Vintagebrun-svart &#8211; Material: Sp\u00e5nskiva, st\u00e5l &#8211; Storlek: 110 x 40 x 45 cm (L x B x H) &#8211; Vikt: 21,8 kg &#8211; Max. belastbarhet p\u00e5 ytan: 40 kg &#8211; Max. belastningskapacitet f\u00f6r hyllorna inuti: 15 kg Leveransomfattning: &#8211; 1 x TV-sk\u00e5p &#8211; 1 x beh\u00e5llare med tillbeh\u00f6r (inklusive monteringsverktyg) &#8211; 1 x bruksanvisning (DE, EN, FR, ES, IT) VASAGLE Anm\u00e4rkningar: &#8211; Uts\u00e4tt inte produkten f\u00f6r direkt solljus.<\/p>\n","protected":false},"excerpt":{"rendered":"<p>VASAGLE TV-b\u00e4nk f\u00f6r TV-apparater upp till 48 tum, TV-sk\u00e5p, lowboard med skjutd\u00f6rrar och 2 hyllplan, vardagsrum, hall, 110 x 40 x 45 cm, industriell design, vintagebrun-svart  LTV41BX<\/p>\n","protected":false},"featured_media":44161,"comment_status":"open","ping_status":"closed","template":"","meta":[],"product_brand":[],"product_cat":[33],"product_tag":[],"class_list":{"0":"post-16463","1":"product","2":"type-product","3":"status-publish","4":"has-post-thumbnail","6":"product_cat-okategoriserad","8":"first","9":"instock","10":"shipping-taxable","11":"purchasable","12":"product-type-simple"},"_links":{"self":[{"href":"https:\/\/nordicmart.andreevmaster.com\/sv\/wp-json\/wp\/v2\/product\/16463","targetHints":{"allow":["GET"]}}],"collection":[{"href":"https:\/\/nordicmart.andreevmaster.com\/sv\/wp-json\/wp\/v2\/product"}],"about":[{"href":"https:\/\/nordicmart.andreevmaster.com\/sv\/wp-json\/wp\/v2\/types\/product"}],"replies":[{"embeddable":true,"href":"https:\/\/nordicmart.andreevmaster.com\/sv\/wp-json\/wp\/v2\/comments?post=16463"}],"wp:featuredmedia":[{"embeddable":true,"href":"https:\/\/nordicmart.andreevmaster.com\/sv\/wp-json\/wp\/v2\/media\/44161"}],"wp:attachment":[{"href":"https:\/\/nordicmart.andreevmaster.com\/sv\/wp-json\/wp\/v2\/media?parent=16463"}],"wp:term":[{"taxonomy":"product_brand","embeddable":true,"href":"https:\/\/nordicmart.andreevmaster.com\/sv\/wp-json\/wp\/v2\/product_brand?post=16463"},{"taxonomy":"product_cat","embeddable":true,"href":"https:\/\/nordicmart.andreevmaster.com\/sv\/wp-json\/wp\/v2\/product_cat?post=16463"},{"taxonomy":"product_tag","embeddable":true,"href":"https:\/\/nordicmart.andreevmaster.com\/sv\/wp-json\/wp\/v2\/product_tag?post=16463"}],"curies":[{"name":"wp","href":"https:\/\/api.w.org\/{rel}","templated":true}]}}