{"id":16459,"date":"2026-02-27T00:30:39","date_gmt":"2026-02-27T00:30:39","guid":{"rendered":"https:\/\/nordicmart.andreevmaster.com\/product\/vasagle-tv-skap-med-led-belysning-upp-till-70-tum\/"},"modified":"2026-02-27T08:21:07","modified_gmt":"2026-02-27T08:21:07","slug":"vasagle-tv-skap-med-led-belysning-upp-till-70-tum","status":"publish","type":"product","link":"https:\/\/nordicmart.andreevmaster.com\/sv\/produkt\/vasagle-tv-skap-med-led-belysning-upp-till-70-tum\/","title":{"rendered":"VASAGLE TV-sk\u00e5p med LED-belysning upp till 70 tum"},"content":{"rendered":"<p>VASAGLE TV-sk\u00e5p med LED-belysning, TV-bord, TV-stativ f\u00f6r TV-apparater upp till 70 tum, med \u00f6ppna hyllor, 2 sk\u00e5p med d\u00f6rrar, 160 cm, f\u00f6r vardagsrum<br \/>\nF\u00e4rg: Svart<br \/>\nMaterial: Sp\u00e5nskiva, h\u00e4rdat glas<br \/>\nStorlek: 40 x 160 x 60 cm (D x B x H)<br \/>\nVikt: 37,2 kg<br \/>\nMax. statisk belastningskapacitet f\u00f6r bordsskivan: 40 kg<br \/>\nMax. statisk belastningskapacitet totalt: 90 kg<\/p>\n","protected":false},"excerpt":{"rendered":"<p>VASAGLE TV-sk\u00e5p med LED-belysning, TV-bord, TV-stativ f\u00f6r TV-apparater upp till 70 tum, med \u00f6ppna hyllor, 2 sk\u00e5p med d\u00f6rrar, 160 cm, f\u00f6r vardagsrum<\/p>\n","protected":false},"featured_media":0,"comment_status":"open","ping_status":"closed","template":"","meta":[],"product_brand":[],"product_cat":[33],"product_tag":[],"class_list":{"0":"post-16459","1":"product","2":"type-product","3":"status-publish","5":"product_cat-okategoriserad","7":"first","8":"instock","9":"shipping-taxable","10":"purchasable","11":"product-type-simple"},"_links":{"self":[{"href":"https:\/\/nordicmart.andreevmaster.com\/sv\/wp-json\/wp\/v2\/product\/16459","targetHints":{"allow":["GET"]}}],"collection":[{"href":"https:\/\/nordicmart.andreevmaster.com\/sv\/wp-json\/wp\/v2\/product"}],"about":[{"href":"https:\/\/nordicmart.andreevmaster.com\/sv\/wp-json\/wp\/v2\/types\/product"}],"replies":[{"embeddable":true,"href":"https:\/\/nordicmart.andreevmaster.com\/sv\/wp-json\/wp\/v2\/comments?post=16459"}],"wp:attachment":[{"href":"https:\/\/nordicmart.andreevmaster.com\/sv\/wp-json\/wp\/v2\/media?parent=16459"}],"wp:term":[{"taxonomy":"product_brand","embeddable":true,"href":"https:\/\/nordicmart.andreevmaster.com\/sv\/wp-json\/wp\/v2\/product_brand?post=16459"},{"taxonomy":"product_cat","embeddable":true,"href":"https:\/\/nordicmart.andreevmaster.com\/sv\/wp-json\/wp\/v2\/product_cat?post=16459"},{"taxonomy":"product_tag","embeddable":true,"href":"https:\/\/nordicmart.andreevmaster.com\/sv\/wp-json\/wp\/v2\/product_tag?post=16459"}],"curies":[{"name":"wp","href":"https:\/\/api.w.org\/{rel}","templated":true}]}}