{"id":16456,"date":"2026-02-27T00:30:38","date_gmt":"2026-02-27T00:30:38","guid":{"rendered":"https:\/\/nordicmart.andreevmaster.com\/product\/vasagle-tv-skap-40-x-178-x-50-cm-med-3-lador\/"},"modified":"2026-02-27T08:21:06","modified_gmt":"2026-02-27T08:21:06","slug":"vasagle-tv-skap-40-x-178-x-50-cm-med-3-lador","status":"publish","type":"product","link":"https:\/\/nordicmart.andreevmaster.com\/sv\/produkt\/vasagle-tv-skap-40-x-178-x-50-cm-med-3-lador\/","title":{"rendered":"VASAGLE TV-sk\u00e5p 40 x 178 x 50 cm med 3 l\u00e5dor"},"content":{"rendered":"<p>VASAGLE TV-sk\u00e5p, lowboard f\u00f6r TV-apparater upp till 80 tum, 178 cm l\u00e5ngt, TV-bord med 3 l\u00e5dor, 3 \u00f6ppna fack<br \/>\nF\u00e4rg: Vit<br \/>\nMaterial: Sp\u00e5nskiva, st\u00e5l<br \/>\nStorlek: 40 x 178 x 50 cm (D x B x H)<br \/>\nVikt: 34,9 kg<br \/>\nMax. statisk belastningskapacitet f\u00f6r bordsskivan: 65 kg<br \/>\nMax. statisk belastningskapacitet totalt: 105 kg<\/p>\n","protected":false},"excerpt":{"rendered":"<p>VASAGLE TV-sk\u00e5p, lowboard f\u00f6r TV-apparater upp till 80 tum, 178 cm l\u00e5ngt, TV-bord med 3 l\u00e5dor, 3 \u00f6ppna fack<\/p>\n","protected":false},"featured_media":44155,"comment_status":"open","ping_status":"closed","template":"","meta":[],"product_brand":[],"product_cat":[33],"product_tag":[],"class_list":{"0":"post-16456","1":"product","2":"type-product","3":"status-publish","4":"has-post-thumbnail","6":"product_cat-okategoriserad","8":"first","9":"instock","10":"shipping-taxable","11":"purchasable","12":"product-type-simple"},"_links":{"self":[{"href":"https:\/\/nordicmart.andreevmaster.com\/sv\/wp-json\/wp\/v2\/product\/16456","targetHints":{"allow":["GET"]}}],"collection":[{"href":"https:\/\/nordicmart.andreevmaster.com\/sv\/wp-json\/wp\/v2\/product"}],"about":[{"href":"https:\/\/nordicmart.andreevmaster.com\/sv\/wp-json\/wp\/v2\/types\/product"}],"replies":[{"embeddable":true,"href":"https:\/\/nordicmart.andreevmaster.com\/sv\/wp-json\/wp\/v2\/comments?post=16456"}],"wp:featuredmedia":[{"embeddable":true,"href":"https:\/\/nordicmart.andreevmaster.com\/sv\/wp-json\/wp\/v2\/media\/44155"}],"wp:attachment":[{"href":"https:\/\/nordicmart.andreevmaster.com\/sv\/wp-json\/wp\/v2\/media?parent=16456"}],"wp:term":[{"taxonomy":"product_brand","embeddable":true,"href":"https:\/\/nordicmart.andreevmaster.com\/sv\/wp-json\/wp\/v2\/product_brand?post=16456"},{"taxonomy":"product_cat","embeddable":true,"href":"https:\/\/nordicmart.andreevmaster.com\/sv\/wp-json\/wp\/v2\/product_cat?post=16456"},{"taxonomy":"product_tag","embeddable":true,"href":"https:\/\/nordicmart.andreevmaster.com\/sv\/wp-json\/wp\/v2\/product_tag?post=16456"}],"curies":[{"name":"wp","href":"https:\/\/api.w.org\/{rel}","templated":true}]}}