{"id":16454,"date":"2026-02-27T00:30:38","date_gmt":"2026-02-27T00:30:38","guid":{"rendered":"https:\/\/nordicmart.andreevmaster.com\/product\/vasagle-tv-skap-3-oppna-fack-stalstativ-vitt\/"},"modified":"2026-02-27T08:21:05","modified_gmt":"2026-02-27T08:21:05","slug":"vasagle-tv-skap-3-oppna-fack-stalstativ-vitt","status":"publish","type":"product","link":"https:\/\/nordicmart.andreevmaster.com\/sv\/produkt\/vasagle-tv-skap-3-oppna-fack-stalstativ-vitt\/","title":{"rendered":"VASAGLE TV-sk\u00e5p 3 \u00f6ppna fack St\u00e5lstativ vitt"},"content":{"rendered":"<p>VASAGLE TV-sk\u00e5p, lowboard f\u00f6r TV-apparater upp till 65 tum, TV-hylla med 3 l\u00e5dor, 147 x 40 x 50 cm, industriell design, st\u00e5lstativ, vintagebrun-svart LTV301B01<br \/>\nF\u00e4rg: Vit<br \/>\nMaterial: Sp\u00e5nskiva, st\u00e5l<br \/>\nStorlek: 40 x 147 x 50 cm (D x B x H)<br \/>\nVikt: 30,4 kg<br \/>\nMax. statisk belastningskapacitet f\u00f6r bordsskivan: 45 kg<br \/>\nMax. statisk belastningskapacitet totalt: 105 kg<\/p>\n","protected":false},"excerpt":{"rendered":"<p>VASAGLE TV-sk\u00e5p, lowboard f\u00f6r TV-apparater upp till 65 tum, TV-hylla med 3 l\u00e5dor, 147 x 40 x 50 cm, industriell design, st\u00e5lstativ, vintagebrun-svart LTV301B01<\/p>\n","protected":false},"featured_media":44154,"comment_status":"open","ping_status":"closed","template":"","meta":[],"product_brand":[],"product_cat":[33],"product_tag":[],"class_list":{"0":"post-16454","1":"product","2":"type-product","3":"status-publish","4":"has-post-thumbnail","6":"product_cat-okategoriserad","8":"first","9":"instock","10":"shipping-taxable","11":"purchasable","12":"product-type-simple"},"_links":{"self":[{"href":"https:\/\/nordicmart.andreevmaster.com\/sv\/wp-json\/wp\/v2\/product\/16454","targetHints":{"allow":["GET"]}}],"collection":[{"href":"https:\/\/nordicmart.andreevmaster.com\/sv\/wp-json\/wp\/v2\/product"}],"about":[{"href":"https:\/\/nordicmart.andreevmaster.com\/sv\/wp-json\/wp\/v2\/types\/product"}],"replies":[{"embeddable":true,"href":"https:\/\/nordicmart.andreevmaster.com\/sv\/wp-json\/wp\/v2\/comments?post=16454"}],"wp:featuredmedia":[{"embeddable":true,"href":"https:\/\/nordicmart.andreevmaster.com\/sv\/wp-json\/wp\/v2\/media\/44154"}],"wp:attachment":[{"href":"https:\/\/nordicmart.andreevmaster.com\/sv\/wp-json\/wp\/v2\/media?parent=16454"}],"wp:term":[{"taxonomy":"product_brand","embeddable":true,"href":"https:\/\/nordicmart.andreevmaster.com\/sv\/wp-json\/wp\/v2\/product_brand?post=16454"},{"taxonomy":"product_cat","embeddable":true,"href":"https:\/\/nordicmart.andreevmaster.com\/sv\/wp-json\/wp\/v2\/product_cat?post=16454"},{"taxonomy":"product_tag","embeddable":true,"href":"https:\/\/nordicmart.andreevmaster.com\/sv\/wp-json\/wp\/v2\/product_tag?post=16454"}],"curies":[{"name":"wp","href":"https:\/\/api.w.org\/{rel}","templated":true}]}}