{"id":16452,"date":"2026-02-27T00:30:37","date_gmt":"2026-02-27T00:30:37","guid":{"rendered":"https:\/\/nordicmart.andreevmaster.com\/product\/vasagle-tv-skap-120-cm-langt-med-2-lador-och-2-oppna-fack\/"},"modified":"2026-02-27T08:21:05","modified_gmt":"2026-02-27T08:21:05","slug":"vasagle-tv-skap-120-cm-langt-med-2-lador-och-2-oppna-fack","status":"publish","type":"product","link":"https:\/\/nordicmart.andreevmaster.com\/sv\/produkt\/vasagle-tv-skap-120-cm-langt-med-2-lador-och-2-oppna-fack\/","title":{"rendered":"VASAGLE TV-sk\u00e5p 120 cm l\u00e5ngt med 2 l\u00e5dor och 2 \u00f6ppna fack"},"content":{"rendered":"<p>VASAGLE TV-sk\u00e5p, TV-bord, lowboard f\u00f6r TV-apparater upp till 55 tum, med 2 l\u00e5dor, 2 \u00f6ppna fack, 120 x 40 x 50 cm, f\u00f6r vardagsrum, st\u00e5lstativ, vintagebrun-svart LTV300B01<br \/>\nF\u00e4rg: Ekbrun-svart<br \/>\nMaterial: Sp\u00e5nskiva, st\u00e5l<br \/>\nStorlek: 40 x 120 x 50 cm (D x B x H)<br \/>\nVikt: 25,6 kg<br \/>\nMax. statisk belastningskapacitet f\u00f6r bordsskivan: 40 kg<br \/>\nMax. statisk belastningskapacitet totalt: 91 kg<\/p>\n","protected":false},"excerpt":{"rendered":"<p>VASAGLE TV-sk\u00e5p, TV-bord, lowboard f\u00f6r TV-apparater upp till 55 tum, med 2 l\u00e5dor, 2 \u00f6ppna fack, 120 x 40 x 50 cm, f\u00f6r vardagsrum, st\u00e5lstativ, vintagebrun-svart LTV300B01<\/p>\n","protected":false},"featured_media":44152,"comment_status":"open","ping_status":"closed","template":"","meta":[],"product_brand":[],"product_cat":[33],"product_tag":[],"class_list":{"0":"post-16452","1":"product","2":"type-product","3":"status-publish","4":"has-post-thumbnail","6":"product_cat-okategoriserad","8":"first","9":"instock","10":"shipping-taxable","11":"purchasable","12":"product-type-simple"},"_links":{"self":[{"href":"https:\/\/nordicmart.andreevmaster.com\/sv\/wp-json\/wp\/v2\/product\/16452","targetHints":{"allow":["GET"]}}],"collection":[{"href":"https:\/\/nordicmart.andreevmaster.com\/sv\/wp-json\/wp\/v2\/product"}],"about":[{"href":"https:\/\/nordicmart.andreevmaster.com\/sv\/wp-json\/wp\/v2\/types\/product"}],"replies":[{"embeddable":true,"href":"https:\/\/nordicmart.andreevmaster.com\/sv\/wp-json\/wp\/v2\/comments?post=16452"}],"wp:featuredmedia":[{"embeddable":true,"href":"https:\/\/nordicmart.andreevmaster.com\/sv\/wp-json\/wp\/v2\/media\/44152"}],"wp:attachment":[{"href":"https:\/\/nordicmart.andreevmaster.com\/sv\/wp-json\/wp\/v2\/media?parent=16452"}],"wp:term":[{"taxonomy":"product_brand","embeddable":true,"href":"https:\/\/nordicmart.andreevmaster.com\/sv\/wp-json\/wp\/v2\/product_brand?post=16452"},{"taxonomy":"product_cat","embeddable":true,"href":"https:\/\/nordicmart.andreevmaster.com\/sv\/wp-json\/wp\/v2\/product_cat?post=16452"},{"taxonomy":"product_tag","embeddable":true,"href":"https:\/\/nordicmart.andreevmaster.com\/sv\/wp-json\/wp\/v2\/product_tag?post=16452"}],"curies":[{"name":"wp","href":"https:\/\/api.w.org\/{rel}","templated":true}]}}