{"id":16450,"date":"2026-02-27T00:30:36","date_gmt":"2026-02-27T00:30:36","guid":{"rendered":"https:\/\/nordicmart.andreevmaster.com\/product\/vasagle-tv-bord-120-x-40-x-50-cm\/"},"modified":"2026-02-27T08:21:04","modified_gmt":"2026-02-27T08:21:04","slug":"vasagle-tv-bord-120-x-40-x-50-cm","status":"publish","type":"product","link":"https:\/\/nordicmart.andreevmaster.com\/sv\/produkt\/vasagle-tv-bord-120-x-40-x-50-cm\/","title":{"rendered":"VASAGLE TV-bord 120 x 40 x 50 cm"},"content":{"rendered":"<p>Produktdetaljer: F\u00e4rg: Vintagebrun-svart Material: Sp\u00e5nskiva, st\u00e5l Storlek: 120 x 40 x 50 cm (L x B x H) Vikt: 30,4 kg Max. statisk belastningskapacitet f\u00f6r ytan: 40 kg Max. statisk belastningskapacitet totalt: 75 kg Leveransomfattning: 1 x TV-bord 1 x tillbeh\u00f6rspaket 1 x instruktioner VASAGLE Anm\u00e4rkningar:Av s\u00e4kerhetssk\u00e4l \u00e4r det f\u00f6rbjudet f\u00f6r barn att kl\u00e4ttra p\u00e5 eller leka med produkten.<\/p>\n","protected":false},"excerpt":{"rendered":"<p>VASAGLE TV-sk\u00e5p, TV-bord, lowboard f\u00f6r TV-apparater upp till 55 tum, med 2 l\u00e5dor, 2 \u00f6ppna fack, 120 x 40 x 50 cm, f\u00f6r vardagsrum, st\u00e5lstativ, vintagebrun-svart LTV300B01<\/p>\n","protected":false},"featured_media":44151,"comment_status":"open","ping_status":"closed","template":"","meta":[],"product_brand":[],"product_cat":[33],"product_tag":[],"class_list":{"0":"post-16450","1":"product","2":"type-product","3":"status-publish","4":"has-post-thumbnail","6":"product_cat-okategoriserad","8":"first","9":"instock","10":"shipping-taxable","11":"purchasable","12":"product-type-simple"},"_links":{"self":[{"href":"https:\/\/nordicmart.andreevmaster.com\/sv\/wp-json\/wp\/v2\/product\/16450","targetHints":{"allow":["GET"]}}],"collection":[{"href":"https:\/\/nordicmart.andreevmaster.com\/sv\/wp-json\/wp\/v2\/product"}],"about":[{"href":"https:\/\/nordicmart.andreevmaster.com\/sv\/wp-json\/wp\/v2\/types\/product"}],"replies":[{"embeddable":true,"href":"https:\/\/nordicmart.andreevmaster.com\/sv\/wp-json\/wp\/v2\/comments?post=16450"}],"wp:featuredmedia":[{"embeddable":true,"href":"https:\/\/nordicmart.andreevmaster.com\/sv\/wp-json\/wp\/v2\/media\/44151"}],"wp:attachment":[{"href":"https:\/\/nordicmart.andreevmaster.com\/sv\/wp-json\/wp\/v2\/media?parent=16450"}],"wp:term":[{"taxonomy":"product_brand","embeddable":true,"href":"https:\/\/nordicmart.andreevmaster.com\/sv\/wp-json\/wp\/v2\/product_brand?post=16450"},{"taxonomy":"product_cat","embeddable":true,"href":"https:\/\/nordicmart.andreevmaster.com\/sv\/wp-json\/wp\/v2\/product_cat?post=16450"},{"taxonomy":"product_tag","embeddable":true,"href":"https:\/\/nordicmart.andreevmaster.com\/sv\/wp-json\/wp\/v2\/product_tag?post=16450"}],"curies":[{"name":"wp","href":"https:\/\/api.w.org\/{rel}","templated":true}]}}