{"id":16449,"date":"2026-02-27T00:30:36","date_gmt":"2026-02-27T00:30:36","guid":{"rendered":"https:\/\/nordicmart.andreevmaster.com\/product\/vasagle-tv-bank-modern-traimitation-gra\/"},"modified":"2026-02-27T08:21:04","modified_gmt":"2026-02-27T08:21:04","slug":"vasagle-tv-bank-modern-traimitation-gra","status":"publish","type":"product","link":"https:\/\/nordicmart.andreevmaster.com\/sv\/produkt\/vasagle-tv-bank-modern-traimitation-gra\/","title":{"rendered":"VASAGLE TV-b\u00e4nk Modern tr\u00e4imitation-gr\u00e5"},"content":{"rendered":"<p>F\u00f6rutom vardagliga och framf\u00f6r allt praktiska skapelser kommer VASAGLE:s designers ocks\u00e5 ibland p\u00e5 m\u00f6bler av ett speciellt slag, som till exempel utm\u00e4rker sig genom sin unika form eller kreativa f\u00e4rgkombinationer. Denna moderna TV-b\u00e4nk i skandinavisk stil kommer att imponera p\u00e5 dig med sina h\u00f6gkvalitativa material och unika design. TV med stil Bjud in dina v\u00e4nner p\u00e5 s\u00f6ndagseftermiddagen och titta p\u00e5 er favorit serie tillsammans. Med sina varma f\u00e4rger och geometriska linjer \u00e4r detta TV-bord det perfekta tillbeh\u00f6ret f\u00f6r att koppla av i en inbjudande milj\u00f6.Allt under kontroll Tack vare den stora bordsskivan kan du placera antingen en stor TV eller en mindre enhet samt ljus och fotoramar p\u00e5 lowboarden. 2 sm\u00e5 sk\u00e5p, en l\u00e5da och en \u00f6ppen hylla ser till att omr\u00e5det runt din TV alltid ser snyggt ut. Produktdetaljer:- F\u00e4rg: tr\u00e4imitation-gr\u00e5 &#8211; Material: sp\u00e5nskiva, ben i massivt tr\u00e4 &#8211; Storlek: 110 x 40 x 45 cm (L x B x H) &#8211; Vikt: 20,5 kg &#8211; Max. statisk belastningsf\u00f6rm\u00e5ga: 30 kg Leveransomfattning:- 1 x TV-bord &#8211; 1 x tillbeh\u00f6rsp\u00e5se med monteringsverktyg &#8211; 1 x bruksanvisning (DE, EN, ES, FR, IT) VASAGLE Anvisningar: &#8211; Barn f\u00e5r varken kl\u00e4ttra p\u00e5 eller leka med produkten. H\u00e5ll dessutom barn borta fr\u00e5n bordets vassa h\u00f6rn. &#8211; Montera produkten enligt anvisningarna. &#8211; Produkten f\u00e5r inte komma i kontakt med vatten. &#8211; H\u00e5ll vassa eller skarpa f\u00f6rem\u00e5l borta fr\u00e5n produkten f\u00f6r att undvika skador p\u00e5 ytan.<\/p>\n","protected":false},"excerpt":{"rendered":"<p>VASAGLE Modern TV-b\u00e4nk, TV-lowboard med l\u00e5da, 2 sk\u00e5p och \u00f6ppen hylla, TV-sk\u00e5p med ben i massivt tr\u00e4, f\u00f6r vardagsrummet, 110 x 40 x 45 cm, tr\u00e4imitation gr\u00e5 LTV29NG<\/p>\n","protected":false},"featured_media":44150,"comment_status":"open","ping_status":"closed","template":"","meta":[],"product_brand":[],"product_cat":[33],"product_tag":[],"class_list":{"0":"post-16449","1":"product","2":"type-product","3":"status-publish","4":"has-post-thumbnail","6":"product_cat-okategoriserad","8":"first","9":"instock","10":"shipping-taxable","11":"purchasable","12":"product-type-simple"},"_links":{"self":[{"href":"https:\/\/nordicmart.andreevmaster.com\/sv\/wp-json\/wp\/v2\/product\/16449","targetHints":{"allow":["GET"]}}],"collection":[{"href":"https:\/\/nordicmart.andreevmaster.com\/sv\/wp-json\/wp\/v2\/product"}],"about":[{"href":"https:\/\/nordicmart.andreevmaster.com\/sv\/wp-json\/wp\/v2\/types\/product"}],"replies":[{"embeddable":true,"href":"https:\/\/nordicmart.andreevmaster.com\/sv\/wp-json\/wp\/v2\/comments?post=16449"}],"wp:featuredmedia":[{"embeddable":true,"href":"https:\/\/nordicmart.andreevmaster.com\/sv\/wp-json\/wp\/v2\/media\/44150"}],"wp:attachment":[{"href":"https:\/\/nordicmart.andreevmaster.com\/sv\/wp-json\/wp\/v2\/media?parent=16449"}],"wp:term":[{"taxonomy":"product_brand","embeddable":true,"href":"https:\/\/nordicmart.andreevmaster.com\/sv\/wp-json\/wp\/v2\/product_brand?post=16449"},{"taxonomy":"product_cat","embeddable":true,"href":"https:\/\/nordicmart.andreevmaster.com\/sv\/wp-json\/wp\/v2\/product_cat?post=16449"},{"taxonomy":"product_tag","embeddable":true,"href":"https:\/\/nordicmart.andreevmaster.com\/sv\/wp-json\/wp\/v2\/product_tag?post=16449"}],"curies":[{"name":"wp","href":"https:\/\/api.w.org\/{rel}","templated":true}]}}