{"id":16448,"date":"2026-02-27T00:30:36","date_gmt":"2026-02-27T00:30:36","guid":{"rendered":"https:\/\/nordicmart.andreevmaster.com\/product\/vasagle-tv-skap-med-led-belysning\/"},"modified":"2026-02-27T08:21:04","modified_gmt":"2026-02-27T08:21:04","slug":"vasagle-tv-skap-med-led-belysning","status":"publish","type":"product","link":"https:\/\/nordicmart.andreevmaster.com\/sv\/produkt\/vasagle-tv-skap-med-led-belysning\/","title":{"rendered":"VASAGLE TV-sk\u00e5p med LED-belysning"},"content":{"rendered":"<p>TV-h\u00f6rna 2.0 Medan vi alla v\u00e4ntar p\u00e5 5G och prisv\u00e4rda elbilar har TV-apparaterna redan kommit in i det nya \u00e5rtusendet. Naturligtvis m\u00e5ste v\u00e5ra TV-m\u00f6bler h\u00e4nga med: Denna lowboard har en modern vit h\u00f6gblank yta. Glasytorna och ljusremsorna med USB-anslutning ger ocks\u00e5 en modern touch och katapulterar din TV-h\u00f6rna in i framtiden. TV-sk\u00e5pets h\u00f6jdpunkter i korthet: &#8211; 140 x 35 cm stor yta f\u00f6r TV-apparater upp till 60 tum &#8211; Glansigt vitt; s\u00e4rskilt l\u00e4mpligt f\u00f6r modernt inredda vardagsrum &#8211; 2 ljusremsor med USB-anslutning som kan anslutas till din TV eller andra str\u00f6mk\u00e4llor. Remsorna lyser i olika f\u00e4rger och kan kortas vid behov. &#8211; \u00d6ppna fack, ett stort fack med lucka med mjukst\u00e4ngning och 2 glashyllor &#8211; H\u00f6jdjusterbara f\u00f6tter i mitten &#8211; Filtskydd p\u00e5 sidorna; skyddar golvet mot repor Produktdetaljer: &#8211; F\u00e4rg: Gl\u00e4nsande vit &#8211; Material: Sp\u00e5nskiva, h\u00e4rdat glas &#8211; Storlek: 140 x 35 x 45 cm (L x B x H) &#8211; Vikt: 21,4 kg &#8211; Max. statisk belastningskapacitet: 30 kg Leveransomfattning: &#8211; 1 x TV-sk\u00e5p &#8211; 1 x beh\u00e5llare med tillbeh\u00f6r &#8211; 1 x bruksanvisning (DE, EN, FR, ES, IT)  VASAGLE Anm\u00e4rkningar: &#8211; Barn f\u00e5r inte kl\u00e4ttra p\u00e5 produkten. Se ocks\u00e5 till att dina barn inte st\u00f6ter sig p\u00e5 de vassa h\u00f6rnen p\u00e5 sk\u00e5pet. Risk f\u00f6r skador! &#8211; Av s\u00e4kerhetssk\u00e4l b\u00f6r barn h\u00e5llas borta fr\u00e5n ljusremsorna. &#8211; Se till att glasplattorna p\u00e5 produkten sitter fast innan du flyttar den. Lyft alltid produkten n\u00e4r du flyttar den. Dra den inte \u00f6ver golvet. &#8211; Produkten \u00e4r endast avsedd f\u00f6r inomhusbruk. Skydda den fr\u00e5n fukt.<\/p>\n","protected":false},"excerpt":{"rendered":"<p>VASAGLE TV-bord f\u00f6r TV-apparater upp till 60 tum, stort TV-sk\u00e5p, TV-sk\u00e5p, TV-hylla med LED-belysning, lowboard, vardagsrum, 140 x 35 x 45 cm, modernt, gl\u00e4nsande, vitt LTV14WT<\/p>\n","protected":false},"featured_media":44149,"comment_status":"open","ping_status":"closed","template":"","meta":[],"product_brand":[],"product_cat":[33],"product_tag":[],"class_list":{"0":"post-16448","1":"product","2":"type-product","3":"status-publish","4":"has-post-thumbnail","6":"product_cat-okategoriserad","8":"first","9":"instock","10":"shipping-taxable","11":"purchasable","12":"product-type-simple"},"_links":{"self":[{"href":"https:\/\/nordicmart.andreevmaster.com\/sv\/wp-json\/wp\/v2\/product\/16448","targetHints":{"allow":["GET"]}}],"collection":[{"href":"https:\/\/nordicmart.andreevmaster.com\/sv\/wp-json\/wp\/v2\/product"}],"about":[{"href":"https:\/\/nordicmart.andreevmaster.com\/sv\/wp-json\/wp\/v2\/types\/product"}],"replies":[{"embeddable":true,"href":"https:\/\/nordicmart.andreevmaster.com\/sv\/wp-json\/wp\/v2\/comments?post=16448"}],"wp:featuredmedia":[{"embeddable":true,"href":"https:\/\/nordicmart.andreevmaster.com\/sv\/wp-json\/wp\/v2\/media\/44149"}],"wp:attachment":[{"href":"https:\/\/nordicmart.andreevmaster.com\/sv\/wp-json\/wp\/v2\/media?parent=16448"}],"wp:term":[{"taxonomy":"product_brand","embeddable":true,"href":"https:\/\/nordicmart.andreevmaster.com\/sv\/wp-json\/wp\/v2\/product_brand?post=16448"},{"taxonomy":"product_cat","embeddable":true,"href":"https:\/\/nordicmart.andreevmaster.com\/sv\/wp-json\/wp\/v2\/product_cat?post=16448"},{"taxonomy":"product_tag","embeddable":true,"href":"https:\/\/nordicmart.andreevmaster.com\/sv\/wp-json\/wp\/v2\/product_tag?post=16448"}],"curies":[{"name":"wp","href":"https:\/\/api.w.org\/{rel}","templated":true}]}}