{"id":16446,"date":"2026-02-27T00:30:35","date_gmt":"2026-02-27T00:30:35","guid":{"rendered":"https:\/\/nordicmart.andreevmaster.com\/product\/vasagle-tv-lowboard-for-vaggmontering-178-x-35-x-30-cm-ebenholts\/"},"modified":"2026-02-27T08:21:04","modified_gmt":"2026-02-27T08:21:04","slug":"vasagle-tv-lowboard-for-vaggmontering-178-x-35-x-30-cm-ebenholts","status":"publish","type":"product","link":"https:\/\/nordicmart.andreevmaster.com\/sv\/produkt\/vasagle-tv-lowboard-for-vaggmontering-178-x-35-x-30-cm-ebenholts\/","title":{"rendered":"VASAGLE TV-lowboard f\u00f6r v\u00e4ggmontering 178 x 35 x 30 cm ebenholts"},"content":{"rendered":"<p>VASAGLE TV-lowboard, TV-bord f\u00f6r upph\u00e4ngning, h\u00e4ngande sk\u00e5p, f\u00f6r olika TV-apparater, TV-bord, f\u00f6r vardagsrum, modernt, 147 x 35 x 30 cm, ebenholts svart LTV133B02<br \/>\nF\u00e4rg: ebenholts<br \/>\nMaterial: MDF (medeldensitetsfiberplatta), sp\u00e5nskiva, st\u00e5l, h\u00e4rdat glas<br \/>\nStorlek: 178 x 35 x 30 cm (L x B x H)<br \/>\nVikt: 27 kg<br \/>\nMax. statisk belastningskapacitet f\u00f6r t\u00e4ckplattorna totalt: 30 kg<br \/>\nMax. statisk belastningskapacitet per fack: 15 kg<\/p>\n","protected":false},"excerpt":{"rendered":"<p>VASAGLE TV-lowboard, TV-bord f\u00f6r upph\u00e4ngning, h\u00e4ngande sk\u00e5p, f\u00f6r olika TV-apparater, TV-bord, f\u00f6r vardagsrum, modernt, 147 x 35 x 30 cm, ebenholts svart LTV133B02<\/p>\n","protected":false},"featured_media":44147,"comment_status":"open","ping_status":"closed","template":"","meta":[],"product_brand":[],"product_cat":[33],"product_tag":[],"class_list":{"0":"post-16446","1":"product","2":"type-product","3":"status-publish","4":"has-post-thumbnail","6":"product_cat-okategoriserad","8":"first","9":"instock","10":"shipping-taxable","11":"purchasable","12":"product-type-simple"},"_links":{"self":[{"href":"https:\/\/nordicmart.andreevmaster.com\/sv\/wp-json\/wp\/v2\/product\/16446","targetHints":{"allow":["GET"]}}],"collection":[{"href":"https:\/\/nordicmart.andreevmaster.com\/sv\/wp-json\/wp\/v2\/product"}],"about":[{"href":"https:\/\/nordicmart.andreevmaster.com\/sv\/wp-json\/wp\/v2\/types\/product"}],"replies":[{"embeddable":true,"href":"https:\/\/nordicmart.andreevmaster.com\/sv\/wp-json\/wp\/v2\/comments?post=16446"}],"wp:featuredmedia":[{"embeddable":true,"href":"https:\/\/nordicmart.andreevmaster.com\/sv\/wp-json\/wp\/v2\/media\/44147"}],"wp:attachment":[{"href":"https:\/\/nordicmart.andreevmaster.com\/sv\/wp-json\/wp\/v2\/media?parent=16446"}],"wp:term":[{"taxonomy":"product_brand","embeddable":true,"href":"https:\/\/nordicmart.andreevmaster.com\/sv\/wp-json\/wp\/v2\/product_brand?post=16446"},{"taxonomy":"product_cat","embeddable":true,"href":"https:\/\/nordicmart.andreevmaster.com\/sv\/wp-json\/wp\/v2\/product_cat?post=16446"},{"taxonomy":"product_tag","embeddable":true,"href":"https:\/\/nordicmart.andreevmaster.com\/sv\/wp-json\/wp\/v2\/product_tag?post=16446"}],"curies":[{"name":"wp","href":"https:\/\/api.w.org\/{rel}","templated":true}]}}