{"id":16443,"date":"2026-02-27T00:30:35","date_gmt":"2026-02-27T00:30:35","guid":{"rendered":"https:\/\/nordicmart.andreevmaster.com\/product\/vasagle-l-format-tv-skap-med-justerbar-langd-molnvit-naturbeige\/"},"modified":"2026-02-27T08:21:03","modified_gmt":"2026-02-27T08:21:03","slug":"vasagle-l-format-tv-skap-med-justerbar-langd-molnvit-naturbeige","status":"publish","type":"product","link":"https:\/\/nordicmart.andreevmaster.com\/sv\/produkt\/vasagle-l-format-tv-skap-med-justerbar-langd-molnvit-naturbeige\/","title":{"rendered":"VASAGLE L-format TV-sk\u00e5p med justerbar l\u00e4ngd molnvit-naturbeige"},"content":{"rendered":"<p>VASAGLE TV-lowboard, justerbar l\u00e4ngd 162-270 cm, TV-sk\u00e5p i L-form, 2 l\u00e5dor, 3 \u00f6ppna fack, LED-belysning, grenuttag, vardagsrum, molnvit-naturbeige LTV126W02<br \/>\nF\u00e4rg: Molnvit-naturbeige<br \/>\nMaterial: MDF (medeldensitetsfiberplatta), sp\u00e5nskiva<br \/>\nStorlek: (162\u2013270) x 39 x 41 cm (L x B x H)<br \/>\nVikt: 42,5 kg<br \/>\nMax. statisk belastningskapacitet f\u00f6r den vita TV-bordets bordsskiva: 60 kg<br \/>\nMax. statisk belastningskapacitet f\u00f6r den justerbara bordsskivans toppskiva i naturbeige: 45 kg<br \/>\nMax. statisk belastningskapacitet totalt: 130 kg<\/p>\n","protected":false},"excerpt":{"rendered":"<p>VASAGLE TV-lowboard, justerbar l\u00e4ngd 162-270 cm, TV-sk\u00e5p i L-form, 2 l\u00e5dor, 3 \u00f6ppna fack, LED-belysning, grenuttag, vardagsrum, molnvit-naturbeige LTV126W02<\/p>\n","protected":false},"featured_media":44144,"comment_status":"open","ping_status":"closed","template":"","meta":[],"product_brand":[],"product_cat":[33],"product_tag":[],"class_list":{"0":"post-16443","1":"product","2":"type-product","3":"status-publish","4":"has-post-thumbnail","6":"product_cat-okategoriserad","8":"first","9":"instock","10":"shipping-taxable","11":"purchasable","12":"product-type-simple"},"_links":{"self":[{"href":"https:\/\/nordicmart.andreevmaster.com\/sv\/wp-json\/wp\/v2\/product\/16443","targetHints":{"allow":["GET"]}}],"collection":[{"href":"https:\/\/nordicmart.andreevmaster.com\/sv\/wp-json\/wp\/v2\/product"}],"about":[{"href":"https:\/\/nordicmart.andreevmaster.com\/sv\/wp-json\/wp\/v2\/types\/product"}],"replies":[{"embeddable":true,"href":"https:\/\/nordicmart.andreevmaster.com\/sv\/wp-json\/wp\/v2\/comments?post=16443"}],"wp:featuredmedia":[{"embeddable":true,"href":"https:\/\/nordicmart.andreevmaster.com\/sv\/wp-json\/wp\/v2\/media\/44144"}],"wp:attachment":[{"href":"https:\/\/nordicmart.andreevmaster.com\/sv\/wp-json\/wp\/v2\/media?parent=16443"}],"wp:term":[{"taxonomy":"product_brand","embeddable":true,"href":"https:\/\/nordicmart.andreevmaster.com\/sv\/wp-json\/wp\/v2\/product_brand?post=16443"},{"taxonomy":"product_cat","embeddable":true,"href":"https:\/\/nordicmart.andreevmaster.com\/sv\/wp-json\/wp\/v2\/product_cat?post=16443"},{"taxonomy":"product_tag","embeddable":true,"href":"https:\/\/nordicmart.andreevmaster.com\/sv\/wp-json\/wp\/v2\/product_tag?post=16443"}],"curies":[{"name":"wp","href":"https:\/\/api.w.org\/{rel}","templated":true}]}}