{"id":16440,"date":"2026-02-27T00:30:34","date_gmt":"2026-02-27T00:30:34","guid":{"rendered":"https:\/\/nordicmart.andreevmaster.com\/product\/vasagle-tv-skap-120-cm-langt-naturfargat-ek-kramvitt\/"},"modified":"2026-02-27T08:21:02","modified_gmt":"2026-02-27T08:21:02","slug":"vasagle-tv-skap-120-cm-langt-naturfargat-ek-kramvitt","status":"publish","type":"product","link":"https:\/\/nordicmart.andreevmaster.com\/sv\/produkt\/vasagle-tv-skap-120-cm-langt-naturfargat-ek-kramvitt\/","title":{"rendered":"VASAGLE TV-sk\u00e5p 120 cm l\u00e5ngt naturf\u00e4rgat ek-kr\u00e4mvitt"},"content":{"rendered":"<p>VASAGLE TV-sk\u00e5p, lowboard, TV-sk\u00e5p f\u00f6r TV-apparater upp till 55 tum, 120 cm l\u00e5ngt, TV-bord, f\u00f6r vardagsrum, industriell design, vitt LTV120T46<br \/>\nF\u00e4rg: Naturlig ekf\u00e4rg-kr\u00e4mvit<br \/>\nMaterial: Sp\u00e5nskiva, gummitr\u00e4<br \/>\nStorlek: 120 x 40 x 49 cm (L x B x H)<br \/>\nVikt: 19,7 kg<br \/>\nMax. statisk belastningskapacitet f\u00f6r ytan: 55 kg<br \/>\nMax. statisk belastningskapacitet per hylla: 15 kg<\/p>\n","protected":false},"excerpt":{"rendered":"<p>VASAGLE TV-sk\u00e5p, lowboard, TV-sk\u00e5p f\u00f6r TV-apparater upp till 55 tum, 120 cm l\u00e5ngt, TV-bord, f\u00f6r vardagsrum, industriell design, vitt LTV120T46<\/p>\n","protected":false},"featured_media":44141,"comment_status":"open","ping_status":"closed","template":"","meta":[],"product_brand":[],"product_cat":[33],"product_tag":[],"class_list":{"0":"post-16440","1":"product","2":"type-product","3":"status-publish","4":"has-post-thumbnail","6":"product_cat-okategoriserad","8":"first","9":"instock","10":"shipping-taxable","11":"purchasable","12":"product-type-simple"},"_links":{"self":[{"href":"https:\/\/nordicmart.andreevmaster.com\/sv\/wp-json\/wp\/v2\/product\/16440","targetHints":{"allow":["GET"]}}],"collection":[{"href":"https:\/\/nordicmart.andreevmaster.com\/sv\/wp-json\/wp\/v2\/product"}],"about":[{"href":"https:\/\/nordicmart.andreevmaster.com\/sv\/wp-json\/wp\/v2\/types\/product"}],"replies":[{"embeddable":true,"href":"https:\/\/nordicmart.andreevmaster.com\/sv\/wp-json\/wp\/v2\/comments?post=16440"}],"wp:featuredmedia":[{"embeddable":true,"href":"https:\/\/nordicmart.andreevmaster.com\/sv\/wp-json\/wp\/v2\/media\/44141"}],"wp:attachment":[{"href":"https:\/\/nordicmart.andreevmaster.com\/sv\/wp-json\/wp\/v2\/media?parent=16440"}],"wp:term":[{"taxonomy":"product_brand","embeddable":true,"href":"https:\/\/nordicmart.andreevmaster.com\/sv\/wp-json\/wp\/v2\/product_brand?post=16440"},{"taxonomy":"product_cat","embeddable":true,"href":"https:\/\/nordicmart.andreevmaster.com\/sv\/wp-json\/wp\/v2\/product_cat?post=16440"},{"taxonomy":"product_tag","embeddable":true,"href":"https:\/\/nordicmart.andreevmaster.com\/sv\/wp-json\/wp\/v2\/product_tag?post=16440"}],"curies":[{"name":"wp","href":"https:\/\/api.w.org\/{rel}","templated":true}]}}