{"id":16435,"date":"2026-02-27T00:30:32","date_gmt":"2026-02-27T00:30:32","guid":{"rendered":"https:\/\/nordicmart.andreevmaster.com\/product\/vasagle-tv-bank-skandinavisk-vit\/"},"modified":"2026-02-27T08:21:02","modified_gmt":"2026-02-27T08:21:02","slug":"vasagle-tv-bank-skandinavisk-vit","status":"publish","type":"product","link":"https:\/\/nordicmart.andreevmaster.com\/sv\/produkt\/vasagle-tv-bank-skandinavisk-vit\/","title":{"rendered":"VASAGLE TV-b\u00e4nk Skandinavisk vit"},"content":{"rendered":"<p>M\u00f6bler i skandinavisk stil Det finns en anledning till att m\u00f6bler i skandinavisk stil \u00e4r s\u00e5 popul\u00e4ra: de ser alltid bra ut, oavsett var de st\u00e5r.Denna lowboard passar till m\u00e5nga inredningsstilar och g\u00f6r sig utm\u00e4rkt i ditt vardagsrum, sovrum eller kontor. 2 hyllplan, en sk\u00e5pd\u00f6rr som \u00f6ppnas med ett l\u00e4tt tryck och d\u00f6ljer \u00e4nnu mer f\u00f6rvaringsutrymme, samt en stor bordsskiva \u2013 denna TV-hylla erbjuder gott om plats f\u00f6r din TV, spelkonsoler, kabelboxar och mycket annat.Bepr\u00f6vad VASAGLE-kvalitet Detta TV-sk\u00e5p \u00e4r tillverkat av sp\u00e5nskivor och t\u00e5l en belastning p\u00e5 upp till 50 kg. De sneda benen \u00e4r tillverkade av gummitr\u00e4, vilket g\u00f6r dem extra stabila. De f\u00e4sts p\u00e5 TV-hyllans stomme med hj\u00e4lp av robusta skruvar och tr\u00e4pluggar, s\u00e5 att de alltid sitter p\u00e5 plats och ger utm\u00e4rkt st\u00f6d.Om du gillar detta TV-bord i skandinavisk stil b\u00f6r du ocks\u00e5 ta en titt p\u00e5 de andra matchande m\u00f6blerna fr\u00e5n VASAGLE! Produktdetaljer: &#8211; F\u00e4rg: Vit-naturf\u00e4rg &#8211; Material: Sp\u00e5nskiva, gummitr\u00e4 &#8211; Storlek: 110 x 40 x 49,5 cm (L x B x H) &#8211; Vikt: 17,4 kg &#8211; Max. statisk belastningskapacitet: 50 kg Leveransomfattning: &#8211; 1 x TV-bord &#8211; 1 x beh\u00e5llare med tillbeh\u00f6r &#8211; 1 x instruktioner (DE, EN, FR, ES, IT) VASAGLE Anvisningar: &#8211; H\u00e5ll barn borta fr\u00e5n bordets h\u00f6rn, eftersom det annars kan leda till skador. &#8211; Lyft bordet om du vill flytta det. Dra det inte \u00f6ver golvet. &#8211; Tryck inte f\u00f6r h\u00e5rt p\u00e5 sk\u00e5pd\u00f6rren, eftersom det kan leda till skador.<\/p>\n","protected":false},"excerpt":{"rendered":"<p>VASAGLE retro lowboard, TV-hylla, TV-bord, TV-sk\u00e5p i 50\/60-talsstil, retrom\u00f6bler f\u00f6r din plattsk\u00e4rm, spelkonsoler, vardagsrum, kontor, tr\u00e4look LTV09BX<\/p>\n","protected":false},"featured_media":44136,"comment_status":"open","ping_status":"closed","template":"","meta":[],"product_brand":[],"product_cat":[33],"product_tag":[],"class_list":{"0":"post-16435","1":"product","2":"type-product","3":"status-publish","4":"has-post-thumbnail","6":"product_cat-okategoriserad","8":"first","9":"instock","10":"shipping-taxable","11":"purchasable","12":"product-type-simple"},"_links":{"self":[{"href":"https:\/\/nordicmart.andreevmaster.com\/sv\/wp-json\/wp\/v2\/product\/16435","targetHints":{"allow":["GET"]}}],"collection":[{"href":"https:\/\/nordicmart.andreevmaster.com\/sv\/wp-json\/wp\/v2\/product"}],"about":[{"href":"https:\/\/nordicmart.andreevmaster.com\/sv\/wp-json\/wp\/v2\/types\/product"}],"replies":[{"embeddable":true,"href":"https:\/\/nordicmart.andreevmaster.com\/sv\/wp-json\/wp\/v2\/comments?post=16435"}],"wp:featuredmedia":[{"embeddable":true,"href":"https:\/\/nordicmart.andreevmaster.com\/sv\/wp-json\/wp\/v2\/media\/44136"}],"wp:attachment":[{"href":"https:\/\/nordicmart.andreevmaster.com\/sv\/wp-json\/wp\/v2\/media?parent=16435"}],"wp:term":[{"taxonomy":"product_brand","embeddable":true,"href":"https:\/\/nordicmart.andreevmaster.com\/sv\/wp-json\/wp\/v2\/product_brand?post=16435"},{"taxonomy":"product_cat","embeddable":true,"href":"https:\/\/nordicmart.andreevmaster.com\/sv\/wp-json\/wp\/v2\/product_cat?post=16435"},{"taxonomy":"product_tag","embeddable":true,"href":"https:\/\/nordicmart.andreevmaster.com\/sv\/wp-json\/wp\/v2\/product_tag?post=16435"}],"curies":[{"name":"wp","href":"https:\/\/api.w.org\/{rel}","templated":true}]}}